{"id":2033,"date":"2026-02-06T08:23:55","date_gmt":"2026-02-06T08:23:55","guid":{"rendered":"https:\/\/www.humbel-gears.com\/career\/"},"modified":"2026-03-30T13:31:09","modified_gmt":"2026-03-30T13:31:09","slug":"karriere","status":"publish","type":"page","link":"https:\/\/www.humbel-gears.com\/de\/karriere\/","title":{"rendered":"Karriere"},"content":{"rendered":"\n<div class=\"wp-block-humbel-blocks-hero-services hero-services\"><div class=\"hero-services-text\"><h1 class=\"hero-services-text-subheading\">Karriere<\/h1><h2 class=\"hero-services-text-heading\"><mark style=\"background-color:rgba(0, 0, 0, 0)\" class=\"has-inline-color has-blue-color\"><mark style=\"background-color:rgba(0, 0, 0, 0)\" class=\"has-inline-color has-blue-color\"><\/mark>Deine Karriere<\/mark>Bei HUMBEL<\/h2><div class=\"hero-services-text-list\">\n<ul class=\"wp-block-list\">\n<li><a href=\"#values\">Unsere Werte<\/a><\/li>\n\n\n\n<li><a href=\"#bring\">Das bringst du mit<\/a><\/li>\n\n\n\n<li><a href=\"#expectation\">Das kannst du erwarten<\/a><\/li>\n\n\n\n<li><a href=\"#training\">Berufsbildung<\/a><\/li>\n\n\n\n<li><a href=\"#vacancies\">Offene Stellen<\/a><\/li>\n\n\n\n<li><a href=\"#nothing-here\">Initiativbewerbung<\/a><\/li>\n<\/ul>\n<\/div><\/div><div class=\"hero-services-media\"><img decoding=\"async\" src=\"https:\/\/www.humbel-gears.com\/wp-content\/uploads\/2026\/02\/Nr.-24-5T9A8665-403_240703_085543.jpg\" alt=\"\" class=\"hero-services-media-image\"\/><\/div><\/div>\n\n\n\n\n\n<div class=\"wp-block-humbel-blocks-humbel-section alignfull\"><div class=\"wrap\">\n<p><strong>Werde ein Humbel und treib deine Karriere an<\/strong><\/p>\n\n\n\n<p>Bei der Humbel-Gruppe bieten wir Arbeitspl\u00e4tze mit spannenden Karrierem\u00f6glichkeiten f\u00fcr engagierte Menschen wie dich. Du bist ein Macher und Probleml\u00f6ser? Du willst in deinem Job etwas bewegen und bist motiviert, wenn du in spannenden Projekten mitarbeiten kannst? Dann werde ein Humbel und gestalte deine Zukunft mit uns. Hier findet jeder seinen Platz, ob Spezialist, Generalist oder Mechanikprofi. Mit \u00fcber 400 Mitarbeitenden sind wir zwar ein grosses Unternehmen, doch legen wir grossen Wert auf ein famili\u00e4res Umfeld. Jeder Einzelne ist wichtig, denn jeder setzt sich t\u00e4glich f\u00fcr h\u00f6chste Qualit\u00e4t und Pr\u00e4zision ein. Bei uns kannst du dich auf spannende Entwicklungsm\u00f6glichkeiten, Flexibilit\u00e4t und eine offene, pers\u00f6nliche Arbeitsatmosph\u00e4re in einem dynamischen und innovativen Umfeld freuen. Werde Teil unseres starken, famili\u00e4ren Teams! Wir freuen uns, von dir zu h\u00f6ren.<\/p>\n\n\n\n<div class=\"wp-block-buttons\">\n<div class=\"wp-block-button\"><a class=\"wp-block-button__link wp-element-button\" href=\"#vacancies\">Offene Stellen<\/a><\/div>\n<\/div>\n<\/div><\/div>\n\n\n\n<div class=\"wp-block-humbel-blocks-value-cards value-cards\" id=\"values\"><div class=\"value-cards-header\"><h2 class=\"value-cards-header-title\">Unsere Werte<\/h2><p class=\"value-cards-header-description\">Unsere Werte leiten unser Handeln und f\u00f6rdern eine Kultur des Vertrauens, die den Grundstein f\u00fcr lang anhaltenden Erfolg legt. Sie sind das Fundament unserer Entscheidungen und Interaktionen mit Kunden und unserem Team.<\/p><\/div><div class=\"value-cards-grid\">\n<div class=\"wp-block-humbel-blocks-value-card value-card\"><div class=\"value-card-image\"><img decoding=\"async\" src=\"https:\/\/www.humbel-gears.com\/wp-content\/uploads\/2026\/02\/Teamwork.png\" alt=\"\" class=\"value-card-image-img\"\/><\/div><div class=\"value-card-content\"><h3 class=\"value-card-content-title\">Teamwork<\/h3><p class=\"value-card-content-text\">Wir f\u00f6rdern eine Kultur der gegenseitigen Unterst\u00fctzung, gepr\u00e4gt von Offenheit und Respekt. Jedes Teammitglied leistet einen wesentlichen Beitrag zum gemeinsamen Erfolg unseres Unternehmens.<\/p><\/div><\/div>\n\n\n\n<div class=\"wp-block-humbel-blocks-value-card value-card\"><div class=\"value-card-image\"><img decoding=\"async\" src=\"https:\/\/www.humbel-gears.com\/wp-content\/uploads\/2026\/02\/Verantwortung.png\" alt=\"\" class=\"value-card-image-img\"\/><\/div><div class=\"value-card-content\"><h3 class=\"value-card-content-title\">Verantwortung<\/h3><p class=\"value-card-content-text\">Wir zeichnen uns durch eine verantwortungsbewusste Arbeitsweise aus. Wir sind uns unserer gemeinsamen Ziele bewusst und stehen zu unserem Wort.<\/p><\/div><\/div>\n\n\n\n<div class=\"wp-block-humbel-blocks-value-card value-card\"><div class=\"value-card-image\"><img decoding=\"async\" src=\"https:\/\/www.humbel-gears.com\/wp-content\/uploads\/2026\/02\/Excellence.png\" alt=\"\" class=\"value-card-image-img\"\/><\/div><div class=\"value-card-content\"><h3 class=\"value-card-content-title\">Excellence<\/h3><p class=\"value-card-content-text\">Wir gew\u00e4hrleisten Spitzenqualit\u00e4t und gehen bewusst mit Ressourcen um. Unsere Expertise und Innovationen bieten Kunden erheblichen Mehrwert. St\u00e4ndige Verbesserungen treiben uns voran.<\/p><\/div><\/div>\n\n\n\n<div class=\"wp-block-humbel-blocks-value-card value-card\"><div class=\"value-card-image\"><img decoding=\"async\" src=\"https:\/\/www.humbel-gears.com\/wp-content\/uploads\/2026\/02\/Positives_Mindeset.png\" alt=\"\" class=\"value-card-image-img\"\/><\/div><div class=\"value-card-content\"><h3 class=\"value-card-content-title\">Positives Mindset<\/h3><p class=\"value-card-content-text\">Unser Ansatz ist l\u00f6sungsorientiert, fokussiert auf effektive L\u00f6sungen statt Probleme. Wir bevorzugen Einfachheit in L\u00f6sungen und Kommunikation, bleiben dabei klar und direkt. Zudem bewahren wir stets unseren Sinn f\u00fcr Humor.<\/p><\/div><\/div>\n<\/div><\/div>\n\n\n\n<div class=\"wp-block-humbel-blocks-humbel-section alignfull\" id=\"bring\"><div class=\"wrap\">\n<h2 class=\"wp-block-heading\">Werde ein Humbel und treib deine Karriere an<\/h2>\n\n\n\n<figure class=\"wp-block-video\"><video height=\"1080\" style=\"aspect-ratio: 1920 \/ 1080;\" width=\"1920\" autoplay controls muted src=\"https:\/\/www.humbel-gears.com\/wp-content\/uploads\/2026\/03\/Humbel-I-Imagevideo-I-DE-I-FullHD-Kopie.mp4\" playsinline><\/video><\/figure>\n<\/div><\/div>\n\n\n\n<div class=\"wp-block-humbel-blocks-advantages-cards advantages-cards\" id=\"expectation\"><div class=\"advantages-cards-header\"><h2 class=\"advantages-cards-header-title\">Vorteile bei Humbel<\/h2><p class=\"advantages-cards-header-description\">Es erwartet dich ein engagiertes, teamorientiertes und dynamisches Arbeitsumfeld in einem Schweizer Familienunternehmen. Wir haben uns zum Ziel gesetzt, sichere, nachhaltige und qualitativ gute Arbeitspl\u00e4tze zu bieten. Bei Humbel hast du mindestens 5 Wochen Ferien und arbeitest im 40-Stunden-Schichtmodell oder im flexiblen Gleitzeitarbeitsmodell. Wir bieten dir einen modernen Maschinenpark und ergonomische Arbeitspl\u00e4tze. Weitere Vorteile findest du direkt im jeweiligen Stelleninserat.<\/p><\/div><div class=\"advantages-cards-grid\">\n<div class=\"wp-block-humbel-blocks-advantages-card advantages-card\"><div class=\"advantages-card-top\"><img decoding=\"async\" class=\"advantages-card-top-image\" src=\"https:\/\/www.humbel-gears.com\/wp-content\/uploads\/2026\/02\/Nr.-100-5T9A8229-333.jpg\" alt=\"\"\/><\/div><div class=\"advantages-card-bottom\"><h2 class=\"advantages-card-bottom-title\">Engagiertes Familienunternehmen<\/h2><p class=\"advantages-card-bottom-text\">Wir sind ein engagiertes Familienunternehmen in der 4. Generation und verbinden Tradition und Schweizer Werte mit modernen und fortschrittlichen Anstellungsbedingungen. Wir sind stolz auf unsere Best\u00e4ndigkeit, welche auf den S\u00e4ulen des famili\u00e4ren Miteinanders gr\u00fcndet.<\/p><\/div><\/div>\n\n\n\n<div class=\"wp-block-humbel-blocks-advantages-card advantages-card\"><div class=\"advantages-card-top\"><img decoding=\"async\" class=\"advantages-card-top-image\" src=\"https:\/\/www.humbel-gears.com\/wp-content\/uploads\/2026\/02\/Nr.-101-5T9A8331-350.jpg\" alt=\"\"\/><\/div><div class=\"advantages-card-bottom\"><h2 class=\"advantages-card-bottom-title\">Internationale Karrierechancen<\/h2><p class=\"advantages-card-bottom-text\">Unsere internationalen Standorte erlauben es uns, dir die M\u00f6glichkeit zu bieten, in unseren Tochterwerken Erfahrungen zu sammeln und dich auch ausserhalb der Schweiz beruflich weiterzuentwickeln.<\/p><\/div><\/div>\n\n\n\n<div class=\"wp-block-humbel-blocks-advantages-card advantages-card\"><div class=\"advantages-card-top\"><img decoding=\"async\" class=\"advantages-card-top-image\" src=\"https:\/\/www.humbel-gears.com\/wp-content\/uploads\/2026\/02\/Nr.24_B_Vorschlag_240703_090317.jpg\" alt=\"\"\/><\/div><div class=\"advantages-card-bottom\"><h2 class=\"advantages-card-bottom-title\">Weiterbildungsm\u00f6glichkeit<\/h2><p class=\"advantages-card-bottom-text\">Humbel unterst\u00fctzt und f\u00f6rdert dich in deiner fachlichen und pers\u00f6nlichen Weiterentwicklung. Wir beteiligen uns finanziell an Lehrg\u00e4ngen, erarbeiten mit dir deinen Karriereplan und bieten Arbeitspl\u00e4tze mit internen Weiterentwicklungsm\u00f6glichkeiten in den verschiedensten Bereichen.<\/p><\/div><\/div>\n<\/div><\/div>\n\n\n\n<div class=\"wp-block-humbel-blocks-humbel-section alignfull\" id=\"training\"><div class=\"wrap\">\n<div class=\"wp-block-humbel-blocks-service alignfull service-block-media-right\"><div class=\"service-block\"><div class=\"service-block-media\"><img decoding=\"async\" src=\"https:\/\/www.humbel-gears.com\/wp-content\/uploads\/2026\/02\/Nr.24_B_Vorschlag_240703_090317.jpg\" alt=\"\" class=\"service-block-media-image\"\/><\/div><div class=\"service-block-content\"><span class=\"service-block-subheading\">Berufsbildung<\/span><h2 class=\"service-block-heading\">Schnall dich an! Wir suchen die talentiertesten Nachwuchsk\u00f6pfe.<\/h2><p class=\"service-block-paragraph\">Die Ausbildung von zuk\u00fcnftigen Fachspezialisten wie Polymechaniker\/innen und Produktions-Mechaniker\/innen liegt uns am Herzen. Wir haben die M\u00f6glichkeit, jungen Menschen spannende Berufschancen zu bieten.<br><br>Schalte in den Pr\u00e4zisionsmodus und starte deine Karriere bei uns.<br><br>Erfahre, was dich bei uns erwartet und wie du dich bewerben kannst.<\/p>\n<div class=\"wp-block-buttons\">\n<div class=\"wp-block-button\"><a class=\"wp-block-button__link wp-element-button\" href=\"https:\/\/www.humbel-gears.com\/humbel-jobs\/lehre-bei-humbel\/\" target=\"_blank\" rel=\"noreferrer noopener\">Mehr dazu<\/a><\/div>\n<\/div>\n<\/div><\/div><\/div>\n<\/div><\/div>\n\n\n\n<div class=\"wp-block-humbel-blocks-humbel-section alignfull\"><div class=\"wrap\">\n<div class=\"wp-block-humbel-blocks-employee-testimonial employee-testimonial\"><div class=\"employee-testimonial-visual\"><img decoding=\"async\" src=\"https:\/\/www.humbel-gears.com\/wp-content\/uploads\/2026\/02\/Luca-final.jpeg\" alt=\"\" class=\"employee-testimonial-image\"\/><\/div><div class=\"employee-testimonial-content\"><blockquote class=\"employee-testimonial-quote\"><p class=\"employee-testimonial-quote-text\">&#8222;Ich habe die Polymechaniker-Lehre diesen Sommer abgeschlossen und vertieftes Wissen in allen Fertigungsprozessen von Schleifen bis Fr\u00e4sen sowie das Programmieren erlernt. Ich freue mich, bei Humbel ab Sommer 2024 weiterhin Berufserfahrung sammeln zu k\u00f6nnen. Starten werde ich in der Schleiferei. Humbel hat mir mit einem Karriereplan die Entwicklungsm\u00f6glichkeiten aufgezeigt und mir damit spannende Perspektiven geboten.&#8220;<\/p><\/blockquote><div class=\"employee-testimonial-citation\"><p class=\"employee-testimonial-name\">Luca &#8211; Polymechaniker<\/p><p class=\"employee-testimonial-role\"><\/p><\/div><\/div><\/div>\n<\/div><\/div>\n\n\n\n<div class=\"wp-block-humbel-blocks-humbel-section alignfull\"><div class=\"wrap\">\n<h2 class=\"wp-block-heading\">Lerne deine Kollegen kennen<\/h2>\n\n\n\n<div class=\"wp-block-humbel-blocks-departments dept-tabs\"><div class=\"dept-tabs-tabs-row\"><button class=\"dept-tabs-tab-button is-active\" data-tab-index=\"0\" type=\"button\">Fertigung<\/button><button class=\"dept-tabs-tab-button\" data-tab-index=\"1\" type=\"button\">Forschung &amp; Entwicklung<\/button><button class=\"dept-tabs-tab-button\" data-tab-index=\"2\" type=\"button\">Verkauf<\/button><button class=\"dept-tabs-tab-button\" data-tab-index=\"3\" type=\"button\">Logistik<\/button><\/div><div class=\"dept-tabs-panels\" rel=\"department-panels\"><div class=\"dept-tabs-panel is-active\" data-panel-index=\"0\"><div class=\"dept-tabs-content-inner\"><div class=\"dept-tabs-image-col\"><img decoding=\"async\" src=\"https:\/\/www.humbel-gears.com\/wp-content\/uploads\/2026\/02\/Thomas-Hoppe.jpg\" alt=\"\" class=\"dept-tabs-image\"\/><\/div><div class=\"dept-tabs-text-col\"><span class=\"dept-tabs-subtitle\">Fertigung<\/span><h3 class=\"dept-tabs-name\">Thomas Hoppe, CNC-Fr\u00e4ser und Stv. des Abteilungsleiters bei Humbel Schweiz<\/h3><p class=\"dept-tabs-quote\">Ich arbeite gerne bei Humbel, weil ich meine Erfahrungen einbringen kann und dies auch aktiv erw\u00fcnscht ist. Ich habe bei Humbel ein neues Level in meiner Arbeit und Expertise erreicht. Hier bin ich nicht nur eine Personalnummer, sondern ein Mensch. Das sch\u00e4tze ich sehr!<\/p><\/div><\/div><\/div><div class=\"dept-tabs-panel\" data-panel-index=\"1\"><div class=\"dept-tabs-content-inner\"><div class=\"dept-tabs-image-col\"><img decoding=\"async\" src=\"https:\/\/www.humbel-gears.com\/wp-content\/uploads\/2026\/02\/Forschung-entwicklung.jpg\" alt=\"\" class=\"dept-tabs-image\"\/><\/div><div class=\"dept-tabs-text-col\"><span class=\"dept-tabs-subtitle\">Forschung &amp; Entwicklung<\/span><h3 class=\"dept-tabs-name\">Marc Hungerb\u00fchler, Entwicklungsingenieur bei Humbel Schweiz<\/h3><p class=\"dept-tabs-quote\">Bei Humbel Engineering unterst\u00fctzen wir namhafte Kunden in der Entwicklung und Erprobung von Getrieben. Ich finde es sehr interessant, den gesamten Entwicklungsprozess bis hin zur Serienfertigung unter einem Dach verfolgen zu k\u00f6nnen.<\/p><\/div><\/div><\/div><div class=\"dept-tabs-panel\" data-panel-index=\"2\"><div class=\"dept-tabs-content-inner\"><div class=\"dept-tabs-image-col\"><img decoding=\"async\" src=\"https:\/\/www.humbel-gears.com\/wp-content\/uploads\/2026\/02\/Lukas-Milek.jpg\" alt=\"\" class=\"dept-tabs-image\"\/><\/div><div class=\"dept-tabs-text-col\"><span class=\"dept-tabs-subtitle\">Verkauf<\/span><h3 class=\"dept-tabs-name\">Lukas Milek, Sales Manager bei Novogear<\/h3><p class=\"dept-tabs-quote\">Ich mag die Art und Weise, wie das Unternehmen als Familienbetrieb funktioniert. Jeden Tag begegne ich neuen Dingen oder sammle neue Erfahrungen. Es gibt einen grossen Trend zur Nachhaltigkeit, und das Unternehmen w\u00e4chst und entwickelt sich schnell in alle Richtungen. Unsere Kunden sind \u00fcberall auf der Welt verteilt, und manchmal gibt es die M\u00f6glichkeit, sie zu besuchen.<\/p><\/div><\/div><\/div><div class=\"dept-tabs-panel\" data-panel-index=\"3\"><div class=\"dept-tabs-content-inner\"><div class=\"dept-tabs-image-col\"><img decoding=\"async\" src=\"https:\/\/www.humbel-gears.com\/wp-content\/uploads\/2026\/02\/Ioana_Flutur.jpg\" alt=\"\" class=\"dept-tabs-image\"\/><\/div><div class=\"dept-tabs-text-col\"><span class=\"dept-tabs-subtitle\">Logistik<\/span><h3 class=\"dept-tabs-name\">Ioana Flutur, Logistikerin bei HPT Humbel<\/h3><p class=\"dept-tabs-quote\">Werte schaffen heisst f\u00fcr mich, in einer Umgebung zu arbeiten, die pers\u00f6nliches Wachstum f\u00f6rdert, und HPT hat mir diese Chance geboten. Nach 10 Jahren bei HPT lauten die Schl\u00fcsselworte: Sicherheit, Dynamik und berufliche Entwicklung. Die Arbeit bei HPT vereint Herausforderungen mit Best\u00e4ndigkeit und bietet Freir\u00e4ume f\u00fcr vielseitige Lernm\u00f6glichkeiten in einem professionellen Umfeld. Es ist ein Privileg, zur Humbel Gruppe zu geh\u00f6ren!<\/p><\/div><\/div><\/div><\/div><\/div>\n<\/div><\/div>\n\n\n<div id=\"vacancies\"style=\"--section-bg:#f3f2f2\" class=\"alignfull wp-block-humbel-blocks-vacancies\">\n\t<div class=\"jobs-wrapper\">\n\t\t<h2 class=\"wp-block-heading\">Offene Stellen<\/h2>\t\t<div class=\"jobs\">\n\t\t\t<div class=\"jobs-filters\">\n\t\t\t\t<h2 class=\"screen-reader-text\">Filter by category<\/h2><button class=\"filter-button active\" data-filter=\"all\">Alle<\/button><button class=\"filter-button\" data-filter=\"hpt-humbel\">HPT Humbel<\/button><button class=\"filter-button\" data-filter=\"novogear\">Novogear<\/button><button class=\"filter-button\" data-filter=\"humbel\">Humbel<\/button>\t\t\t<\/div>\n\t\t\t<div class=\"jobs-holder\">\n\t\t\t\t<div class=\"job-item\" data-company=\"humbel\">\n<p class=\"job-company\"><span>humbel<\/span><\/p>\n\t\t<h3 class=\"job-title\">Messtechniker\/-in QS 100%<\/h3>\n\t\t<a href=\"https:\/\/www.humbel-gears.com\/de\/humbel-jobs\/messtechniker-in-qs-100\/\">Mehr dazu<\/a>\n<\/div><div class=\"job-item\" data-company=\"humbel\">\n<p class=\"job-company\"><span>humbel<\/span><\/p>\n\t\t<h3 class=\"job-title\">CNC-Dreher\/-in 50 &#8211; 100%<\/h3>\n\t\t<a href=\"https:\/\/www.humbel-gears.com\/de\/humbel-jobs\/cnc-dreher-in-50-100\/\">Mehr dazu<\/a>\n<\/div><div class=\"job-item\" data-company=\"humbel\">\n<p class=\"job-company\"><span>humbel<\/span><\/p>\n\t\t<h3 class=\"job-title\">CNC-Mechaniker\/-in Bereich Verzahnen 100%<\/h3>\n\t\t<a href=\"https:\/\/www.humbel-gears.com\/de\/humbel-jobs\/cnc-dreher-in-50-100-3\/\">Mehr dazu<\/a>\n<\/div><div class=\"job-item\" data-company=\"humbel\">\n<p class=\"job-company\"><span>humbel<\/span><\/p>\n\t\t<h3 class=\"job-title\">CNC-Schleifer\/-in 100%<\/h3>\n\t\t<a href=\"https:\/\/www.humbel-gears.com\/de\/humbel-jobs\/cnc-schleifer-in-100\/\">Mehr dazu<\/a>\n<\/div><div class=\"job-item\" data-company=\"humbel\">\n<p class=\"job-company\"><span>humbel<\/span><\/p>\n\t\t<h3 class=\"job-title\">Abteilungsleiter\/in Dreherei 100%<\/h3>\n\t\t<a href=\"https:\/\/www.humbel-gears.com\/de\/humbel-jobs\/abteilungsleiter-in-dreherei-100\/\">Mehr dazu<\/a>\n<\/div><div class=\"job-item\" data-company=\"humbel\">\n<p class=\"job-company\"><span>humbel<\/span><\/p>\n\t\t<h3 class=\"job-title\">Lehre bei Humbel<\/h3>\n\t\t<a href=\"https:\/\/www.humbel-gears.com\/de\/humbel-jobs\/lehre-bei-humbel\/\">Mehr dazu<\/a>\n<\/div><div class=\"job-item\" data-company=\"novogear\">\n<p class=\"job-company\"><span>novogear<\/span><\/p>\n\t\t<h3 class=\"job-title\">CNC brusi\u010d\/ka (obr\u00e1b\u011b\u010d\/ka kov\u016f)<\/h3>\n\t\t<a href=\"https:\/\/www.humbel-gears.com\/de\/humbel-jobs\/cnc-brusic-ka-obrabec-ka-kovu\/\">Mehr dazu<\/a>\n<\/div><div class=\"job-item\" data-company=\"hpt-humbel\">\n<p class=\"job-company\"><span>hpt-humbel<\/span><\/p>\n\t\t<h3 class=\"job-title\">Tehnician Mentenan\u021b\u0103<\/h3>\n\t\t<a href=\"https:\/\/www.humbel-gears.com\/de\/humbel-jobs\/tehnician-mentenanta\/\">Mehr dazu<\/a>\n<\/div>\t\t\t<\/div>\n\t\t<\/div>\n\t<\/div>\n<\/div>\n\n\n\n<div class=\"wp-block-humbel-blocks-humbel-section alignfull\" id=\"nothing-here\"><div class=\"wrap\">\n<h2 class=\"wp-block-heading\">Nichts dabei?<\/h2>\n\n\n\n<div class=\"wp-block-humbel-blocks-apply-for-job apply-for-job\"><div class=\"apply-for-job-content\"><span class=\"apply-for-job-subtitle\">Karriere<\/span><h2 class=\"apply-for-job-title\">Initiativbewerbung<\/h2><p class=\"apply-for-job-description\">Wir freuen uns immer \u00fcber engagierte Mitarbeitende. Z\u00f6gere nicht, uns deine Unterlagen unverbindlich zukommen zu lassen.<\/p><p class=\"apply-for-job-link\"><a href=\"mailto:bewerbung@humbel-gears.com\">Jetzt bewerben<\/a><\/p><\/div><div class=\"apply-for-job-media\"><img decoding=\"async\" class=\"apply-for-job-image\" src=\"https:\/\/www.humbel-gears.com\/wp-content\/uploads\/2026\/02\/Bild_204.jpg\" alt=\"\"\/><\/div><\/div>\n<\/div><\/div>\n\n\n\n<p><\/p>\n","protected":false},"excerpt":{"rendered":"","protected":false},"author":3,"featured_media":0,"parent":0,"menu_order":0,"comment_status":"closed","ping_status":"closed","template":"","meta":{"inline_featured_image":false,"_genesis_hide_title":false,"_genesis_hide_breadcrumbs":false,"_genesis_hide_singular_image":false,"_genesis_hide_footer_widgets":false,"_genesis_custom_body_class":"","_genesis_custom_post_class":"","_genesis_layout":"","footnotes":""},"class_list":{"0":"post-2033","1":"page","2":"type-page","3":"status-publish","5":"entry","6":"has-post-thumbnail"},"_links":{"self":[{"href":"https:\/\/www.humbel-gears.com\/de\/wp-json\/wp\/v2\/pages\/2033","targetHints":{"allow":["GET"]}}],"collection":[{"href":"https:\/\/www.humbel-gears.com\/de\/wp-json\/wp\/v2\/pages"}],"about":[{"href":"https:\/\/www.humbel-gears.com\/de\/wp-json\/wp\/v2\/types\/page"}],"author":[{"embeddable":true,"href":"https:\/\/www.humbel-gears.com\/de\/wp-json\/wp\/v2\/users\/3"}],"replies":[{"embeddable":true,"href":"https:\/\/www.humbel-gears.com\/de\/wp-json\/wp\/v2\/comments?post=2033"}],"version-history":[{"count":18,"href":"https:\/\/www.humbel-gears.com\/de\/wp-json\/wp\/v2\/pages\/2033\/revisions"}],"predecessor-version":[{"id":2250,"href":"https:\/\/www.humbel-gears.com\/de\/wp-json\/wp\/v2\/pages\/2033\/revisions\/2250"}],"wp:attachment":[{"href":"https:\/\/www.humbel-gears.com\/de\/wp-json\/wp\/v2\/media?parent=2033"}],"curies":[{"name":"wp","href":"https:\/\/api.w.org\/{rel}","templated":true}]}}