{"id":2025,"date":"2026-02-06T12:39:05","date_gmt":"2026-02-06T12:39:05","guid":{"rendered":"https:\/\/www.humbel-gears.com\/produkte\/formula-student-planetary-gear-set\/"},"modified":"2026-04-02T15:35:39","modified_gmt":"2026-04-02T15:35:39","slug":"planetary-gearbox","status":"publish","type":"page","link":"https:\/\/www.humbel-gears.com\/de\/produkte\/planetary-gearbox\/","title":{"rendered":"Formula-Student Planetenradsatz"},"content":{"rendered":"\n<div class=\"wp-block-humbel-blocks-product-hero\"><div class=\"product-hero-container\"><div class=\"product-hero-left\"><h1>Formula-Student- Planetenradsatz<\/h1><span class=\"product-hero-subheading\"><mark style=\"background-color:rgba(0, 0, 0, 0)\" class=\"has-inline-color has-blue-color\">Swiss precision for <\/mark>Formula Student<\/span><\/div><div class=\"product-hero-right\"><img decoding=\"async\" src=\"https:\/\/www.humbel-gears.com\/wp-content\/uploads\/2026\/03\/fs_planetensatz_hum_2000px.webp\" alt=\"\" class=\"product-hero-image\"\/><\/div><\/div><\/div>\n\n\n\n<div class=\"wp-block-humbel-blocks-humbel-section alignfull\"><div class=\"wrap\">\n<p>Wir freuen uns, unseren speziell f\u00fcr Formula-Student-Teams entwickelten Planetenradsatz vorstellen zu k\u00f6nnen.<br><br>Die in der Schweiz entwickelten und gefertigten Getriebekomponenten garantieren hohe Zuverl\u00e4ssigkeit, geringen Platzbedarf und einen hohen Wirkungsgrad. Die Komponenten sind kompatibel mit AMK-, Fischer- oder selbst entwickelten Elektromotoren und bieten eine nahtlose Integration in Ihr Rennfahrzeug. Wir bieten zwei verschiedene Konfigurationen der Sonnenradwelle an: Eine mit Aussen- und eine mit Innensteckverzahnung. So k\u00f6nnen sie die optimale Variante f\u00fcr ihren Motor w\u00e4hlen.<\/p>\n\n\n\n<div style=\"height:50px\" aria-hidden=\"true\" class=\"wp-block-spacer\"><\/div>\n\n\n\n<div class=\"wp-block-group\">\n<h2 class=\"wp-block-heading\">Hauptmerkmale<\/h2>\n\n\n\n<ul class=\"wp-block-list\">\n<li><strong>Kompakt und platzsparend:<\/strong> Die Komponenten zeichnen sich durch eine \u00e4usserst kompakte Bauweise aus, die eine Integration in verschiedene Fahrzeugkonfigurationen erm\u00f6glicht, insbesondere in Allrad-Radnabenantriebe mit 10-Zoll-Felgen.<\/li>\n\n\n\n<li><strong>Kosteneffizient:<\/strong> Mit Blick auf die begrenzten Budgets der Formula Student Teams bieten wir die Planetengetriebeteile f\u00fcr ein Allradfahrzeug f\u00fcr weniger als 10.000 \u20ac (4 S\u00e4tze) an. Weitere Ersatz-Getriebes\u00e4tze k\u00f6nnen zus\u00e4tzlich bezogen werden.<\/li>\n\n\n\n<li><strong>Leichtbauweise \u2013 weniger als 0,5 kg:<\/strong> Durch den Einsatz von Materialien aus dem Motorsport reduzieren wir das Gesamtgewicht Ihres Fahrzeugs.<\/li>\n\n\n\n<li><strong>\u00dcbersetzungsverh\u00e4ltnis von 12.481 mit Abtrieb am Hohlrad und feststehendem Steg:<\/strong> Massgeschneidert f\u00fcr Formula Student-Fahrzeuge bieten die Komponenten maximale Performance mit hochdrehenden Elektromotoren verschiedener Hersteller.<\/li>\n\n\n\n<li><strong>Langlebigkeit:<\/strong> Ausgelegt f\u00fcr ein Eingangsdrehmoment von bis zu 32 Nm und eine Lebensdauer von mind. 1000 km bei maximaler Leistung.<\/li>\n<\/ul>\n\n\n\n<div style=\"height:50px\" aria-hidden=\"true\" class=\"wp-block-spacer\"><\/div>\n<\/div>\n\n\n\n<div class=\"wp-block-group\">\n<h2 class=\"wp-block-heading\">Was ist im Paket enthalten?<\/h2>\n\n\n\n<p>Um eine reibungslose Integration zu gew\u00e4hrleisten, wird der HUMBEL-Planetenradsatz als Komplettpaket geliefert:<\/p>\n\n\n\n<ul class=\"wp-block-list\">\n<li>Vormontierte, <strong>gestufte Planetenr\u00e4der<\/strong><\/li>\n\n\n\n<li>Einbaufertige <strong>Sonnen- und Hohlr\u00e4der<\/strong><\/li>\n\n\n\n<li>Geh\u00e4rtete und geschliffene <strong>Planetenbolzen<\/strong><\/li>\n\n\n\n<li><strong>Anlaufscheiben<\/strong> f\u00fcr die Planetenr\u00e4der<\/li>\n\n\n\n<li>Vereinfachte technische Zeichnungen und CAD-Dateien zur Unterst\u00fctzung der Integration in die Konstruktion der Radbaugruppe<\/li>\n\n\n\n<li>Empfehlungen f\u00fcr geeignete Radlager, um die Auswahl der am besten geeigneten Komponenten zu erleichtern<\/li>\n<\/ul>\n\n\n\n<p>Die Rads\u00e4tze werden als komplette S\u00e4tze verkauft, d.h. f\u00fcr ein Allradfahrzeug sind mindestens vier Rads\u00e4tze erforderlich. F\u00fcr die Konstruktion der umgebenden Bauteile werden genaue Vorgaben gemacht. Besonderes Augenmerk wurde auf eine einfache Herstellung der umgebenden Schnittstellen gelegt.<\/p>\n\n\n\n<div style=\"height:50px\" aria-hidden=\"true\" class=\"wp-block-spacer\"><\/div>\n<\/div>\n\n\n\n<div class=\"wp-block-group\">\n<h2 class=\"wp-block-heading\">Warum ein vorgefertigtes Getriebe w\u00e4hlen?<\/h2>\n\n\n\n<p>Die Entwicklung eines Hochleistungsgetriebes f\u00fcr den Formula-Student-Wettbewerb ist sehr anspruchsvoll und zeitaufwendig. Konstruktion, Fertigung und Test sind aufw\u00e4ndig und erfordern genaue Messungen und spezielle Materialien. Durch den engen Zeitplan und die begrenzten Mittel ist es f\u00fcr Formula-Student-Teams oft schwierig, ein leichtes und zuverl\u00e4ssiges Getriebe zu entwickeln und dies rechtzeitig in entsprechender Qualit\u00e4t zu beschaffen.<\/p>\n\n\n\n<p>Die HUMBEL-Planetenrads\u00e4tze bieten Ihnen daher folgende Vorteile:<\/p>\n\n\n\n<p>\u2705 <strong>Entwicklungszeit effizient nutzen&nbsp;\u2013<\/strong> Mehr Zeit f\u00fcr die Optimierung relevanter Fahrzeugparameter<\/p>\n\n\n\n<p>\u2705 <strong>Reduktion der Fertigungskomplexit\u00e4t<\/strong> \u2013 Reduzierung m\u00f6glicher Fehlerquellen und Sicherstellung einer reibungslosen Komponentenbeschaffung<\/p>\n\n\n\n<p>\u2705 <strong>Kosteneinsparung<\/strong>\u2013 Kostenvorteile durch gr\u00f6ssere Produktionslosgr\u00f6ssen bei Humbel<\/p>\n\n\n\n<div style=\"height:50px\" aria-hidden=\"true\" class=\"wp-block-spacer\"><\/div>\n<\/div>\n\n\n\n<div class=\"wp-block-group\">\n<h2 class=\"wp-block-heading\">Datensatz<\/h2>\n\n\n\n<p>Greifen Sie auf den vollst\u00e4ndigen Datensatz des HUMBEL-Formula-Student-Getriebes zu. Dieses Paket enth\u00e4lt die offizielle technische Dokumentation, CAD-Modelle, Zeichnungen und Spezifikationen sowie Montageanleitungen zur Unterst\u00fctzung eurer Konstruktion und Integration<\/p>\n\n\n\n<div class=\"wp-block-buttons\">\n<div class=\"wp-block-button\"><a class=\"wp-block-button__link wp-element-button\" href=\"https:\/\/146730951.fs1.hubspotusercontent-eu1.net\/hubfs\/146730951\/webdownload\/hu-fs_gearbox_v1-2025_a.zip\" target=\"_blank\" rel=\"noopener\">Download Datensatz<\/a><\/div>\n<\/div>\n\n\n\n<div style=\"height:50px\" aria-hidden=\"true\" class=\"wp-block-spacer\"><\/div>\n<\/div>\n\n\n\n\n\n\n<\/div><\/div>\n\n\n\n<div class=\"wp-block-humbel-blocks-humbel-section alignfull\"><div class=\"wrap\">\n<figure class=\"wp-block-image aligncenter size-large\"><img decoding=\"async\" src=\"https:\/\/www.humbel-gears.com\/wp-content\/uploads\/2026\/02\/HUMBEL-FS_ISO_grau-1024x576.png\" alt=\"\" class=\"wp-image-2336\"\/><\/figure>\n<\/div><\/div>\n\n\n\n\n\n<div class=\"wp-block-humbel-blocks-humbel-section alignfull\"><div class=\"wrap\"><div class=\"wp-block-humbel-blocks-contact-expert\">\n\t<div class=\"contact-expert\">\n\t\t\t\t<h2 class=\"contact-expert-heading\">\n\t\tKontaktiere unsere Experten\t<\/h2>\n\t\n\t\t\t<p class=\"contact-expert-description\">\n\t\t\tFormula Student Humbel\t\t<\/p>\n\t\n\t\t\t<p class=\"contact-expert-email\">\n\t\t\t<a href=\"mailto:&#102;&#115;&#45;g%65&#97;&#114;%62&#111;%78&#64;&#104;u%6d&#98;%65&#108;&#45;g%65%61%72%73.c&#111;%6d\" title=\"Email us\"\">fs-&#103;&#101;a&#114;&#98;&#111;&#120;&#64;&#104;&#117;&#109;b&#101;l&#45;&#103;&#101;&#97;&#114;s&#46;com<\/a>\t\t<\/p>\n\t<\/div>\n<\/div>\n<\/div><\/div>\n","protected":false},"excerpt":{"rendered":"","protected":false},"author":3,"featured_media":0,"parent":1787,"menu_order":0,"comment_status":"closed","ping_status":"closed","template":"","meta":{"inline_featured_image":false,"_genesis_hide_title":false,"_genesis_hide_breadcrumbs":false,"_genesis_hide_singular_image":false,"_genesis_hide_footer_widgets":false,"_genesis_custom_body_class":"","_genesis_custom_post_class":"","_genesis_layout":"","footnotes":""},"class_list":{"0":"post-2025","1":"page","2":"type-page","3":"status-publish","5":"entry","6":"has-post-thumbnail"},"_links":{"self":[{"href":"https:\/\/www.humbel-gears.com\/de\/wp-json\/wp\/v2\/pages\/2025","targetHints":{"allow":["GET"]}}],"collection":[{"href":"https:\/\/www.humbel-gears.com\/de\/wp-json\/wp\/v2\/pages"}],"about":[{"href":"https:\/\/www.humbel-gears.com\/de\/wp-json\/wp\/v2\/types\/page"}],"author":[{"embeddable":true,"href":"https:\/\/www.humbel-gears.com\/de\/wp-json\/wp\/v2\/users\/3"}],"replies":[{"embeddable":true,"href":"https:\/\/www.humbel-gears.com\/de\/wp-json\/wp\/v2\/comments?post=2025"}],"version-history":[{"count":5,"href":"https:\/\/www.humbel-gears.com\/de\/wp-json\/wp\/v2\/pages\/2025\/revisions"}],"predecessor-version":[{"id":2736,"href":"https:\/\/www.humbel-gears.com\/de\/wp-json\/wp\/v2\/pages\/2025\/revisions\/2736"}],"up":[{"embeddable":true,"href":"https:\/\/www.humbel-gears.com\/de\/wp-json\/wp\/v2\/pages\/1787"}],"wp:attachment":[{"href":"https:\/\/www.humbel-gears.com\/de\/wp-json\/wp\/v2\/media?parent=2025"}],"curies":[{"name":"wp","href":"https:\/\/api.w.org\/{rel}","templated":true}]}}