{"id":1993,"date":"2026-02-06T08:24:13","date_gmt":"2026-02-06T08:24:13","guid":{"rendered":"https:\/\/www.humbel-gears.com\/sites\/"},"modified":"2026-03-30T12:52:42","modified_gmt":"2026-03-30T12:52:42","slug":"standorte","status":"publish","type":"page","link":"https:\/\/www.humbel-gears.com\/de\/standorte\/","title":{"rendered":"Standorte"},"content":{"rendered":"\n<div class=\"wp-block-humbel-blocks-humbel-section alignfull is-section-about-hero\"><div class=\"wrap\">\n<h1 class=\"wp-block-heading\">Standorte<\/h1>\n<\/div><\/div>\n\n\n\n<div class=\"wp-block-humbel-blocks-humbel-section alignfull\"><div class=\"wrap\">\n<div class=\"wp-block-humbel-blocks-sites-map alignfull sites-map\"><div class=\"sites-map-holder\" data-markers=\"[{&quot;companyName&quot;:&quot; Humbel Zahnr\u00e4der AG&quot;,&quot;street&quot;:&quot;Oberfeldstrasse 9&quot;,&quot;postalCode&quot;:&quot;9214&quot;,&quot;town&quot;:&quot;Kradolf&quot;,&quot;country&quot;:&quot;Schweiz&quot;,&quot;phone&quot;:&quot;+41 71 644 73 00&quot;,&quot;email&quot;:&quot;info@humbel-gears.com&quot;,&quot;latitude&quot;:&quot;47.52340077849669&quot;,&quot;longitude&quot;:&quot;9.205094668380884&quot;,&quot;link&quot;:{&quot;url&quot;:&quot;https:\/\/www.google.com\/maps\/place\/Humbel+Zahnr%C3%A4der+AG\/@47.5231943,9.2025251,17z\/data=!3m1!4b1!4m6!3m5!1s0x479ae51290f4575d:0xb7b2d3c3d4370014!8m2!3d47.5231907!4d9.2051054!16s%2Fg%2F1w0p4lmf?entry=ttu&amp;g_ep=EgoyMDI2MDMxMS4wIKXMDSoASAFQAw%3D%3D&quot;,&quot;label&quot;:&quot;Google Map&quot;}},{&quot;companyName&quot;:&quot;Novogear spol. s.r.o.&quot;,&quot;street&quot;:&quot;17. listopadu 2245&quot;,&quot;postalCode&quot;:&quot;73802&quot;,&quot;town&quot;:&quot;Fr\u00fddek-M\u00edstek&quot;,&quot;country&quot;:&quot;Czech Republic&quot;,&quot;phone&quot;:&quot;+420 558 647 720&quot;,&quot;email&quot;:&quot;novogear@novogear.cz&quot;,&quot;latitude&quot;:&quot;49.6779256&quot;,&quot;longitude&quot;:&quot;18.3272773&quot;,&quot;link&quot;:{&quot;url&quot;:&quot;https:\/\/www.google.com\/maps\/place\/NOVOGEAR,+spol.+s.r.o.\/@49.677753,18.3244747,17z\/data=!3m1!4b1!4m6!3m5!1s0x4713f72b8576e6ef:0x6cdf22451d10b7a!8m2!3d49.6777496!4d18.327055!16s%2Fg%2F1vl5fhzj?entry=ttu&amp;g_ep=EgoyMDI2MDMxMS4wIKXMDSoASAFQAw%3D%3D&quot;,&quot;label&quot;:&quot;Google Map&quot;}},{&quot;companyName&quot;:&quot;HPT Humbel Produktionstechnik SRL&quot;,&quot;street&quot;:&quot;Str. Augustin Bena 108&quot;,&quot;postalCode&quot;:&quot;515800&quot;,&quot;town&quot;:&quot;Sebe\u0219&quot;,&quot;country&quot;:&quot;Romania&quot;,&quot;phone&quot;:&quot;+40 258 733 923&quot;,&quot;email&quot;:&quot;info@hpt.ro&quot;,&quot;latitude&quot;:&quot;45.9605051&quot;,&quot;longitude&quot;:&quot;23.5407530&quot;,&quot;link&quot;:{&quot;url&quot;:&quot;https:\/\/www.google.com\/maps\/place\/HPT+HUMBEL+PRODUCTIONSTECHNIK+SRL\/@45.9600754,23.5358436,17z\/data=!3m1!4b1!4m6!3m5!1s0x474c1f7b8929b8f1:0xe18fe0c5a54e11b5!8m2!3d45.9600718!4d23.5407091!16s%2Fg%2F11pv3rpx7s?entry=ttu&amp;g_ep=EgoyMDI2MDMxMS4wIKXMDSoASAFQAw%3D%3D&quot;,&quot;label&quot;:&quot;Google Map&quot;}},{&quot;companyName&quot;:&quot;Humbel Geartec (UK) Ltd.&quot;,&quot;street&quot;:&quot;Vernon House, 40 New North Road&quot;,&quot;postalCode&quot;:&quot;&quot;,&quot;town&quot;:&quot;Huddersfield, West Yorkshire, HD1 5LS&quot;,&quot;country&quot;:&quot;England&quot;,&quot;phone&quot;:&quot;+44 1904 448622&quot;,&quot;email&quot;:&quot;info@humbelgeartec.com&quot;,&quot;latitude&quot;:&quot;53.64923355787837&quot;,&quot;longitude&quot;:&quot;-1.78826330372105&quot;,&quot;link&quot;:{&quot;url&quot;:&quot;https:\/\/www.google.com\/maps\/place\/Vernon+House,+40+New+N+Rd,+Huddersfield+HD1+5LS,+Vereinigtes+K%C3%B6nigreich\/@53.6491096,-1.7907685,17z\/data=!3m1!4b1!4m6!3m5!1s0x487bdc6e4ab10cd5:0xc868cf90917413da!8m2!3d53.6491064!4d-1.7881882!16s%2Fg%2F11c14bljmp?entry=ttu&amp;g_ep=EgoyMDI2MDMxMS4wIKXMDSoASAFQAw%3D%3D&quot;,&quot;label&quot;:&quot;Google Map&quot;}},{&quot;companyName&quot;:&quot;Humbel Geartec (Thailand) Ltd.&quot;,&quot;street&quot;:&quot;474\/52 Latkrabang Road Soi 24\/1, Latkrabang Sub-district, Latkrabang District,&quot;,&quot;postalCode&quot;:&quot;10520&quot;,&quot;town&quot;:&quot;Bangkok&quot;,&quot;country&quot;:&quot;Thailand&quot;,&quot;phone&quot;:&quot;+44 7376391471&quot;,&quot;email&quot;:&quot;info@humbel-gears.com&quot;,&quot;latitude&quot;:&quot;13.718840811599561&quot;,&quot;longitude&quot;:&quot;100.73276760419274&quot;,&quot;link&quot;:{&quot;url&quot;:&quot;https:\/\/www.google.ch\/maps\/place\/474%2F52+Thanon+Lat+Krabang,+Khwaeng+Lat+Krabang,+Khet+Lat+Krabang,+Krung+Thep+Maha+Nakhon+10520,+Thailand\/@13.7200278,100.7313456,17.36z\/data=!4m9!1m2!2m1!1s+474%2F52+Latkrabang+Road+Soi+24%2F1,+Latkrabang,+Bangkok+10520,+Thailand!3m5!1s0x311d671898bb768b:0xcdd813b9fb5991d3!8m2!3d13.7187046!4d100.7327631!16s%2Fg%2F11j4x28ybt?entry=ttu&amp;g_ep=EgoyMDI2MDMxMS4wIKXMDSoASAFQAw%3D%3D&quot;,&quot;label&quot;:&quot;Google Maps&quot;}}]\" data-api-key=\"\"><div class=\"sites-map-canvas\"><\/div><\/div><p class=\"sites-map-intro\">Die Humbel Gruppe ist mit drei Entwicklungs- und Produktionsstandorten in der Schweiz, in Tschechien und Rum\u00e4nien vertreten. Die Spezialdisziplinen der einzelnen Standorte erg\u00e4nzen sich ideal und werden am Hauptsitz in Kradolf, Schweiz, geb\u00fcndelt. In Deutschland, England und Thailand verf\u00fcgt Humbel zudem \u00fcber Vertriebsstandorte.<\/p><\/div>\n<\/div><\/div>\n\n\n\n<div class=\"wp-block-humbel-blocks-humbel-section alignfull\"><div class=\"wrap\">\n<div class=\"wp-block-humbel-blocks-location\">\n\t<div class=\"location-container\">\n\t\t<div class=\"location-info\">\n\t\t\t<h2 class=\"location-heading\">Humbel Zahnr\u00e4der AG<\/h2>\n\t\t\t<ul class=\"location-address\">\n\t\t\t\t\t\t\t\t\t<li>Humbel Zahnr\u00e4der AG<\/li>\n\t\t\t\t\n\t\t\t\t\t\t\t\t\t<li>Oberfeldstrasse 9<\/li>\n\t\t\t\t\n\t\t\t\t\t\t\t\t\t<li>9214 Kradolf<\/li>\n\t\t\t\t\n\t\t\t\t\t\t\t\t\t<li>Schweiz<\/li>\n\t\t\t\t\t\t\t<\/ul>\n\n\t\t\t<div class=\"location-contact\">\n\t\t\t\t\t\t\t\t\t<p class=\"location-phone\">\n\t\t\t\t\t\t<a href=\"tel:+41716447300\" title=\"Call us\"><i aria-hidden=\"true\" class=\"icon icon-phone\"><\/i>+41 71 644 73 00<\/a>\t\t\t\t\t<\/p>\n\t\t\t\t\t\t\t\t\t\t\t\t\t<p class=\"location-linkedin\">\n\t\t\t\t\t\t<a href=\"https:\/\/www.linkedin.com\/company\/humbel-zahnr-der-ag\/?originalSubdomain=ch\" target=\"_blank\" rel=\"noopener noreferrer\">\n\t\t\t\t\t\t\t<i class=\"icon icon-linkedin\"><\/i>\n\t\t\t\t\t\t\tLinkedIn\t\t\t\t\t\t<\/a>\n\t\t\t\t\t<\/p>\n\t\t\t\t\n\t\t\t\t\t\t\t\t\t<p class=\"location-email\">\n\t\t\t\t\t\t<a href=\"mailto:i&#110;%66%6f&#64;h&#117;m%62e%6c%2dg%65&#97;&#114;%73%2e&#99;&#111;%6d\" title=\"Contact us\"\"><i aria-hidden=\"true\" class=\"icon icon-email\"><\/i>in&#102;&#111;&#64;h&#117;m&#98;e&#108;-&#103;&#101;&#97;r&#115;&#46;c&#111;&#109;<\/a>\t\t\t\t\t<\/p>\n\t\t\t\t\n\n\t\t\t<\/div>\n\t\t\t<div class=\"location-profile\"><div class=\"wp-block-buttons\"><div class=\"wp-block-button is-style-outline\"><a class=\"wp-block-button__link wp-element-button\" href=\"https:\/\/www.humbel-gears.com\/de\/ueber-uns\/humbel-schweiz\/\" target=\"_blank\" rel=\"noopener noreferrer\">Zum Portr\u00e4t<\/a><\/div><\/div><\/div>\t\t<\/div>\n\n\t\t<div id=\"location-map\" class=\"location-map\" data-latitude=\"47.5232064\"\n\t\t\t data-longitude=\"9.2051217\"><span\n\t\t\t\tclass=\"sites-map-overlay-text\">Google Map \u2014 Live preview on frontend<\/span>\n\t\t<\/div>\n\t<\/div>\n<\/div>\n\n\n\n<div class=\"wp-block-humbel-blocks-location\">\n\t<div class=\"location-container\">\n\t\t<div class=\"location-info\">\n\t\t\t<h2 class=\"location-heading\">Novogear spol. s.r.o.<\/h2>\n\t\t\t<ul class=\"location-address\">\n\t\t\t\t\t\t\t\t\t<li>Novogear spol. s.r.o.<\/li>\n\t\t\t\t\n\t\t\t\t\t\t\t\t\t<li>17. listopadu 2245<\/li>\n\t\t\t\t\n\t\t\t\t\t\t\t\t\t<li>73802 Fr\u00fddek-M\u00edstek<\/li>\n\t\t\t\t\n\t\t\t\t\t\t\t\t\t<li>Czech Republic<\/li>\n\t\t\t\t\t\t\t<\/ul>\n\n\t\t\t<div class=\"location-contact\">\n\t\t\t\t\t\t\t\t\t<p class=\"location-phone\">\n\t\t\t\t\t\t<a href=\"tel:+420558647720\" title=\"Call us\"><i aria-hidden=\"true\" class=\"icon icon-phone\"><\/i>+420 558 647 720<\/a>\t\t\t\t\t<\/p>\n\t\t\t\t\t\t\t\t\n\t\t\t\t\t\t\t\t\t<p class=\"location-email\">\n\t\t\t\t\t\t<a href=\"mailto:&#110;o%76%6f%67e&#97;%72%40%6eov&#111;&#103;%65a&#114;&#46;c&#122;\" title=\"Contact us\"\"><i aria-hidden=\"true\" class=\"icon icon-email\"><\/i>&#110;&#111;&#118;&#111;ge&#97;r&#64;&#110;&#111;&#118;o&#103;ear.cz<\/a>\t\t\t\t\t<\/p>\n\t\t\t\t\n\n\t\t\t<\/div>\n\t\t\t<div class=\"location-profile\"><div class=\"wp-block-buttons\"><div class=\"wp-block-button is-style-outline\"><a class=\"wp-block-button__link wp-element-button\" href=\"https:\/\/www.humbel-gears.com\/de\/ueber-uns\/novogear\/\" target=\"_blank\" rel=\"noopener noreferrer\">Zum Portr\u00e4t<\/a><\/div><\/div><\/div>\t\t<\/div>\n\n\t\t<div id=\"location-map\" class=\"location-map\" data-latitude=\"49.6779256\"\n\t\t\t data-longitude=\"18.3272773\"><span\n\t\t\t\tclass=\"sites-map-overlay-text\">Google Map \u2014 Live preview on frontend<\/span>\n\t\t<\/div>\n\t<\/div>\n<\/div>\n\n\n\n<div class=\"wp-block-humbel-blocks-location\">\n\t<div class=\"location-container\">\n\t\t<div class=\"location-info\">\n\t\t\t<h2 class=\"location-heading\">HPT Humbel Produktionstechnik SRL<\/h2>\n\t\t\t<ul class=\"location-address\">\n\t\t\t\t\t\t\t\t\t<li>HPT Humbel Produktionstechnik SRL<\/li>\n\t\t\t\t\n\t\t\t\t\t\t\t\t\t<li>Str. Augustin Bena 108<\/li>\n\t\t\t\t\n\t\t\t\t\t\t\t\t\t<li>515800 Sebe\u0219<\/li>\n\t\t\t\t\n\t\t\t\t\t\t\t\t\t<li>Romania<\/li>\n\t\t\t\t\t\t\t<\/ul>\n\n\t\t\t<div class=\"location-contact\">\n\t\t\t\t\t\t\t\t\t<p class=\"location-phone\">\n\t\t\t\t\t\t<a href=\"tel:+40258733923\" title=\"Call us\"><i aria-hidden=\"true\" class=\"icon icon-phone\"><\/i>+40 258 733 923<\/a>\t\t\t\t\t<\/p>\n\t\t\t\t\t\t\t\t\t\t\t\t\t<p class=\"location-linkedin\">\n\t\t\t\t\t\t<a href=\"https:\/\/www.linkedin.com\/company\/hpt-humbel-productionstechnik\/\" target=\"_blank\" rel=\"noopener noreferrer\">\n\t\t\t\t\t\t\t<i class=\"icon icon-linkedin\"><\/i>\n\t\t\t\t\t\t\tLinkedIn\t\t\t\t\t\t<\/a>\n\t\t\t\t\t<\/p>\n\t\t\t\t\n\t\t\t\t\t\t\t\t\t<p class=\"location-email\">\n\t\t\t\t\t\t<a href=\"mailto:&#105;%6ef&#111;&#64;%68pt%2e%72&#111;\" title=\"Contact us\"\"><i aria-hidden=\"true\" class=\"icon icon-email\"><\/i>&#105;nfo&#64;h&#112;&#116;.r&#111;<\/a>\t\t\t\t\t<\/p>\n\t\t\t\t\n\n\t\t\t<\/div>\n\t\t\t<div class=\"location-profile\"><div class=\"wp-block-buttons\"><div class=\"wp-block-button is-style-outline\"><a class=\"wp-block-button__link wp-element-button\" href=\"https:\/\/www.humbel-gears.com\/de\/ueber-uns\/hpt-humbel\/\" target=\"_blank\" rel=\"noopener noreferrer\">Zum Portr\u00e4t<\/a><\/div><\/div><\/div>\t\t<\/div>\n\n\t\t<div id=\"location-map\" class=\"location-map\" data-latitude=\"45.9605051\"\n\t\t\t data-longitude=\"23.5407530\"><span\n\t\t\t\tclass=\"sites-map-overlay-text\">Google Map \u2014 Live preview on frontend<\/span>\n\t\t<\/div>\n\t<\/div>\n<\/div>\n\n\n\n<div class=\"wp-block-humbel-blocks-location\">\n\t<div class=\"location-container\">\n\t\t<div class=\"location-info\">\n\t\t\t<h2 class=\"location-heading\">Humbel Geartec (UK) Ltd.<\/h2>\n\t\t\t<ul class=\"location-address\">\n\t\t\t\t\t\t\t\t\t<li>Humbel Geartec (UK) Ltd.<\/li>\n\t\t\t\t\n\t\t\t\t\t\t\t\t\t<li>Vernon House, 40 New North Road<\/li>\n\t\t\t\t\n\t\t\t\t\t\t\t\t\t<li>Huddersfield, West Yorkshire, HD1 5LS<\/li>\n\t\t\t\t\n\t\t\t\t\t\t\t\t\t<li>England<\/li>\n\t\t\t\t\t\t\t<\/ul>\n\n\t\t\t<div class=\"location-contact\">\n\t\t\t\t\t\t\t\t\t<p class=\"location-phone\">\n\t\t\t\t\t\t<a href=\"tel:+441904448622\" title=\"Call us\"><i aria-hidden=\"true\" class=\"icon icon-phone\"><\/i>+44 1904 448622<\/a>\t\t\t\t\t<\/p>\n\t\t\t\t\t\t\t\t\t\t\t\t\t<p class=\"location-linkedin\">\n\t\t\t\t\t\t<a href=\"https:\/\/www.linkedin.com\/company\/humbelgeartecukltd\/\" target=\"_blank\" rel=\"noopener noreferrer\">\n\t\t\t\t\t\t\t<i class=\"icon icon-linkedin\"><\/i>\n\t\t\t\t\t\t\tLinkedIn\t\t\t\t\t\t<\/a>\n\t\t\t\t\t<\/p>\n\t\t\t\t\n\t\t\t\t\t\t\t\t\t<p class=\"location-email\">\n\t\t\t\t\t\t<a href=\"mailto:&#105;&#110;&#102;o%40&#104;&#117;&#109;be%6c&#103;e&#97;%72&#116;%65%63%2e%63&#111;m\" title=\"Contact us\"\"><i aria-hidden=\"true\" class=\"icon icon-email\"><\/i>inf&#111;&#64;&#104;&#117;m&#98;&#101;lge&#97;&#114;t&#101;c&#46;&#99;&#111;m<\/a>\t\t\t\t\t<\/p>\n\t\t\t\t\n\n\t\t\t<\/div>\n\t\t\t<div class=\"location-profile\"><div class=\"wp-block-buttons\"><div class=\"wp-block-button is-style-outline\"><a class=\"wp-block-button__link wp-element-button\" href=\"https:\/\/www.linkedin.com\/company\/humbelgeartecukltd\/\" target=\"_blank\" rel=\"noopener noreferrer\">Zu LinkedIn<\/a><\/div><\/div><\/div>\t\t<\/div>\n\n\t\t<div id=\"location-map\" class=\"location-map\" data-latitude=\"53.64923355787837\"\n\t\t\t data-longitude=\"-1.78826330372105\"><span\n\t\t\t\tclass=\"sites-map-overlay-text\">Google Map \u2014 Live preview on frontend<\/span>\n\t\t<\/div>\n\t<\/div>\n<\/div>\n\n\n\n<div class=\"wp-block-humbel-blocks-location\">\n\t<div class=\"location-container\">\n\t\t<div class=\"location-info\">\n\t\t\t<h2 class=\"location-heading\">Humbel Geartec (Thailand) Ltd.<\/h2>\n\t\t\t<ul class=\"location-address\">\n\t\t\t\t\t\t\t\t\t<li>Humbel Geartec (Thailand) Ltd.<\/li>\n\t\t\t\t\n\t\t\t\t\t\t\t\t\t<li>474\/52 Latkrabang Road Soi 24\/1, Latkrabang Sub-district, Latkrabang District,<\/li>\n\t\t\t\t\n\t\t\t\t\t\t\t\t\t<li>10520 Bangkok<\/li>\n\t\t\t\t\n\t\t\t\t\t\t\t\t\t<li>Thailand<\/li>\n\t\t\t\t\t\t\t<\/ul>\n\n\t\t\t<div class=\"location-contact\">\n\t\t\t\t\t\t\t\t\t<p class=\"location-phone\">\n\t\t\t\t\t\t<a href=\"tel:+447376391471\" title=\"Call us\"><i aria-hidden=\"true\" class=\"icon icon-phone\"><\/i>+44 7376391471<\/a>\t\t\t\t\t<\/p>\n\t\t\t\t\t\t\t\t\t\t\t\t\t<p class=\"location-linkedin\">\n\t\t\t\t\t\t<a href=\"https:\/\/www.linkedin.com\/company\/humbel-geartec-thailand-ltd\/\" target=\"_blank\" rel=\"noopener noreferrer\">\n\t\t\t\t\t\t\t<i class=\"icon icon-linkedin\"><\/i>\n\t\t\t\t\t\t\tLinkedIn\t\t\t\t\t\t<\/a>\n\t\t\t\t\t<\/p>\n\t\t\t\t\n\t\t\t\t\t\t\t\t\t<p class=\"location-email\">\n\t\t\t\t\t\t<a href=\"mailto:&#105;%6efo%40&#104;u&#109;b%65%6c-%67&#101;&#97;r%73&#46;co&#109;\" title=\"Contact us\"\"><i aria-hidden=\"true\" class=\"icon icon-email\"><\/i>&#105;n&#102;o&#64;&#104;&#117;m&#98;e&#108;&#45;&#103;ear&#115;.&#99;&#111;m<\/a>\t\t\t\t\t<\/p>\n\t\t\t\t\n\n\t\t\t<\/div>\n\t\t\t<div class=\"location-profile\"><div class=\"wp-block-buttons\"><div class=\"wp-block-button is-style-outline\"><a class=\"wp-block-button__link wp-element-button\" href=\"https:\/\/www.linkedin.com\/company\/humbel-geartec-thailand-ltd\/\" target=\"_blank\" rel=\"noopener noreferrer\">Zu LinkedIn<\/a><\/div><\/div><\/div>\t\t<\/div>\n\n\t\t<div id=\"location-map\" class=\"location-map\" data-latitude=\"13.718840811599561\"\n\t\t\t data-longitude=\"100.73276760419274\"><span\n\t\t\t\tclass=\"sites-map-overlay-text\">Google Map \u2014 Live preview on frontend<\/span>\n\t\t<\/div>\n\t<\/div>\n<\/div>\n\n\n\n<div class=\"wp-block-group\">\n<h2 class=\"wp-block-heading\">Das k\u00f6nnte Sie auch interessieren<\/h2>\n\n\n\n<div class=\"wp-block-humbel-blocks-sites-section\"><div class=\"sites-section-inner\">\n<div class=\"wp-block-humbel-blocks-site\"><div class=\"site-card-block\"><div class=\"site-card-block-image\"><img decoding=\"async\" src=\"https:\/\/www.humbel-gears.com\/wp-content\/uploads\/2026\/02\/Humbel_Logo_BlauerHintergrund_RGB.jpg\" alt=\"\"\/><\/div><div class=\"site-card-block-content\"><h3 class=\"site-card-block-heading\">Humbel Schweiz<\/h3><p class=\"site-card-block-body\">Das Schweizer Traditionsunternehmen Humbel Zahnr\u00e4der mit Sitz in Kradolf ist Kompetenzzentrum im Bereich Forschung, Entwicklung und Fertigung innovativer Zahnradtechnologie und spielt in der Branche eine f\u00fchrende Rolle.<\/p><p class=\"site-card-block-link\"><a href=\"https:\/\/www.humbel-gears.com\/de\/ueber-uns\/humbel-schweiz\/\" data-type=\"page\" data-id=\"71\">Mehr dazu<\/a><\/p><\/div><\/div><\/div>\n\n\n\n<div class=\"wp-block-humbel-blocks-site\"><div class=\"site-card-block\"><div class=\"site-card-block-image\"><img decoding=\"async\" src=\"https:\/\/www.humbel-gears.com\/wp-content\/uploads\/2026\/02\/Novogear_Logo_BlauerHintergrund_RGB.jpg\" alt=\"\"\/><\/div><div class=\"site-card-block-content\"><h3 class=\"site-card-block-heading\">Novogear<\/h3><p class=\"site-card-block-body\">Novogear im tschechischen Fr\u00fddek-M\u00edstek ist das gr\u00f6sste Produktionswerk der Humbel-Gruppe. Es ist Kompetenzzentrum f\u00fcr gr\u00f6ssere Verzahnungskomponenten und die Montage von Antriebssystemen.<\/p><p class=\"site-card-block-link\"><a href=\"https:\/\/www.humbel-gears.com\/de\/ueber-uns\/novogear\/\" data-type=\"page\" data-id=\"73\">Mehr dazu<\/a><\/p><\/div><\/div><\/div>\n\n\n\n<div class=\"wp-block-humbel-blocks-site\"><div class=\"site-card-block\"><div class=\"site-card-block-image\"><img decoding=\"async\" src=\"https:\/\/www.humbel-gears.com\/wp-content\/uploads\/2026\/02\/HPT_Logo_BlauerHintergrund_RGB.jpg\" alt=\"\"\/><\/div><div class=\"site-card-block-content\"><h3 class=\"site-card-block-heading\">HPT Humbel<\/h3><p class=\"site-card-block-body\">HPT Humbel im rum\u00e4nischen Sebe\u0219 hat sich als Zulieferwerk von Humbel und Novogear etabliert, das kleinere bis mittelgrosse Zahnr\u00e4der effizient produziert. HPT Humbel beliefert auch direkt Kunden auf dem rum\u00e4nischen Markt.<\/p><p class=\"site-card-block-link\"><a href=\"https:\/\/www.humbel-gears.com\/de\/ueber-uns\/hpt-humbel\/\" data-type=\"page\" data-id=\"75\">Mehr dazu<\/a><\/p><\/div><\/div><\/div>\n<\/div><\/div>\n<\/div>\n<\/div><\/div>\n","protected":false},"excerpt":{"rendered":"","protected":false},"author":3,"featured_media":0,"parent":0,"menu_order":0,"comment_status":"closed","ping_status":"closed","template":"","meta":{"inline_featured_image":false,"_genesis_hide_title":false,"_genesis_hide_breadcrumbs":false,"_genesis_hide_singular_image":false,"_genesis_hide_footer_widgets":false,"_genesis_custom_body_class":"","_genesis_custom_post_class":"","_genesis_layout":"","footnotes":""},"class_list":{"0":"post-1993","1":"page","2":"type-page","3":"status-publish","5":"entry"},"_links":{"self":[{"href":"https:\/\/www.humbel-gears.com\/de\/wp-json\/wp\/v2\/pages\/1993","targetHints":{"allow":["GET"]}}],"collection":[{"href":"https:\/\/www.humbel-gears.com\/de\/wp-json\/wp\/v2\/pages"}],"about":[{"href":"https:\/\/www.humbel-gears.com\/de\/wp-json\/wp\/v2\/types\/page"}],"author":[{"embeddable":true,"href":"https:\/\/www.humbel-gears.com\/de\/wp-json\/wp\/v2\/users\/3"}],"replies":[{"embeddable":true,"href":"https:\/\/www.humbel-gears.com\/de\/wp-json\/wp\/v2\/comments?post=1993"}],"version-history":[{"count":5,"href":"https:\/\/www.humbel-gears.com\/de\/wp-json\/wp\/v2\/pages\/1993\/revisions"}],"predecessor-version":[{"id":2244,"href":"https:\/\/www.humbel-gears.com\/de\/wp-json\/wp\/v2\/pages\/1993\/revisions\/2244"}],"wp:attachment":[{"href":"https:\/\/www.humbel-gears.com\/de\/wp-json\/wp\/v2\/media?parent=1993"}],"curies":[{"name":"wp","href":"https:\/\/api.w.org\/{rel}","templated":true}]}}