{"id":1960,"date":"2026-02-06T13:48:17","date_gmt":"2026-02-06T11:48:17","guid":{"rendered":"https:\/\/www.humbel-gears.com\/ueber-uns\/history\/"},"modified":"2026-03-30T14:53:10","modified_gmt":"2026-03-30T14:53:10","slug":"geschichte","status":"publish","type":"page","link":"https:\/\/www.humbel-gears.com\/de\/ueber-uns\/geschichte\/","title":{"rendered":"Geschichte"},"content":{"rendered":"\n<div class=\"wp-block-humbel-blocks-humbel-section alignfull is-section-about-hero\"><div class=\"wrap\">\n<h1 class=\"wp-block-heading\">Geschichte<\/h1>\n\n\n\n<p>Eine starke Familie<br>w\u00e4chst heran<\/p>\n\n\n\n<p>Was heute an drei Standorten in Zentral- und Osteuropa pr\u00e4sent ist, begann in einer bescheidenen Werkstatt. \u00dcber die Jahrzehnte und alle Krisen hinweg untermauern unsere Meilensteine das Wissen um die technischen Ver\u00e4nderungen und das ausgepr\u00e4gte Gesp\u00fcr, genau zum richtigen Zeitpunkt f\u00fcr die Kunden vor Ort zu sein.<\/p>\n<\/div><\/div>\n\n\n\n<div class=\"wp-block-humbel-blocks-humbel-section alignfull\"><div class=\"wrap\">\n<div class=\"wp-block-humbel-blocks-milestones milestones-timeline\"><h2 class=\"milestones-timeline-heading\">Meilensteine<\/h2><div class=\"milestones-timeline-track\">\n<div class=\"wp-block-humbel-blocks-milestone milestones-timeline-entry\"><div class=\"milestones-timeline-entry-description\"><div class=\"milestones-timeline-entry-description-text\">Erweiterungsbau f\u00fcr zus\u00e4tzliche Produktionskapazit\u00e4ten bei Novogear.<\/div><\/div><div class=\"milestones-timeline-entry-connector\" aria-hidden=\"true\"><span class=\"milestones-timeline-entry-connector-line\"><\/span><span class=\"milestones-timeline-entry-connector-dot\"><\/span><\/div><div class=\"milestones-timeline-entry-year\"><span class=\"milestones-timeline-entry-year-label\">2026<\/span><\/div><\/div>\n\n\n\n<div class=\"wp-block-humbel-blocks-milestone milestones-timeline-entry\"><div class=\"milestones-timeline-entry-description\"><div class=\"milestones-timeline-entry-description-text\">Zertifizierung des Schweizer Standorts nach EN 9100 f\u00fcr die Luftfahrtindustrie.<\/div><\/div><div class=\"milestones-timeline-entry-connector\" aria-hidden=\"true\"><span class=\"milestones-timeline-entry-connector-line\"><\/span><span class=\"milestones-timeline-entry-connector-dot\"><\/span><\/div><div class=\"milestones-timeline-entry-year\"><span class=\"milestones-timeline-entry-year-label\">2025<\/span><\/div><\/div>\n\n\n\n<div class=\"wp-block-humbel-blocks-milestone milestones-timeline-entry\"><div class=\"milestones-timeline-entry-description\"><div class=\"milestones-timeline-entry-description-text\">Um die Nachhaltigkeit unserer Gruppe zu verbessern, werden alle Produktionswerke mit Fotovoltaikanlagen ausgestattet<\/div><\/div><div class=\"milestones-timeline-entry-connector\" aria-hidden=\"true\"><span class=\"milestones-timeline-entry-connector-line\"><\/span><span class=\"milestones-timeline-entry-connector-dot\"><\/span><\/div><div class=\"milestones-timeline-entry-year\"><span class=\"milestones-timeline-entry-year-label\">2024<\/span><\/div><\/div>\n\n\n\n<div class=\"wp-block-humbel-blocks-milestone milestones-timeline-entry\"><div class=\"milestones-timeline-entry-description\"><div class=\"milestones-timeline-entry-description-text\">Im Kompetenzzentrum f\u00fcr den Schienenfahrzeugbereich Novogear werden substanzielle Investitionen in automatisierte Dreh- und Schleifmaschinen get\u00e4tigt.<\/div><\/div><div class=\"milestones-timeline-entry-connector\" aria-hidden=\"true\"><span class=\"milestones-timeline-entry-connector-line\"><\/span><span class=\"milestones-timeline-entry-connector-dot\"><\/span><\/div><div class=\"milestones-timeline-entry-year\"><span class=\"milestones-timeline-entry-year-label\">2023<\/span><\/div><\/div>\n\n\n\n<div class=\"wp-block-humbel-blocks-milestone milestones-timeline-entry\"><div class=\"milestones-timeline-entry-description\"><div class=\"milestones-timeline-entry-description-text\">Die Humbel Group erlangt das ISO 9001 Gruppenzertifikat. Das neu eingef\u00fchrte Qualit\u00e4tsmanagementsystem erm\u00f6glicht der Humbel Group eine Verbesserung und Vereinheitlichung der internen Prozesse \u00fcber die verschiedenen Standorte hinweg.<\/div><\/div><div class=\"milestones-timeline-entry-connector\" aria-hidden=\"true\"><span class=\"milestones-timeline-entry-connector-line\"><\/span><span class=\"milestones-timeline-entry-connector-dot\"><\/span><\/div><div class=\"milestones-timeline-entry-year\"><span class=\"milestones-timeline-entry-year-label\">2022<\/span><\/div><\/div>\n\n\n\n<div class=\"wp-block-humbel-blocks-milestone milestones-timeline-entry\"><div class=\"milestones-timeline-entry-description\"><div class=\"milestones-timeline-entry-image\"><img decoding=\"async\" src=\"https:\/\/www.humbel-gears.com\/wp-content\/uploads\/2026\/02\/PWC.webp\" alt=\"\" class=\"milestones-timeline-entry-image-el\"\/><\/div><div class=\"milestones-timeline-entry-description-text\">Entwicklung, Validierung und Serienfertigung eines kompletten Planetengetriebes in der E-Mobilit\u00e4t f\u00fcr unseren US Kunden Pure Watercraft<\/div><\/div><div class=\"milestones-timeline-entry-connector\" aria-hidden=\"true\"><span class=\"milestones-timeline-entry-connector-line\"><\/span><span class=\"milestones-timeline-entry-connector-dot\"><\/span><\/div><div class=\"milestones-timeline-entry-year\"><span class=\"milestones-timeline-entry-year-label\">2021<\/span><\/div><\/div>\n\n\n\n<div class=\"wp-block-humbel-blocks-milestone milestones-timeline-entry\"><div class=\"milestones-timeline-entry-description\"><div class=\"milestones-timeline-entry-description-text\">Die Kompetenz in der kubischen Bearbeitung wird in der Gruppe durch Investitionen in neue Bearbeitungszentren gest\u00e4rkt. Neu k\u00f6nnen auch gr\u00f6ssere Getriebegeh\u00e4use komplett bearbeitet werden.<\/div><\/div><div class=\"milestones-timeline-entry-connector\" aria-hidden=\"true\"><span class=\"milestones-timeline-entry-connector-line\"><\/span><span class=\"milestones-timeline-entry-connector-dot\"><\/span><\/div><div class=\"milestones-timeline-entry-year\"><span class=\"milestones-timeline-entry-year-label\">2020<\/span><\/div><\/div>\n\n\n\n<div class=\"wp-block-humbel-blocks-milestone milestones-timeline-entry\"><div class=\"milestones-timeline-entry-description\"><div class=\"milestones-timeline-entry-description-text\">Erfolgreiche Umsetzung des Forschungsprojektes zur Zahnfuss-Optimierung, bei dem die Leistungsdichte erh\u00f6ht, sowie Bauraum und Ger\u00e4uschpegel signifikant reduziert werden k\u00f6nnen. Der nachweisliche Mehrwert bringt unseren Kunden einen entscheidenden Wettbewerbsvorteil.<\/div><\/div><div class=\"milestones-timeline-entry-connector\" aria-hidden=\"true\"><span class=\"milestones-timeline-entry-connector-line\"><\/span><span class=\"milestones-timeline-entry-connector-dot\"><\/span><\/div><div class=\"milestones-timeline-entry-year\"><span class=\"milestones-timeline-entry-year-label\">2020<\/span><\/div><\/div>\n\n\n\n<div class=\"wp-block-humbel-blocks-milestone milestones-timeline-entry\"><div class=\"milestones-timeline-entry-description\"><div class=\"milestones-timeline-entry-description-text\">Ausbau des Engineerings mit Fokus auf kompletten Getriebentwicklungen und Forschungsaktivit\u00e4ten in Zusammenarbeit mit namhaften technischen Hochschulen.<\/div><\/div><div class=\"milestones-timeline-entry-connector\" aria-hidden=\"true\"><span class=\"milestones-timeline-entry-connector-line\"><\/span><span class=\"milestones-timeline-entry-connector-dot\"><\/span><\/div><div class=\"milestones-timeline-entry-year\"><span class=\"milestones-timeline-entry-year-label\">2019<\/span><\/div><\/div>\n\n\n\n<div class=\"wp-block-humbel-blocks-milestone milestones-timeline-entry\"><div class=\"milestones-timeline-entry-description\"><div class=\"milestones-timeline-entry-image\"><img decoding=\"async\" src=\"https:\/\/www.humbel-gears.com\/wp-content\/uploads\/2026\/02\/M20_1197_fine-1-1.jpg\" alt=\"\" class=\"milestones-timeline-entry-image-el\"\/><\/div><div class=\"milestones-timeline-entry-description-text\">Die intensive und inspirierende Partnerschaft zwischen dem Engineering von Porsche und Humbel m\u00fcndet in der gemeinsamen Entwicklung hochkomplexer Bauteile f\u00fcr die Formel-E.<\/div><\/div><div class=\"milestones-timeline-entry-connector\" aria-hidden=\"true\"><span class=\"milestones-timeline-entry-connector-line\"><\/span><span class=\"milestones-timeline-entry-connector-dot\"><\/span><\/div><div class=\"milestones-timeline-entry-year\"><span class=\"milestones-timeline-entry-year-label\">2019<\/span><\/div><\/div>\n\n\n\n<div class=\"wp-block-humbel-blocks-milestone milestones-timeline-entry\"><div class=\"milestones-timeline-entry-description\"><div class=\"milestones-timeline-entry-description-text\">Gr\u00fcndung der Humbel Geartec (UK) Ltd. als Vertriebsniederlassung. So k\u00f6nnen wir die f\u00fcr uns und unsere Kunden so wichtige Kundenn\u00e4he auch in Nordeuropa besser pflegen. Die Standortwahl ist kein Zufall: In England sind der Motorsport, die Luftfahrt und Wehrtechnik stark ausgepr\u00e4gte Industriezweige.<\/div><\/div><div class=\"milestones-timeline-entry-connector\" aria-hidden=\"true\"><span class=\"milestones-timeline-entry-connector-line\"><\/span><span class=\"milestones-timeline-entry-connector-dot\"><\/span><\/div><div class=\"milestones-timeline-entry-year\"><span class=\"milestones-timeline-entry-year-label\">2017<\/span><\/div><\/div>\n\n\n\n<div class=\"wp-block-humbel-blocks-milestone milestones-timeline-entry\"><div class=\"milestones-timeline-entry-description\"><div class=\"milestones-timeline-entry-image\"><img decoding=\"async\" src=\"https:\/\/www.humbel-gears.com\/wp-content\/uploads\/2026\/02\/2013_humbel_thailand.jpg\" alt=\"\" class=\"milestones-timeline-entry-image-el\"\/><\/div><div class=\"milestones-timeline-entry-description-text\">In Bangkok, Thailand, wird die Humbel Geartec (Thailand) Ltd. gegr\u00fcndet. Sie ist ein wichtiger Dreh- und Angelpunkt f\u00fcr die Beschaffung und den Vertrieb im asiatischen Markt und eine erfolgreiche Supply Chain im Bereich Gussgeh\u00e4use und -bearbeitung.<\/div><\/div><div class=\"milestones-timeline-entry-connector\" aria-hidden=\"true\"><span class=\"milestones-timeline-entry-connector-line\"><\/span><span class=\"milestones-timeline-entry-connector-dot\"><\/span><\/div><div class=\"milestones-timeline-entry-year\"><span class=\"milestones-timeline-entry-year-label\">2013<\/span><\/div><\/div>\n\n\n\n<div class=\"wp-block-humbel-blocks-milestone milestones-timeline-entry\"><div class=\"milestones-timeline-entry-description\"><div class=\"milestones-timeline-entry-description-text\">Die Humbel-Gruppe er\u00f6ffnet einen neuen Vertriebsstandort in Deutschland, die Humbel Geartec GmbH in Mindelheim, um die wachsende Kundschaft in Deutschland und \u00d6sterreich noch intensiver betreuen zu k\u00f6nnen.<\/div><\/div><div class=\"milestones-timeline-entry-connector\" aria-hidden=\"true\"><span class=\"milestones-timeline-entry-connector-line\"><\/span><span class=\"milestones-timeline-entry-connector-dot\"><\/span><\/div><div class=\"milestones-timeline-entry-year\"><span class=\"milestones-timeline-entry-year-label\">2011<\/span><\/div><\/div>\n\n\n\n<div class=\"wp-block-humbel-blocks-milestone milestones-timeline-entry\"><div class=\"milestones-timeline-entry-description\"><div class=\"milestones-timeline-entry-description-text\">In zwei Schritten vergr\u00f6ssert die HPT Humbel Produktionstechnik SRL in Rum\u00e4nien ihre Produktionsfl\u00e4che, um die wachsende Nachfrage zu befriedigen. In den Anbauten betreibt HPT nun auch eine eigene H\u00e4rterei.<\/div><\/div><div class=\"milestones-timeline-entry-connector\" aria-hidden=\"true\"><span class=\"milestones-timeline-entry-connector-line\"><\/span><span class=\"milestones-timeline-entry-connector-dot\"><\/span><\/div><div class=\"milestones-timeline-entry-year\"><span class=\"milestones-timeline-entry-year-label\">2007 und 2011<\/span><\/div><\/div>\n\n\n\n<div class=\"wp-block-humbel-blocks-milestone milestones-timeline-entry\"><div class=\"milestones-timeline-entry-description\"><div class=\"milestones-timeline-entry-image\"><img decoding=\"async\" src=\"https:\/\/www.humbel-gears.com\/wp-content\/uploads\/2026\/02\/2005_Novogear_Neubau.jpg\" alt=\"\" class=\"milestones-timeline-entry-image-el\"\/><\/div><div class=\"milestones-timeline-entry-description-text\">Ein moderner Anbau erm\u00f6glicht Novogear Technologies die Integration einer eigenen H\u00e4rterei und bessere Bedingungen f\u00fcr die Montage.<br>Urs Humbel wird Mitglied des Verwaltungsrats und \u00fcbernimmt zwei Jahre sp\u00e4ter die Gesch\u00e4ftsleitung der Humbel Gruppe. Damit ist die Kontinuit\u00e4t des Familienunternehmens auch in der vierten Generation sichergestellt.<\/div><\/div><div class=\"milestones-timeline-entry-connector\" aria-hidden=\"true\"><span class=\"milestones-timeline-entry-connector-line\"><\/span><span class=\"milestones-timeline-entry-connector-dot\"><\/span><\/div><div class=\"milestones-timeline-entry-year\"><span class=\"milestones-timeline-entry-year-label\">2005<\/span><\/div><\/div>\n\n\n\n<div class=\"wp-block-humbel-blocks-milestone milestones-timeline-entry\"><div class=\"milestones-timeline-entry-description\"><div class=\"milestones-timeline-entry-image\"><img decoding=\"async\" src=\"https:\/\/www.humbel-gears.com\/wp-content\/uploads\/2026\/02\/2001_Humbel_HPT_Sebes.jpg\" alt=\"\" class=\"milestones-timeline-entry-image-el\"\/><\/div><div class=\"milestones-timeline-entry-description-text\">Mit der HPT Humbel Produktionstechnik SRL Rum\u00e4nien gr\u00fcndet Humbel seine zweite Tochtergesellschaft. Ausgestattet mit einem modernen Maschinenpark, fertigt das dortige Werk auch gr\u00f6ssere St\u00fcckzahlen zu g\u00fcnstigen Konditionen in gewohnter Humbel-Qualit\u00e4t.<\/div><\/div><div class=\"milestones-timeline-entry-connector\" aria-hidden=\"true\"><span class=\"milestones-timeline-entry-connector-line\"><\/span><span class=\"milestones-timeline-entry-connector-dot\"><\/span><\/div><div class=\"milestones-timeline-entry-year\"><span class=\"milestones-timeline-entry-year-label\">2001<\/span><\/div><\/div>\n\n\n\n<div class=\"wp-block-humbel-blocks-milestone milestones-timeline-entry\"><div class=\"milestones-timeline-entry-description\"><div class=\"milestones-timeline-entry-description-text\">Novogear Technologies realisiert einen modernen und zweckm\u00e4ssigen Neubau an ihrem heutigen Standort in Frydek-Mistek.<\/div><\/div><div class=\"milestones-timeline-entry-connector\" aria-hidden=\"true\"><span class=\"milestones-timeline-entry-connector-line\"><\/span><span class=\"milestones-timeline-entry-connector-dot\"><\/span><\/div><div class=\"milestones-timeline-entry-year\"><span class=\"milestones-timeline-entry-year-label\">2000<\/span><\/div><\/div>\n\n\n\n<div class=\"wp-block-humbel-blocks-milestone milestones-timeline-entry\"><div class=\"milestones-timeline-entry-description\"><div class=\"milestones-timeline-entry-description-text\">Mit der Gr\u00fcndung von Novogear Technologies in Tschechien expandiert Humbel ins Ausland und er\u00f6ffnet sein erstes Werk in Osteuropa.<\/div><\/div><div class=\"milestones-timeline-entry-connector\" aria-hidden=\"true\"><span class=\"milestones-timeline-entry-connector-line\"><\/span><span class=\"milestones-timeline-entry-connector-dot\"><\/span><\/div><div class=\"milestones-timeline-entry-year\"><span class=\"milestones-timeline-entry-year-label\">1993<\/span><\/div><\/div>\n\n\n\n<div class=\"wp-block-humbel-blocks-milestone milestones-timeline-entry\"><div class=\"milestones-timeline-entry-description\"><div class=\"milestones-timeline-entry-image\"><img decoding=\"async\" src=\"https:\/\/www.humbel-gears.com\/wp-content\/uploads\/2026\/02\/1980_Humbel_Fabrik.jpg\" alt=\"\" class=\"milestones-timeline-entry-image-el\"\/><\/div><div class=\"milestones-timeline-entry-description-text\">Am Standort Kradolf wird die Produktionsfl\u00e4che durch einen Anbau mehr als verdoppelt.<\/div><\/div><div class=\"milestones-timeline-entry-connector\" aria-hidden=\"true\"><span class=\"milestones-timeline-entry-connector-line\"><\/span><span class=\"milestones-timeline-entry-connector-dot\"><\/span><\/div><div class=\"milestones-timeline-entry-year\"><span class=\"milestones-timeline-entry-year-label\">1980<\/span><\/div><\/div>\n\n\n\n<div class=\"wp-block-humbel-blocks-milestone milestones-timeline-entry\"><div class=\"milestones-timeline-entry-description\"><div class=\"milestones-timeline-entry-description-text\">Mit Willi Humbel \u00fcbernimmt ein Vertreter der dritten Generation die Betriebsleitung. 1978 tritt Thomas Humbel in die Firma ein und unterst\u00fctzt seinen Bruder Willi in den Bereichen Engineering und Informatik. Zu diesem Zeitpunkt setzte sich der Verwaltungsrat aus zweiter und dritter Generation zusammen, mit Josef, Willi und Thomas Humbel.<\/div><\/div><div class=\"milestones-timeline-entry-connector\" aria-hidden=\"true\"><span class=\"milestones-timeline-entry-connector-line\"><\/span><span class=\"milestones-timeline-entry-connector-dot\"><\/span><\/div><div class=\"milestones-timeline-entry-year\"><span class=\"milestones-timeline-entry-year-label\">1972<\/span><\/div><\/div>\n\n\n\n<div class=\"wp-block-humbel-blocks-milestone milestones-timeline-entry\"><div class=\"milestones-timeline-entry-description\"><div class=\"milestones-timeline-entry-image\"><img decoding=\"async\" src=\"https:\/\/www.humbel-gears.com\/wp-content\/uploads\/2026\/02\/1966_wilhelm_humbel.png\" alt=\"\" class=\"milestones-timeline-entry-image-el\"\/><\/div><div class=\"milestones-timeline-entry-description-text\">Die Zahnrad Fabrik W. Humbel u. S\u00f6hne AG nimmt Abschied von ihrem Gr\u00fcnder Wilhelm Humbel sen. Durch seine unerm\u00fcdliche Arbeit hatte er den Grundstein f\u00fcr die langj\u00e4hrige Erfolgsgeschichte des Unternehmens gelegt.<\/div><\/div><div class=\"milestones-timeline-entry-connector\" aria-hidden=\"true\"><span class=\"milestones-timeline-entry-connector-line\"><\/span><span class=\"milestones-timeline-entry-connector-dot\"><\/span><\/div><div class=\"milestones-timeline-entry-year\"><span class=\"milestones-timeline-entry-year-label\">1966<\/span><\/div><\/div>\n\n\n\n<div class=\"wp-block-humbel-blocks-milestone milestones-timeline-entry\"><div class=\"milestones-timeline-entry-description\"><div class=\"milestones-timeline-entry-image\"><img decoding=\"async\" src=\"https:\/\/www.humbel-gears.com\/wp-content\/uploads\/2026\/02\/1964_Humbel_fabrik_4.png\" alt=\"\" class=\"milestones-timeline-entry-image-el\"\/><\/div><div class=\"milestones-timeline-entry-description-text\">Im September 1964 wird die neue Fabrik an der Oberfeldstrasse 9 in Kradolf er\u00f6ffnet. Das moderne Geb\u00e4ude erm\u00f6glicht bessere Arbeitsbedingungen und l\u00e4sst gen\u00fcgend Raum f\u00fcr die kontinuierliche Erweiterung des Maschinenparks<\/div><\/div><div class=\"milestones-timeline-entry-connector\" aria-hidden=\"true\"><span class=\"milestones-timeline-entry-connector-line\"><\/span><span class=\"milestones-timeline-entry-connector-dot\"><\/span><\/div><div class=\"milestones-timeline-entry-year\"><span class=\"milestones-timeline-entry-year-label\">1964<\/span><\/div><\/div>\n\n\n\n<div class=\"wp-block-humbel-blocks-milestone milestones-timeline-entry\"><div class=\"milestones-timeline-entry-description\"><div class=\"milestones-timeline-entry-image\"><img decoding=\"async\" src=\"https:\/\/www.humbel-gears.com\/wp-content\/uploads\/2026\/02\/1947_Humbel_familie.png\" alt=\"\" class=\"milestones-timeline-entry-image-el\"\/><\/div><div class=\"milestones-timeline-entry-description-text\">Nach harten Arbeitsjahren hat Wilhelm Humbel die Basis f\u00fcr ein solides Gesch\u00e4ft gelegt. Die Werkstatt wird laufend mit besseren und leistungsf\u00e4higeren Maschinen ausgestattet. Bereits 1947 ist die Fabrik auf 400 m2 gewachsen. Mit seinen beiden S\u00f6hnen Wilhelm und Paul, sowie 6 Jahre sp\u00e4ter auch mit seinem Sohn Joseph, erh\u00e4lt das neu als Zahnrad Fabrik W. Humbel u. S\u00f6hne AG firmierende Unternehmen wertvolle Mitarbeiter.<\/div><\/div><div class=\"milestones-timeline-entry-connector\" aria-hidden=\"true\"><span class=\"milestones-timeline-entry-connector-line\"><\/span><span class=\"milestones-timeline-entry-connector-dot\"><\/span><\/div><div class=\"milestones-timeline-entry-year\"><span class=\"milestones-timeline-entry-year-label\">1949<\/span><\/div><\/div>\n\n\n\n<div class=\"wp-block-humbel-blocks-milestone milestones-timeline-entry\"><div class=\"milestones-timeline-entry-description\"><div class=\"milestones-timeline-entry-image\"><img decoding=\"async\" src=\"https:\/\/www.humbel-gears.com\/wp-content\/uploads\/2026\/02\/1928_humbel_werk.png\" alt=\"\" class=\"milestones-timeline-entry-image-el\"\/><\/div><div class=\"milestones-timeline-entry-description-text\">Wilhelm Humbel gr\u00fcndet die Zahnradfabrik W. Humbel und beginnt in seinem eigenen Haus mit nur einer Maschine die ersten Zahnr\u00e4der zu fertigen. Der diplomierte Maschinentechniker, ausger\u00fcstet mit vielseitigen Kenntnissen und Erfahrungen aus der Maschinenindustrie, ist sich von Anfang an im Klaren, dass ein voller Einsatz notwendig sein wird, um eine Kundschaft aufzubauen und gegen die Konkurrenz zu bestehen.<\/div><\/div><div class=\"milestones-timeline-entry-connector\" aria-hidden=\"true\"><span class=\"milestones-timeline-entry-connector-line\"><\/span><span class=\"milestones-timeline-entry-connector-dot\"><\/span><\/div><div class=\"milestones-timeline-entry-year\"><span class=\"milestones-timeline-entry-year-label\">1928<\/span><\/div><\/div>\n<\/div><div class=\"milestones-timeline-button-wrapper\"><button type=\"button\" class=\"milestones-timeline-button\">show all<\/button><\/div><\/div>\n<\/div><\/div>\n","protected":false},"excerpt":{"rendered":"","protected":false},"author":3,"featured_media":0,"parent":1850,"menu_order":0,"comment_status":"closed","ping_status":"closed","template":"","meta":{"inline_featured_image":false,"_genesis_hide_title":false,"_genesis_hide_breadcrumbs":false,"_genesis_hide_singular_image":false,"_genesis_hide_footer_widgets":false,"_genesis_custom_body_class":"","_genesis_custom_post_class":"","_genesis_layout":"","footnotes":""},"class_list":{"0":"post-1960","1":"page","2":"type-page","3":"status-publish","5":"entry"},"_links":{"self":[{"href":"https:\/\/www.humbel-gears.com\/de\/wp-json\/wp\/v2\/pages\/1960","targetHints":{"allow":["GET"]}}],"collection":[{"href":"https:\/\/www.humbel-gears.com\/de\/wp-json\/wp\/v2\/pages"}],"about":[{"href":"https:\/\/www.humbel-gears.com\/de\/wp-json\/wp\/v2\/types\/page"}],"author":[{"embeddable":true,"href":"https:\/\/www.humbel-gears.com\/de\/wp-json\/wp\/v2\/users\/3"}],"replies":[{"embeddable":true,"href":"https:\/\/www.humbel-gears.com\/de\/wp-json\/wp\/v2\/comments?post=1960"}],"version-history":[{"count":2,"href":"https:\/\/www.humbel-gears.com\/de\/wp-json\/wp\/v2\/pages\/1960\/revisions"}],"predecessor-version":[{"id":2352,"href":"https:\/\/www.humbel-gears.com\/de\/wp-json\/wp\/v2\/pages\/1960\/revisions\/2352"}],"up":[{"embeddable":true,"href":"https:\/\/www.humbel-gears.com\/de\/wp-json\/wp\/v2\/pages\/1850"}],"wp:attachment":[{"href":"https:\/\/www.humbel-gears.com\/de\/wp-json\/wp\/v2\/media?parent=1960"}],"curies":[{"name":"wp","href":"https:\/\/api.w.org\/{rel}","templated":true}]}}