{"id":1957,"date":"2026-02-06T13:48:05","date_gmt":"2026-02-06T13:48:05","guid":{"rendered":"https:\/\/www.humbel-gears.com\/ueber-uns\/value\/"},"modified":"2026-03-30T10:27:46","modified_gmt":"2026-03-30T10:27:46","slug":"grundwerte","status":"publish","type":"page","link":"https:\/\/www.humbel-gears.com\/de\/ueber-uns\/grundwerte\/","title":{"rendered":"Grundwerte"},"content":{"rendered":"\n<div class=\"wp-block-humbel-blocks-humbel-section alignfull is-section-about-hero\"><div class=\"wrap\">\n<h1 class=\"wp-block-heading\">Grundwerte<\/h1>\n\n\n\n<p>unser Selbstverst\u00e4ndnis<br>unsere Werte<\/p>\n\n\n\n<p>Eine Haltung, ein Versprechen und eine Ambition. Diese drei S\u00e4ulen bestimmen unser Selbstverst\u00e4ndnis, den Umgang mit unseren Kunden und pr\u00e4gen all unsere Handlungen, die in der hohen Qualit\u00e4t der Produkte ihren Ausdruck finden.<\/p>\n<\/div><\/div>\n\n\n\n<div class=\"wp-block-humbel-blocks-humbel-section alignfull is-section-three-fourths\"><div class=\"wrap\">\n<div class=\"wp-block-group\">\n<h2 class=\"wp-block-heading\">Unser Versprechen<\/h2>\n\n\n\n<p><strong>Genau das, was unsere Kunden voranbringt<\/strong><br>Unsere Innovationskraft ist exakt genauso vielseitig wie die Bed\u00fcrfnisse unserer Kunden.<\/p>\n\n\n\n<p><strong>Genau zum richtigen Zeitpunkt<\/strong><br>Wir optimieren unsere Prozesse und Methoden laufend. Das macht uns schnell und agil.<\/p>\n\n\n\n<p><strong>Kompromisslos High-End<br><\/strong>Die beste L\u00f6sung in der besten Umsetzungsqualit\u00e4t. Punkt.<\/p>\n\n\n\n<p><strong>Worauf man sich verlassen kann<br><\/strong>Wir stehen f\u00fcr absolute Planbarkeit und die sprichw\u00f6rtliche Schweizer Zuverl\u00e4ssigkeit.<\/p>\n\n\n\n<div style=\"height:70px\" aria-hidden=\"true\" class=\"wp-block-spacer\"><\/div>\n<\/div>\n\n\n\n<div class=\"wp-block-group\">\n<h2 class=\"wp-block-heading\">Unsere Werte<\/h2>\n\n\n\n<figure class=\"wp-block-image size-large\"><img loading=\"lazy\" decoding=\"async\" width=\"1024\" height=\"614\" src=\"https:\/\/www.humbel-gears.com\/wp-content\/uploads\/2026\/03\/werte_humbel-1024x614.webp\" alt=\"\" class=\"wp-image-2166\" srcset=\"https:\/\/www.humbel-gears.com\/wp-content\/uploads\/2026\/03\/werte_humbel-1024x614.webp 1024w, https:\/\/www.humbel-gears.com\/wp-content\/uploads\/2026\/03\/werte_humbel-300x180.webp 300w, https:\/\/www.humbel-gears.com\/wp-content\/uploads\/2026\/03\/werte_humbel-768x461.webp 768w, https:\/\/www.humbel-gears.com\/wp-content\/uploads\/2026\/03\/werte_humbel.webp 1200w\" sizes=\"auto, (max-width: 1024px) 100vw, 1024px\" \/><\/figure>\n\n\n\n<div style=\"height:20px\" aria-hidden=\"true\" class=\"wp-block-spacer\"><\/div>\n\n\n\n<p><strong>Teamwork<\/strong><\/p>\n\n\n\n<p>Wir f\u00f6rdern eine Kultur der gegenseitigen Unterst\u00fctzung, gepr\u00e4gt von Offenheit und Respekt. Jedes Teammitglied leistet einen wesentlichen Beitrag zum gemeinsamen Erfolg unseres Unternehmens.<\/p>\n\n\n\n<p><strong>Verantwortung<\/strong><br>Wir zeichnen uns durch eine verantwortungsbewusste Arbeitsweise aus. Wir sind uns unserer gemeinsamen Ziele bewusst und stehen zu unserem Wort.<\/p>\n\n\n\n<p><strong>Excellence<\/strong><br>Wir gew\u00e4hrleisten Spitzenqualit\u00e4t und gehen bewusst mit Ressourcen um. Unsere Expertise und Innovationen bieten Kunden erheblichen Mehrwert. St\u00e4ndige Verbesserungen treiben uns voran.<\/p>\n\n\n\n<p><strong>Positives Mindset<\/strong><br>Unser Ansatz ist l\u00f6sungsorientiert, fokussiert auf effektive L\u00f6sungen statt Probleme. Wir bevorzugen Einfachheit in L\u00f6sungen und Kommunikation, bleiben dabei klar und direkt. Zudem bewahren wir stets unseren Sinn f\u00fcr Humor.<\/p>\n\n\n\n<div style=\"height:70px\" aria-hidden=\"true\" class=\"wp-block-spacer\"><\/div>\n<\/div>\n\n\n\n<div class=\"wp-block-group\">\n<h2 class=\"wp-block-heading\">Unsere Ambition<\/h2>\n\n\n\n<p class=\"has-blue-color has-text-color has-link-color wp-elements-17231f0da1f11cebb1578cbeed25cf4e\">Die Geschichte des menschlichen Fortschritts ist eine Geschichte der Zusammenarbeit. Diejenigen, die Grosses in Bewegung setzen wollen, kommen zusammen mit denen, die wissen, wie. In diesem Zusammenspiel, fokussiert auf die gemeinsame Aufgabe, entsteht mehr, als jeder Einzelne zu erreichen imstande ist.<\/p>\n\n\n\n<p>Das funktioniert dann am besten, wenn man eine tiefe \u00dcbereinstimmung hat dar\u00fcber, was wichtig und was selbstverst\u00e4ndlich ist. Es ist die gleiche Vertrautheit, die Familien miteinander verbindet. Bei uns sind das die innere \u00dcbereinkunft zu Verl\u00e4sslichkeit, Qualit\u00e4tsanspr\u00fcchen und der Fokus auf die gemeinsame Aufgabe. Was das angeht, ticken wir ganz selbstverst\u00e4ndlich alle gleich.<\/p>\n\n\n\n<p>Die Art und Weise, wie wir zusammenarbeiten, ist gepr\u00e4gt von Familiengeist. Wir wollen uns gegenseitig, aber vor allem auch unsere Kunden weiterbringen. Das ist f\u00fcr uns die Grundlage f\u00fcr ein m\u00fcheloses Ineinandergreifen von Kompetenzen ohne Reibungsverluste. Nahtlos arbeiten wir nicht nur f\u00fcr, sondern mit unseren Kunden \u2013 eng und partnerschaftlich.<\/p>\n<\/div>\n<\/div><\/div>\n","protected":false},"excerpt":{"rendered":"","protected":false},"author":3,"featured_media":0,"parent":1850,"menu_order":0,"comment_status":"closed","ping_status":"closed","template":"","meta":{"inline_featured_image":false,"_genesis_hide_title":false,"_genesis_hide_breadcrumbs":false,"_genesis_hide_singular_image":false,"_genesis_hide_footer_widgets":false,"_genesis_custom_body_class":"","_genesis_custom_post_class":"","_genesis_layout":"","footnotes":""},"class_list":{"0":"post-1957","1":"page","2":"type-page","3":"status-publish","5":"entry","6":"has-post-thumbnail"},"_links":{"self":[{"href":"https:\/\/www.humbel-gears.com\/de\/wp-json\/wp\/v2\/pages\/1957","targetHints":{"allow":["GET"]}}],"collection":[{"href":"https:\/\/www.humbel-gears.com\/de\/wp-json\/wp\/v2\/pages"}],"about":[{"href":"https:\/\/www.humbel-gears.com\/de\/wp-json\/wp\/v2\/types\/page"}],"author":[{"embeddable":true,"href":"https:\/\/www.humbel-gears.com\/de\/wp-json\/wp\/v2\/users\/3"}],"replies":[{"embeddable":true,"href":"https:\/\/www.humbel-gears.com\/de\/wp-json\/wp\/v2\/comments?post=1957"}],"version-history":[{"count":2,"href":"https:\/\/www.humbel-gears.com\/de\/wp-json\/wp\/v2\/pages\/1957\/revisions"}],"predecessor-version":[{"id":2177,"href":"https:\/\/www.humbel-gears.com\/de\/wp-json\/wp\/v2\/pages\/1957\/revisions\/2177"}],"up":[{"embeddable":true,"href":"https:\/\/www.humbel-gears.com\/de\/wp-json\/wp\/v2\/pages\/1850"}],"wp:attachment":[{"href":"https:\/\/www.humbel-gears.com\/de\/wp-json\/wp\/v2\/media?parent=1957"}],"curies":[{"name":"wp","href":"https:\/\/api.w.org\/{rel}","templated":true}]}}