{"id":1850,"date":"2026-02-06T08:22:47","date_gmt":"2026-02-06T08:22:47","guid":{"rendered":"https:\/\/www.humbel-gears.com\/about-us\/"},"modified":"2026-03-30T14:51:06","modified_gmt":"2026-03-30T14:51:06","slug":"ueber-uns","status":"publish","type":"page","link":"https:\/\/www.humbel-gears.com\/de\/ueber-uns\/","title":{"rendered":"\u00dcber uns"},"content":{"rendered":"\n<div class=\"wp-block-humbel-blocks-humbel-section alignfull is-section-about-hero\"><div class=\"wrap\">\n<h1 class=\"wp-block-heading\">\u00dcber uns<\/h1>\n<\/div><\/div>\n\n\n\n<div class=\"wp-block-humbel-blocks-humbel-section alignfull\"><div class=\"wrap\">\n<p>Zuverl\u00e4ssigkeit, h\u00f6chste Qualit\u00e4t und fortschrittliche Technologie zeichnen uns als Familienunternehmen in vierter Generation aus. Mit \u00fcber 400 engagierten Mitarbeitenden setzen wir alles daran, die Erwartungen unserer Kunden nicht nur zu erf\u00fcllen, sondern zu \u00fcbertreffen und ihre Entwicklung aktiv voranzutreiben.<\/p>\n<\/div><\/div>\n\n\n\n\n\n<div class=\"wp-block-humbel-blocks-humbel-section alignfull\"><div class=\"wrap\">\n<h2 class=\"wp-block-heading\">Unsere Unternehmen<\/h2>\n\n\n\n<div class=\"wp-block-humbel-blocks-sites-section\"><div class=\"sites-section-inner\">\n<div class=\"wp-block-humbel-blocks-site\"><div class=\"site-card-block\"><div class=\"site-card-block-image\"><img decoding=\"async\" src=\"https:\/\/www.humbel-gears.com\/wp-content\/uploads\/2026\/02\/Humbel_Logo_BlauerHintergrund_RGB.jpg\" alt=\"\"\/><\/div><div class=\"site-card-block-content\"><h3 class=\"site-card-block-heading\">Humbel Schweiz<\/h3><p class=\"site-card-block-body\">Das Schweizer Traditionsunternehmen Humbel Zahnr\u00e4der mit Sitz in Kradolf ist Kompetenzzentrum im Bereich Forschung, Entwicklung und Fertigung innovativer Zahnradtechnologie und spielt in der Branche eine f\u00fchrende Rolle.<\/p><p class=\"site-card-block-link\"><a href=\"https:\/\/www.humbel-gears.com\/de\/ueber-uns\/humbel-schweiz\/\" data-type=\"page\" data-id=\"71\">Mehr dazu<\/a><\/p><\/div><\/div><\/div>\n\n\n\n<div class=\"wp-block-humbel-blocks-site\"><div class=\"site-card-block\"><div class=\"site-card-block-image\"><img decoding=\"async\" src=\"https:\/\/www.humbel-gears.com\/wp-content\/uploads\/2026\/02\/Novogear_Logo_BlauerHintergrund_RGB.jpg\" alt=\"\"\/><\/div><div class=\"site-card-block-content\"><h3 class=\"site-card-block-heading\">Novogear<\/h3><p class=\"site-card-block-body\">Novogear im tschechischen Fr\u00fddek-M\u00edstek ist das gr\u00f6sste Produktionswerk der Humbel-Gruppe. Es ist Kompetenzzentrum f\u00fcr gr\u00f6ssere Verzahnungskomponenten und die Montage von Antriebssystemen.<\/p><p class=\"site-card-block-link\"><a href=\"https:\/\/www.humbel-gears.com\/de\/ueber-uns\/novogear\/\" data-type=\"page\" data-id=\"73\">Mehr dazu<\/a><\/p><\/div><\/div><\/div>\n\n\n\n<div class=\"wp-block-humbel-blocks-site\"><div class=\"site-card-block\"><div class=\"site-card-block-image\"><img decoding=\"async\" src=\"https:\/\/www.humbel-gears.com\/wp-content\/uploads\/2026\/02\/HPT_Logo_BlauerHintergrund_RGB.jpg\" alt=\"\"\/><\/div><div class=\"site-card-block-content\"><h3 class=\"site-card-block-heading\">HPT Humbel<\/h3><p class=\"site-card-block-body\">HPT Humbel im rum\u00e4nischen Sebe\u0219 hat sich als Zulieferwerk von Humbel und Novogear etabliert, das kleinere bis mittelgrosse Zahnr\u00e4der effizient produziert. HPT Humbel beliefert auch direkt Kunden auf dem rum\u00e4nischen Markt.<\/p><p class=\"site-card-block-link\"><a href=\"https:\/\/www.humbel-gears.com\/de\/ueber-uns\/hpt-humbel\/\" data-type=\"page\" data-id=\"75\">Mehr dazu<\/a><\/p><\/div><\/div><\/div>\n<\/div><\/div>\n<\/div><\/div>\n\n\n\n<div class=\"wp-block-humbel-blocks-humbel-section alignfull\"><div class=\"wrap\">\n<h2 class=\"wp-block-heading\">Humbel Gruppe<\/h2>\n\n\n\n<div class=\"wp-block-humbel-blocks-sites-section\"><div class=\"sites-section-inner\">\n<div class=\"wp-block-humbel-blocks-site\"><div class=\"site-card-block\"><div class=\"site-card-block-image\"><img decoding=\"async\" src=\"https:\/\/www.humbel-gears.com\/wp-content\/uploads\/2026\/03\/fuehrung.webp\" alt=\"\"\/><\/div><div class=\"site-card-block-content\"><h3 class=\"site-card-block-heading\">Leadership<\/h3><p class=\"site-card-block-body\">Wir f\u00f6rdern den lebendigen Austausch zwischen unseren Abteilungen und teilen unser Wissen mit unseren Kunden, damit wir unser Ziel gemeinsam erreichen \u2013 mit Agilit\u00e4t und einem hohen Qualit\u00e4tsanspruch.<\/p><p class=\"site-card-block-link\"><a href=\"https:\/\/www.humbel-gears.com\/de\/ueber-uns\/leadership\/\" data-type=\"page\" data-id=\"1949\">Mehr dazu<\/a><\/p><\/div><\/div><\/div>\n\n\n\n<div class=\"wp-block-humbel-blocks-site\"><div class=\"site-card-block\"><div class=\"site-card-block-image\"><img decoding=\"async\" src=\"https:\/\/www.humbel-gears.com\/wp-content\/uploads\/2026\/03\/values_ohne-1.webp\" alt=\"\"\/><\/div><div class=\"site-card-block-content\"><h3 class=\"site-card-block-heading\">Grundwerte<\/h3><p class=\"site-card-block-body\">Eine Haltung, ein Versprechen und eine Ambition. Diese drei S\u00e4ulen bestimmen unser Selbstverst\u00e4ndnis, den Umgang mit unseren Kunden und pr\u00e4gen all unsere Handlungen, die in der hohen Qualit\u00e4t der Produkte ihren Ausdruck finden.<\/p><p class=\"site-card-block-link\"><a href=\"https:\/\/www.humbel-gears.com\/de\/ueber-uns\/grundwerte\/\" data-type=\"page\" data-id=\"1957\">Mehr dazu<\/a><\/p><\/div><\/div><\/div>\n\n\n\n<div class=\"wp-block-humbel-blocks-site\"><div class=\"site-card-block\"><div class=\"site-card-block-image\"><img decoding=\"async\" src=\"https:\/\/www.humbel-gears.com\/wp-content\/uploads\/2026\/02\/1947_Humbel_familie.png\" alt=\"\"\/><\/div><div class=\"site-card-block-content\"><h3 class=\"site-card-block-heading\">Geschichte<\/h3><p class=\"site-card-block-body\">Was heute an drei Standorten in Zentral- und Osteuropa pr\u00e4sent ist, begann in einer bescheidenen Werkstatt.<\/p><p class=\"site-card-block-link\"><a href=\"https:\/\/www.humbel-gears.com\/de\/ueber-uns\/geschichte\/\" data-type=\"page\" data-id=\"1960\">Mehr dazu<\/a><\/p><\/div><\/div><\/div>\n<\/div><\/div>\n<\/div><\/div>\n","protected":false},"excerpt":{"rendered":"","protected":false},"author":9,"featured_media":0,"parent":0,"menu_order":0,"comment_status":"closed","ping_status":"closed","template":"","meta":{"inline_featured_image":false,"_genesis_hide_title":false,"_genesis_hide_breadcrumbs":false,"_genesis_hide_singular_image":false,"_genesis_hide_footer_widgets":false,"_genesis_custom_body_class":"","_genesis_custom_post_class":"","_genesis_layout":"","footnotes":""},"class_list":{"0":"post-1850","1":"page","2":"type-page","3":"status-publish","5":"entry","6":"has-post-thumbnail"},"_links":{"self":[{"href":"https:\/\/www.humbel-gears.com\/de\/wp-json\/wp\/v2\/pages\/1850","targetHints":{"allow":["GET"]}}],"collection":[{"href":"https:\/\/www.humbel-gears.com\/de\/wp-json\/wp\/v2\/pages"}],"about":[{"href":"https:\/\/www.humbel-gears.com\/de\/wp-json\/wp\/v2\/types\/page"}],"author":[{"embeddable":true,"href":"https:\/\/www.humbel-gears.com\/de\/wp-json\/wp\/v2\/users\/9"}],"replies":[{"embeddable":true,"href":"https:\/\/www.humbel-gears.com\/de\/wp-json\/wp\/v2\/comments?post=1850"}],"version-history":[{"count":9,"href":"https:\/\/www.humbel-gears.com\/de\/wp-json\/wp\/v2\/pages\/1850\/revisions"}],"predecessor-version":[{"id":2342,"href":"https:\/\/www.humbel-gears.com\/de\/wp-json\/wp\/v2\/pages\/1850\/revisions\/2342"}],"wp:attachment":[{"href":"https:\/\/www.humbel-gears.com\/de\/wp-json\/wp\/v2\/media?parent=1850"}],"curies":[{"name":"wp","href":"https:\/\/api.w.org\/{rel}","templated":true}]}}