{"id":1837,"date":"2026-02-06T13:46:34","date_gmt":"2026-02-06T13:46:34","guid":{"rendered":"https:\/\/www.humbel-gears.com\/industrial-sectors\/"},"modified":"2026-03-30T14:57:06","modified_gmt":"2026-03-30T14:57:06","slug":"branchen","status":"publish","type":"page","link":"https:\/\/www.humbel-gears.com\/de\/branchen\/","title":{"rendered":"Branchen"},"content":{"rendered":"\n<div class=\"wp-block-humbel-blocks-humbel-section alignfull is-section-about-hero\"><div class=\"wrap\">\n<h1 class=\"wp-block-heading\">Branchen<\/h1>\n\n\n\n<div style=\"height:80px\" aria-hidden=\"true\" class=\"wp-block-spacer\"><\/div>\n<\/div><\/div>\n\n\n\n<div class=\"wp-block-humbel-blocks-industry-box industry-box\" id=\"aerospace\"><div class=\"industry-box-column industry-box-column-left\"><p class=\"industry-box-subheading\">Humbel<\/p><h2 class=\"industry-box-heading\">Luft- &amp; Raumfahrt<\/h2><div class=\"industry-box-content\">\n<p>Die hochpr\u00e4zise Fertigung und das perfekte Finish garantieren dauerhaften Einsatz unter aussergew\u00f6hnlichen Bedingungen in:<\/p>\n\n\n\n<ul class=\"wp-block-list\">\n<li>Triebwerken<\/li>\n\n\n\n<li>Pumpen<\/li>\n\n\n\n<li>Antriebseinheiten, beispielsweise f\u00fcr Landeklappen<\/li>\n<\/ul>\n<\/div><\/div><div class=\"industry-box-column industry-box-column-right\"><img decoding=\"async\" src=\"https:\/\/www.humbel-gears.com\/wp-content\/uploads\/2026\/02\/Humbel_Gears_Luft-un-Raumfahrtindustrie.png\" alt=\"\" class=\"industry-box-image\"\/><\/div><\/div>\n\n\n\n<div class=\"wp-block-humbel-blocks-industry-box industry-box\" id=\"automation\"><div class=\"industry-box-column industry-box-column-left\"><p class=\"industry-box-subheading\">Humbel <span>|<\/span> Novogear<\/p><h2 class=\"industry-box-heading\">Automations- und Robotersysteme<\/h2><div class=\"industry-box-content\">\n<p>Wir optimieren industrielle Fertigungsprozesse mit zuverl\u00e4ssigen Komponenten f\u00fcr:<\/p>\n\n\n\n<ul class=\"wp-block-list\">\n<li>Roboter<\/li>\n\n\n\n<li>Handlingsysteme<\/li>\n<\/ul>\n<\/div><\/div><div class=\"industry-box-column industry-box-column-right\"><img decoding=\"async\" src=\"https:\/\/www.humbel-gears.com\/wp-content\/uploads\/2026\/02\/Humbel_Gears_Automations_und_Robotersysteme-1.png\" alt=\"\" class=\"industry-box-image\"\/><\/div><\/div>\n\n\n\n<div class=\"wp-block-humbel-blocks-industry-box industry-box\" id=\"construction\"><div class=\"industry-box-column industry-box-column-left\"><p class=\"industry-box-subheading\">Novogear<\/p><h2 class=\"industry-box-heading\">Bauindustrie und Bergbau<\/h2><div class=\"industry-box-content\">\n<p>Zuverl\u00e4ssige und robuste Verzahnungsteile sowie Verbindungselemente f\u00fcr die sehr hohen Anforderungen in folgenden Bereichen:<\/p>\n\n\n\n<ul class=\"wp-block-list\">\n<li>Bagger und Bergbaumaschinen<\/li>\n\n\n\n<li>R\u00fchrwerke und Mischer<\/li>\n\n\n\n<li>F\u00f6rderanlagen<\/li>\n<\/ul>\n<\/div><\/div><div class=\"industry-box-column industry-box-column-right\"><img decoding=\"async\" src=\"https:\/\/www.humbel-gears.com\/wp-content\/uploads\/2026\/02\/Humbel_Gears_Bauainsdustrie-und-Mining.png\" alt=\"\" class=\"industry-box-image\"\/><\/div><\/div>\n\n\n\n<div class=\"wp-block-humbel-blocks-industry-box industry-box\" id=\"e-mobility\"><div class=\"industry-box-column industry-box-column-left\"><p class=\"industry-box-subheading\">Humbel<\/p><h2 class=\"industry-box-heading\">E-Mobilit\u00e4t<\/h2><div class=\"industry-box-content\">\n<p>Die E-Mobilit\u00e4t, angetrieben von hochpr\u00e4ziser Humbel Verzahnungstechnik und agilem, pro aktivem Humbel Prototyping f\u00fcr Spezial-Einzelkomponenten wie Innenzahnkr\u00e4nze oder Hohlr\u00e4der. Diese kommen zum Einsatz bei E-Achsen und E-Getrieben.<\/p>\n<\/div><\/div><div class=\"industry-box-column industry-box-column-right\"><img decoding=\"async\" src=\"https:\/\/www.humbel-gears.com\/wp-content\/uploads\/2026\/02\/Humbel_Gears_E-Mobility.png\" alt=\"\" class=\"industry-box-image\"\/><\/div><\/div>\n\n\n\n<div class=\"wp-block-humbel-blocks-industry-box industry-box\" id=\"energy\"><div class=\"industry-box-column industry-box-column-left\"><p class=\"industry-box-subheading\">Novogear<\/p><h2 class=\"industry-box-heading\">Energieindustrie<\/h2><div class=\"industry-box-content\">\n<p>Im Sinne der Nachhaltigkeit garantieren wir eine hohe Lebensdauer bei m\u00f6glichst geringem Wartungsaufwand f\u00fcr:<\/p>\n\n\n\n<ul class=\"wp-block-list\">\n<li>Windkraftanlagen<\/li>\n\n\n\n<li>Turbinen<\/li>\n\n\n\n<li>Generatoren<\/li>\n\n\n\n<li>\u00d6ko-Getriebe<\/li>\n<\/ul>\n<\/div><\/div><div class=\"industry-box-column industry-box-column-right\"><img decoding=\"async\" src=\"https:\/\/www.humbel-gears.com\/wp-content\/uploads\/2026\/02\/Humbel_Gears_Windenergie.png\" alt=\"\" class=\"industry-box-image\"\/><\/div><\/div>\n\n\n\n<div class=\"wp-block-humbel-blocks-industry-box industry-box\" id=\"food\"><div class=\"industry-box-column industry-box-column-left\"><p class=\"industry-box-subheading\">Novogear<\/p><h2 class=\"industry-box-heading\">Lebensmittelindustrie<\/h2><div class=\"industry-box-content\">\n<p>Bearbeitung von speziellen, rostfreien Materialien entsprechend den Lebensmittelvorschriften f\u00fcr:<\/p>\n\n\n\n<ul class=\"wp-block-list\">\n<li>Getreidem\u00fchlen<\/li>\n\n\n\n<li>Konservenherstellung<\/li>\n\n\n\n<li>Abf\u00fcllanlagen<\/li>\n\n\n\n<li>Transportb\u00e4nder<\/li>\n\n\n\n<li>Extruder<\/li>\n<\/ul>\n<\/div><\/div><div class=\"industry-box-column industry-box-column-right\"><img decoding=\"async\" src=\"https:\/\/www.humbel-gears.com\/wp-content\/uploads\/2026\/02\/Humbel_Gears_Lebensmittel_Industrie.png\" alt=\"\" class=\"industry-box-image\"\/><\/div><\/div>\n\n\n\n<div class=\"wp-block-humbel-blocks-industry-box industry-box\" id=\"machinery\"><div class=\"industry-box-column industry-box-column-left\"><p class=\"industry-box-subheading\">Humbel <span>|<\/span> Novogear<\/p><h2 class=\"industry-box-heading\">Allgemeiner Maschinenbau<\/h2><div class=\"industry-box-content\">\n<p>Langlebige und pr\u00e4zise Bauteile f\u00fcr Fertigungsmaschinen:<\/p>\n\n\n\n<ul class=\"wp-block-list\">\n<li>Getriebe<\/li>\n\n\n\n<li>Getriebeteile<\/li>\n\n\n\n<li>Antriebselemente<\/li>\n\n\n\n<li>Geberr\u00e4der<\/li>\n\n\n\n<li>Verpackungsanlagen<\/li>\n\n\n\n<li>Druckmaschinen<\/li>\n\n\n\n<li>Transportb\u00e4ndern<\/li>\n<\/ul>\n<\/div><\/div><div class=\"industry-box-column industry-box-column-right\"><img decoding=\"async\" src=\"https:\/\/www.humbel-gears.com\/wp-content\/uploads\/2026\/02\/Humbel_Gears_Allgemeiner_Maschinenbau.png\" alt=\"\" class=\"industry-box-image\"\/><\/div><\/div>\n\n\n\n<div class=\"wp-block-humbel-blocks-industry-box industry-box\" id=\"marine\"><div class=\"industry-box-column industry-box-column-left\"><p class=\"industry-box-subheading\">Novogear<\/p><h2 class=\"industry-box-heading\">Marine Anwendungen<\/h2><div class=\"industry-box-content\">\n<p>F\u00fcr einen zuverl\u00e4ssigen Einsatz unter anspruchsvollen Umgebungsbedingungen entwickeln und fertigen wir Getriebe und Getriebekomponenten f\u00fcr Marineanwendungen.<\/p>\n<\/div><\/div><div class=\"industry-box-column industry-box-column-right\"><img decoding=\"async\" src=\"https:\/\/www.humbel-gears.com\/wp-content\/uploads\/2026\/02\/Marine.png\" alt=\"\" class=\"industry-box-image\"\/><\/div><\/div>\n\n\n\n<div class=\"wp-block-humbel-blocks-industry-box industry-box\" id=\"motorsport\"><div class=\"industry-box-column industry-box-column-left\"><p class=\"industry-box-subheading\">Humbel<\/p><h2 class=\"industry-box-heading\">Rennsport<\/h2><div class=\"industry-box-content\">\n<p>Timing Gears oder Pumpenkomponenten, Getriebeteile, wie Schaltmuffen und Planetentr\u00e4ger sowie komplette sequentiell schaltbare Getriebe f\u00fcr Motorsportanwendungen sind seit Jahrzehnten unsere Spezialit\u00e4t und finden Verwendung bei:<\/p>\n\n\n\n<ul class=\"wp-block-list\">\n<li>GT Sport<\/li>\n\n\n\n<li>Hypercars<\/li>\n\n\n\n<li>Sportwagen LMP<\/li>\n\n\n\n<li>Formel 1<\/li>\n\n\n\n<li>Formel E<\/li>\n\n\n\n<li>Indy Car<\/li>\n<\/ul>\n<\/div><\/div><div class=\"industry-box-column industry-box-column-right\"><img decoding=\"async\" src=\"https:\/\/www.humbel-gears.com\/wp-content\/uploads\/2026\/02\/Humbel_Gears_Automobilsport-1.png\" alt=\"\" class=\"industry-box-image\"\/><\/div><\/div>\n\n\n\n<div style=\"height:20px\" aria-hidden=\"true\" class=\"wp-block-spacer\"><\/div>\n\n\n\n<div class=\"wp-block-humbel-blocks-industry-box industry-box\" id=\"plastic\"><div class=\"industry-box-column industry-box-column-left\"><p class=\"industry-box-subheading\">Novogear<\/p><h2 class=\"industry-box-heading\">Kunststoffindustrie<\/h2><div class=\"industry-box-content\">\n<p>Kostenoptimierte und hochpr\u00e4zise Komponenten sowie f\u00fcr Spritzgussmaschinen optimierte L\u00f6sungen.<\/p>\n<\/div><\/div><div class=\"industry-box-column industry-box-column-right\"><img decoding=\"async\" src=\"https:\/\/www.humbel-gears.com\/wp-content\/uploads\/2026\/02\/Humbel_Gears_Kunststoff_Industrie.png\" alt=\"\" class=\"industry-box-image\"\/><\/div><\/div>\n\n\n\n<div class=\"wp-block-humbel-blocks-industry-box industry-box\" id=\"rail\"><div class=\"industry-box-column industry-box-column-left\"><p class=\"industry-box-subheading\">Novogear<\/p><h2 class=\"industry-box-heading\">Schienenfahrzeuge<\/h2><div class=\"industry-box-content\">\n<p>Wir entwickeln und fertigen f\u00fcr Schienenfahrzeuge Getriebekomponenten und Baugruppen f\u00fcr:<\/p>\n\n\n\n<ul class=\"wp-block-list\">\n<li>U-Bahnen \/ Metros<\/li>\n\n\n\n<li>Strassenbahnen<\/li>\n\n\n\n<li>Nah- und Fernverkehrsbahnen<\/li>\n\n\n\n<li>Hochgeschwindigkeitsbahnen<\/li>\n\n\n\n<li>Zahnradbahnen<\/li>\n\n\n\n<li>Lokomotiven<\/li>\n\n\n\n<li>Spezialfahrzeuge<\/li>\n<\/ul>\n<\/div><\/div><div class=\"industry-box-column industry-box-column-right\"><img decoding=\"async\" src=\"https:\/\/www.humbel-gears.com\/wp-content\/uploads\/2026\/02\/Humbel_Gears_Bahnindustrie-1.png\" alt=\"\" class=\"industry-box-image\"\/><\/div><\/div>\n\n\n\n<div class=\"wp-block-humbel-blocks-industry-box industry-box\" id=\"defence\"><div class=\"industry-box-column industry-box-column-left\"><p class=\"industry-box-subheading\">Humbel <span>|<\/span> Novogear<\/p><h2 class=\"industry-box-heading\">Wehrtechnik<\/h2><div class=\"industry-box-content\">\n<p>Getriebekomponenten, Antriebselemente und komplette Getriebe f\u00fcr:<\/p>\n\n\n\n<ul class=\"wp-block-list\">\n<li>Landfahrzeuge und -systeme<\/li>\n\n\n\n<li>Seiten- und H\u00f6henrichtgetriebe<\/li>\n\n\n\n<li>Wasserfahrzeuge<\/li>\n\n\n\n<li>Luftfahrzeuge<\/li>\n<\/ul>\n<\/div><\/div><div class=\"industry-box-column industry-box-column-right\"><img decoding=\"async\" src=\"https:\/\/www.humbel-gears.com\/wp-content\/uploads\/2026\/02\/Humbel_Gears_Sicherheits_und_Wehrindustrie-1.png\" alt=\"\" class=\"industry-box-image\"\/><\/div><\/div>\n\n\n\n<div class=\"wp-block-humbel-blocks-industry-box industry-box\" id=\"special\"><div class=\"industry-box-column industry-box-column-left\"><p class=\"industry-box-subheading\">Humbel <span>|<\/span> Novogear <\/p><h2 class=\"industry-box-heading\">Spezialfahrzeuge<\/h2><div class=\"industry-box-content\">\n<p>Komponenten f\u00fcr:<\/p>\n\n\n\n<ul class=\"wp-block-list\">\n<li>Flurfahrzeuge<\/li>\n\n\n\n<li>Lastwagen-Getriebeteile<\/li>\n\n\n\n<li>Kommunalfahrzeuge<\/li>\n\n\n\n<li>Landwirtschaftsfahrzeuge<\/li>\n\n\n\n<li>Bagger und Bergbaumaschinen<\/li>\n\n\n\n<li>R\u00fchrwerke und Mischanlagen<\/li>\n\n\n\n<li>F\u00f6rderanlagen<\/li>\n<\/ul>\n<\/div><\/div><div class=\"industry-box-column industry-box-column-right\"><img decoding=\"async\" src=\"https:\/\/www.humbel-gears.com\/wp-content\/uploads\/2026\/02\/Humbel_Gears_Nutzfahrzeuge.png\" alt=\"\" class=\"industry-box-image\"\/><\/div><\/div>\n\n\n\n<div class=\"wp-block-humbel-blocks-industry-box industry-box\" id=\"textil\"><div class=\"industry-box-column industry-box-column-left\"><p class=\"industry-box-subheading\">Novogear<\/p><h2 class=\"industry-box-heading\">Textilindustrie<\/h2><div class=\"industry-box-content\">\n<p>Getriebekomponenten mit einem optimalen Kosten-Nutzen-Verh\u00e4ltnis f\u00fcr:<\/p>\n\n\n\n<ul class=\"wp-block-list\">\n<li>Webmaschinen<\/li>\n\n\n\n<li>Strickmaschinen<\/li>\n\n\n\n<li>Wickelantriebe<\/li>\n<\/ul>\n<\/div><\/div><div class=\"industry-box-column industry-box-column-right\"><img decoding=\"async\" src=\"https:\/\/www.humbel-gears.com\/wp-content\/uploads\/2026\/02\/Humbel_Gears_Textil_Industrie-1.png\" alt=\"\" class=\"industry-box-image\"\/><\/div><\/div>\n\n\n\n<div class=\"wp-block-humbel-blocks-industry-box industry-box\" id=\"vintage\"><div class=\"industry-box-column industry-box-column-left\"><p class=\"industry-box-subheading\">Humbel<\/p><h2 class=\"industry-box-heading\">Oldtimer<\/h2><div class=\"industry-box-content\">\n<p>F\u00fcr Oldtimer produzieren wir \u2013 bei Bedarf auch mit Engineeringunterst\u00fctzung \u2013 Motoren- und Getriebekomponenten nach Kundenw\u00fcnschen.<\/p>\n<\/div><\/div><div class=\"industry-box-column industry-box-column-right\"><img decoding=\"async\" src=\"https:\/\/www.humbel-gears.com\/wp-content\/uploads\/2026\/02\/Humbel_Gears_Oldtimer.png\" alt=\"\" class=\"industry-box-image\"\/><\/div><\/div>\n","protected":false},"excerpt":{"rendered":"","protected":false},"author":3,"featured_media":0,"parent":0,"menu_order":0,"comment_status":"closed","ping_status":"closed","template":"","meta":{"inline_featured_image":false,"_genesis_hide_title":false,"_genesis_hide_breadcrumbs":false,"_genesis_hide_singular_image":false,"_genesis_hide_footer_widgets":false,"_genesis_custom_body_class":"","_genesis_custom_post_class":"","_genesis_layout":"","footnotes":""},"class_list":{"0":"post-1837","1":"page","2":"type-page","3":"status-publish","5":"entry","6":"has-post-thumbnail"},"_links":{"self":[{"href":"https:\/\/www.humbel-gears.com\/de\/wp-json\/wp\/v2\/pages\/1837","targetHints":{"allow":["GET"]}}],"collection":[{"href":"https:\/\/www.humbel-gears.com\/de\/wp-json\/wp\/v2\/pages"}],"about":[{"href":"https:\/\/www.humbel-gears.com\/de\/wp-json\/wp\/v2\/types\/page"}],"author":[{"embeddable":true,"href":"https:\/\/www.humbel-gears.com\/de\/wp-json\/wp\/v2\/users\/3"}],"replies":[{"embeddable":true,"href":"https:\/\/www.humbel-gears.com\/de\/wp-json\/wp\/v2\/comments?post=1837"}],"version-history":[{"count":4,"href":"https:\/\/www.humbel-gears.com\/de\/wp-json\/wp\/v2\/pages\/1837\/revisions"}],"predecessor-version":[{"id":2142,"href":"https:\/\/www.humbel-gears.com\/de\/wp-json\/wp\/v2\/pages\/1837\/revisions\/2142"}],"wp:attachment":[{"href":"https:\/\/www.humbel-gears.com\/de\/wp-json\/wp\/v2\/media?parent=1837"}],"curies":[{"name":"wp","href":"https:\/\/api.w.org\/{rel}","templated":true}]}}