{"id":1822,"date":"2026-02-06T08:22:16","date_gmt":"2026-02-06T08:22:16","guid":{"rendered":"https:\/\/www.humbel-gears.com\/services\/"},"modified":"2026-03-31T17:05:34","modified_gmt":"2026-03-31T17:05:34","slug":"dienstleistungen","status":"publish","type":"page","link":"https:\/\/www.humbel-gears.com\/de\/dienstleistungen\/","title":{"rendered":"Dienstleistungen"},"content":{"rendered":"\n<div class=\"wp-block-humbel-blocks-hero-services hero-services\"><div class=\"hero-services-text\"><h1 class=\"hero-services-text-subheading\">Dienstleistungen<\/h1><h2 class=\"hero-services-text-heading\"><mark style=\"background-color:rgba(0, 0, 0, 0)\" class=\"has-inline-color has-blue-color\"><mark style=\"background-color:rgba(0, 0, 0, 0)\" class=\"has-inline-color has-blue-color\"><\/mark>Support<br>von A-Z<\/mark><\/h2><div class=\"hero-services-text-list\">\n<ul class=\"wp-block-list\">\n<li><a href=\"#system\">Systeml\u00f6sungen<\/a><\/li>\n\n\n\n<li><a href=\"#engineering\">Engineering<\/a><\/li>\n\n\n\n<li><a href=\"#prototyping\">Prototyping &amp; Testing<\/a><\/li>\n\n\n\n<li><a href=\"#production\">Fertigung<\/a><\/li>\n\n\n\n<li><a href=\"#assembly\">Montage<\/a><\/li>\n\n\n\n<li><a href=\"#revision\">Getrieberevision &amp; Reparaturen<\/a><\/li>\n<\/ul>\n<\/div><\/div><div class=\"hero-services-media\"><img decoding=\"async\" src=\"https:\/\/www.humbel-gears.com\/wp-content\/uploads\/2026\/02\/Humbel-Gears_Moods_Dienstleistung.jpg\" alt=\"\" class=\"hero-services-media-image\"\/><\/div><\/div>\n\n\n\n<div class=\"wp-block-humbel-blocks-humbel-section alignfull\" id=\"system\"><div class=\"wrap\">\n<h2 class=\"wp-block-heading\">Unsere Dienstleistungen sind perfekt aufeinander abgestimmt<\/h2>\n\n\n\n<p>Aus einem Fertigungsbetrieb haben wir uns zu einem hochspezialisierten Systemanbieter von Verzahnungsl\u00f6sungen entwickelt. Forschung &amp; Entwicklung, Prototyping &amp; Testing, Fertigung, Montage und Getrieberevision greifen bei uns perfekt ineinander. Dabei ist es Ihnen freigestellt, einzelne Leistungen zu kombinieren, nur in einer Disziplin mit uns zusammenzuarbeiten oder das Gesamtpaket bei uns zu beziehen.<\/p>\n<\/div><\/div>\n\n\n\n<div class=\"wp-block-humbel-blocks-service service-block-media-left\" id=\"engineering\"><div class=\"service-block\"><div class=\"service-block-media\"><img decoding=\"async\" src=\"https:\/\/www.humbel-gears.com\/wp-content\/uploads\/2026\/02\/Systemlosungen.jpg\" alt=\"\" class=\"service-block-media-image\"\/><\/div><div class=\"service-block-content\"><span class=\"service-block-subheading\">Systeml\u00f6sungen<\/span><h2 class=\"service-block-heading\">Massgeschneiderte Systeml\u00f6sungen<\/h2><p class=\"service-block-paragraph\">Sie suchen eine passende Systeml\u00f6sung f\u00fcr Ihren speziellen Verwendungszweck? Wir bieten massgeschneiderte Systeml\u00f6sungen, die an aussergew\u00f6hnliche Anwendungsf\u00e4lle angepasst werden. Bei uns gibt es kein Standardgetriebe, sondern ein Getriebe, das die spezifischen Anforderungen mit gr\u00f6sstm\u00f6glicher Effizienz erf\u00fcllt. Unsere L\u00f6sungen setzen Massst\u00e4be in punkto Bauraum, Gewicht, bzw. Leistungsdichte, Schallpegel und Wirtschaftlichkeit. Dabei verbinden wir die technische L\u00f6sung mit der fertigungstechnischen Umsetzung auf einmalige Weise. Schildern Sie uns Ihre Herausforderung und wir \u00fcberzeugen Sie mit unseren cleveren, innovativen und qualitativ hochstehenden L\u00f6sungen \u2013 alles aus einer Hand.<\/p><\/div><\/div><\/div>\n\n\n\n<div class=\"wp-block-humbel-blocks-service-full service-full-block\"><span class=\"service-full-block-subheading\">Engineering<\/span><h2 class=\"service-full-block-heading\">Technologie der n\u00e4chsten Generation<\/h2><div class=\"service-full-block-image\"><img decoding=\"async\" src=\"https:\/\/www.humbel-gears.com\/wp-content\/uploads\/2026\/02\/Nr.9_5T9A8234-Bearbeitet_334.jpg\" alt=\"\"\/><\/div><div class=\"service-full-block-lead-text\"><p>Durch Forschung sind wir dem Stand der Technik immer einen Schritt voraus. Sie haben eine Herausforderung? Wir finden die passende L\u00f6sung.<\/p><\/div><div class=\"service-full-block-content\">\n<p><strong>Forschung: Wir erfinden das Zahnrad auch neu<\/strong><\/p>\n\n\n\n<p>Wir konzentrieren uns in der Forschung auf die Steigerung der Leistungsdichte und des Wirkungsgrades, die Reduktion der Masse und des Bauraums bei gleichbleibender \u00dcbersetzung, die Minimierung des Schalldruckpegels und die Einf\u00fchrung innovativer Materialien und Fertigungsmethoden.<\/p>\n\n\n\n<p><strong>Entwicklung: Sie haben die Problemstellung, wir die L\u00f6sung<\/strong><\/p>\n\n\n\n<p>Um Ihre spezifischen Anforderungen optimal zu erf\u00fcllen, entwickeln wir f\u00fcr Sie eine massgeschneiderte L\u00f6sung. Dabei profitieren Sie von unserer langj\u00e4hrigen Projekterfahrung und der Nutzung von Synergien von Anwendungsbeispielen aus unterschiedlichen Industriesektoren. Als Familienunternehmen haben wir kurze Entscheidungswege innerhalb unseres schlagkr\u00e4ftigen Entwicklungsteams. Bei uns erhalten Sie alles aus einer Hand, von der Entwicklung, der Prototypen-Fertigung sowie der Erprobung unter Last zu einem validierten Produkt \u2013 und dies in k\u00fcrzester Durchlaufzeit.<\/p>\n\n\n\n<p id=\"prototyping\">Durch unsere Fertigungsn\u00e4he optimieren wir fr\u00fchzeitig in Bezug auf technische Umsetzbarkeit, Funktionalit\u00e4t und Kosten. Das Dienstleistungsangebot umfasst die komplette Getriebeauslegung, einschliesslich Verzahnung, Lagerung und Geh\u00e4usekonstruktion, Erprobung und Validierung, Unterst\u00fctzung in technischer Berechnung und Analyse, sowie Schulungen und die Optimierung der Fertigungstechnik.<\/p>\n<\/div><\/div>\n\n\n\n<div class=\"wp-block-humbel-blocks-service service-block-media-left\"><div class=\"service-block\"><div class=\"service-block-media\"><img decoding=\"async\" src=\"https:\/\/www.humbel-gears.com\/wp-content\/uploads\/2026\/02\/Nr.18_5T9A7835-Bearbeitet_236.jpg\" alt=\"\" class=\"service-block-media-image\"\/><\/div><div class=\"service-block-content\"><span class=\"service-block-subheading\">Prototyping &amp; Testing<\/span><h2 class=\"service-block-heading\">Effiziente Prototypenentwicklung und zuverl\u00e4ssige Antriebspr\u00fcfung<\/h2><p class=\"service-block-paragraph\">Geschwindigkeit, Flexibilit\u00e4t und Pr\u00e4zision sind entscheidend bei der Prototypenentwicklung. Unsere langj\u00e4hrige Erfahrung im Fertigungsbereich erm\u00f6glicht es uns, auch ohne technische Zeichnungsspezifikationen Bauteile schnell und pr\u00e4zise herzustellen. Gleichzeitig bieten wir umfassende Unterst\u00fctzung bei der Pr\u00fcfung und Dokumentation von Antriebskomponenten. Unsere Experten stehen Ihnen bei neuen Themen zur Seite und \u00fcbernehmen die gesamte Versuchsplanung, -konstruktion, -durchf\u00fchrung und -dokumentation, damit Sie sich auf Ihre Innovationen konzentrieren k\u00f6nnen.<\/p><\/div><\/div><\/div>\n\n\n\n<div class=\"wp-block-humbel-blocks-service service-block-media-right\" id=\"production\"><div class=\"service-block\"><div class=\"service-block-media\"><img decoding=\"async\" src=\"https:\/\/www.humbel-gears.com\/wp-content\/uploads\/2026\/02\/Nr.3_5T9A6595-Bearbeitet_23_240703_085805.jpg\" alt=\"\" class=\"service-block-media-image\"\/><\/div><div class=\"service-block-content\"><span class=\"service-block-subheading\">Fertigung<\/span><h2 class=\"service-block-heading\">Bis zum letzten Schliff<\/h2><p class=\"service-block-paragraph\">Eine hohe Fertigungstiefe erm\u00f6glicht es uns, die einzelnen Teiloperationen unter direkter Kontrolle zu haben und dabei h\u00f6chste Qualit\u00e4t bei gleichzeitig kurzen Lieferzeiten sicherzustellen.<br>Um Ihnen stets die besten L\u00f6sungen anzubieten, investieren wir kontinuierlich in innovative Fertigungsprozesse und Technologien. Unsere langj\u00e4hrige Erfahrung in der fertigungstechnischen Umsetzung, gepaart mit unserem Engineering-Know-how ist Garant daf\u00fcr, dass wir Ihr Projekt erfolgreich realisieren.<\/p><\/div><\/div><\/div>\n\n\n\n<div class=\"wp-block-humbel-blocks-humbel-section alignfull\"><div class=\"wrap\">\n<h2 class=\"wp-block-heading\">Unsere Fertigungsdienstleistungen<\/h2>\n\n\n\n<div data-wp-context=\"{ &quot;autoclose&quot;: true, &quot;accordionItems&quot;: [] }\" data-wp-interactive=\"core\/accordion\" role=\"group\" class=\"wp-block-accordion\">\n<div data-wp-class--is-open=\"state.isOpen\" data-wp-context=\"{ &quot;id&quot;: &quot;accordion-item-1&quot;, &quot;openByDefault&quot;: false }\" data-wp-init=\"callbacks.initAccordionItems\" data-wp-on-window--hashchange=\"callbacks.hashChange\" class=\"wp-block-accordion-item\">\n<h3 class=\"wp-block-accordion-heading\"><button aria-expanded=\"false\" aria-controls=\"accordion-item-1-panel\" data-wp-bind--aria-expanded=\"state.isOpen\" data-wp-on--click=\"actions.toggle\" data-wp-on--keydown=\"actions.handleKeyDown\" id=\"accordion-item-1\" type=\"button\" class=\"wp-block-accordion-heading__toggle\"><span class=\"wp-block-accordion-heading__toggle-title\">Verzahnen<\/span><span class=\"wp-block-accordion-heading__toggle-icon\" aria-hidden=\"true\">+<\/span><\/button><\/h3>\n\n\n\n<div inert aria-labelledby=\"accordion-item-1\" data-wp-bind--inert=\"!state.isOpen\" id=\"accordion-item-1-panel\" role=\"region\" class=\"wp-block-accordion-panel\">\n<ul class=\"wp-block-list\">\n<li>Stirnr\u00e4der, gerade und schr\u00e4g verzahnt bis \u00d8 900 mm<\/li>\n\n\n\n<li>Schraubenr\u00e4der bis \u00d8 800 mm<\/li>\n\n\n\n<li>Innenzahnkr\u00e4nze bis \u00d8 600 mm<\/li>\n\n\n\n<li>Kegelr\u00e4der, gerade und schr\u00e4g verzahnt bis \u00d8 600 mm<\/li>\n\n\n\n<li>Schnecke, ein- und mehrg\u00e4ngig bis \u00d8 150 mm<\/li>\n\n\n\n<li>Schneckenr\u00e4der bis \u00d8 600 mm<\/li>\n\n\n\n<li>Kettenr\u00e4der bis \u00d8 800 mm<\/li>\n\n\n\n<li>Zahnstangen, gerade und schr\u00e4g verzahnt bis 4000 mm<\/li>\n\n\n\n<li>Axialverzahnungen f\u00fcr formschl\u00fcssige Kupplungen, Hirth-Verzahnungen<\/li>\n\n\n\n<li>Spezialprofile: Mehrkeilprofile, evolventische Steckverzahnungen, Kerbverzahnungen, Zahnriemenr\u00e4der<\/li>\n<\/ul>\n<\/div>\n<\/div>\n\n\n\n<div data-wp-class--is-open=\"state.isOpen\" data-wp-context=\"{ &quot;id&quot;: &quot;accordion-item-2&quot;, &quot;openByDefault&quot;: false }\" data-wp-init=\"callbacks.initAccordionItems\" data-wp-on-window--hashchange=\"callbacks.hashChange\" class=\"wp-block-accordion-item\">\n<h3 class=\"wp-block-accordion-heading\"><button aria-expanded=\"false\" aria-controls=\"accordion-item-2-panel\" data-wp-bind--aria-expanded=\"state.isOpen\" data-wp-on--click=\"actions.toggle\" data-wp-on--keydown=\"actions.handleKeyDown\" id=\"accordion-item-2\" type=\"button\" class=\"wp-block-accordion-heading__toggle\"><span class=\"wp-block-accordion-heading__toggle-title\">Schleifen<\/span><span class=\"wp-block-accordion-heading__toggle-icon\" aria-hidden=\"true\">+<\/span><\/button><\/h3>\n\n\n\n<div inert aria-labelledby=\"accordion-item-2\" data-wp-bind--inert=\"!state.isOpen\" id=\"accordion-item-2-panel\" role=\"region\" class=\"wp-block-accordion-panel\">\n<ul class=\"wp-block-list\">\n<li>Stirnr\u00e4der, gerade und schr\u00e4g verzahnt bis \u00d8 900 mm<\/li>\n\n\n\n<li>Innenzahnkr\u00e4nze bis \u00d8 500 mm<\/li>\n\n\n\n<li>Zylinderschnecken und Gewinde bis \u00d8 150 mm<\/li>\n\n\n\n<li>Mehrkeilprofile, Evolventenprofile<\/li>\n\n\n\n<li>Spiralkegelrad bis \u00d8 600 mm<\/li>\n\n\n\n<li>Aussenrundschleifen, Innenrundschleifen, Planschleifen, Flachschleifen, Zentrumschleifen<\/li>\n<\/ul>\n<\/div>\n<\/div>\n\n\n\n<div data-wp-class--is-open=\"state.isOpen\" data-wp-context=\"{ &quot;id&quot;: &quot;accordion-item-3&quot;, &quot;openByDefault&quot;: false }\" data-wp-init=\"callbacks.initAccordionItems\" data-wp-on-window--hashchange=\"callbacks.hashChange\" class=\"wp-block-accordion-item\">\n<h3 class=\"wp-block-accordion-heading\"><button aria-expanded=\"false\" aria-controls=\"accordion-item-3-panel\" data-wp-bind--aria-expanded=\"state.isOpen\" data-wp-on--click=\"actions.toggle\" data-wp-on--keydown=\"actions.handleKeyDown\" id=\"accordion-item-3\" type=\"button\" class=\"wp-block-accordion-heading__toggle\"><span class=\"wp-block-accordion-heading__toggle-title\">R\u00e4umen\/Erodieren<\/span><span class=\"wp-block-accordion-heading__toggle-icon\" aria-hidden=\"true\">+<\/span><\/button><\/h3>\n\n\n\n<div inert aria-labelledby=\"accordion-item-3\" data-wp-bind--inert=\"!state.isOpen\" id=\"accordion-item-3-panel\" role=\"region\" class=\"wp-block-accordion-panel\">\n<ul class=\"wp-block-list\">\n<li>Keilnuten, evolventische Profile und Spezialprofile<\/li>\n<\/ul>\n<\/div>\n<\/div>\n\n\n\n<div data-wp-class--is-open=\"state.isOpen\" data-wp-context=\"{ &quot;id&quot;: &quot;accordion-item-4&quot;, &quot;openByDefault&quot;: false }\" data-wp-init=\"callbacks.initAccordionItems\" data-wp-on-window--hashchange=\"callbacks.hashChange\" class=\"wp-block-accordion-item\">\n<h3 class=\"wp-block-accordion-heading\"><button aria-expanded=\"false\" aria-controls=\"accordion-item-4-panel\" data-wp-bind--aria-expanded=\"state.isOpen\" data-wp-on--click=\"actions.toggle\" data-wp-on--keydown=\"actions.handleKeyDown\" id=\"accordion-item-4\" type=\"button\" class=\"wp-block-accordion-heading__toggle\"><span class=\"wp-block-accordion-heading__toggle-title\">Drehen<\/span><span class=\"wp-block-accordion-heading__toggle-icon\" aria-hidden=\"true\">+<\/span><\/button><\/h3>\n\n\n\n<div inert aria-labelledby=\"accordion-item-4\" data-wp-bind--inert=\"!state.isOpen\" id=\"accordion-item-4-panel\" role=\"region\" class=\"wp-block-accordion-panel\">\n<ul class=\"wp-block-list\">\n<li>CNC-Drehen<\/li>\n<\/ul>\n<\/div>\n<\/div>\n\n\n\n<div data-wp-class--is-open=\"state.isOpen\" data-wp-context=\"{ &quot;id&quot;: &quot;accordion-item-5&quot;, &quot;openByDefault&quot;: false }\" data-wp-init=\"callbacks.initAccordionItems\" data-wp-on-window--hashchange=\"callbacks.hashChange\" class=\"wp-block-accordion-item\">\n<h3 class=\"wp-block-accordion-heading\"><button aria-expanded=\"false\" aria-controls=\"accordion-item-5-panel\" data-wp-bind--aria-expanded=\"state.isOpen\" data-wp-on--click=\"actions.toggle\" data-wp-on--keydown=\"actions.handleKeyDown\" id=\"accordion-item-5\" type=\"button\" class=\"wp-block-accordion-heading__toggle\"><span class=\"wp-block-accordion-heading__toggle-title\">Bohren\/Fr\u00e4sen<\/span><span class=\"wp-block-accordion-heading__toggle-icon\" aria-hidden=\"true\">+<\/span><\/button><\/h3>\n\n\n\n<div inert aria-labelledby=\"accordion-item-5\" data-wp-bind--inert=\"!state.isOpen\" id=\"accordion-item-5-panel\" role=\"region\" class=\"wp-block-accordion-panel\">\n<ul class=\"wp-block-list\">\n<li>CNC-Fr\u00e4sen und Bohren inkl. 5-Achs-Bearbeitung<\/li>\n<\/ul>\n<\/div>\n<\/div>\n\n\n\n<div data-wp-class--is-open=\"state.isOpen\" data-wp-context=\"{ &quot;id&quot;: &quot;accordion-item-6&quot;, &quot;openByDefault&quot;: false }\" data-wp-init=\"callbacks.initAccordionItems\" data-wp-on-window--hashchange=\"callbacks.hashChange\" class=\"wp-block-accordion-item\">\n<h3 class=\"wp-block-accordion-heading\"><button aria-expanded=\"false\" aria-controls=\"accordion-item-6-panel\" data-wp-bind--aria-expanded=\"state.isOpen\" data-wp-on--click=\"actions.toggle\" data-wp-on--keydown=\"actions.handleKeyDown\" id=\"accordion-item-6\" type=\"button\" class=\"wp-block-accordion-heading__toggle\"><span class=\"wp-block-accordion-heading__toggle-title\">W\u00e4rme- und Oberfl\u00e4chenbehandlung<\/span><span class=\"wp-block-accordion-heading__toggle-icon\" aria-hidden=\"true\">+<\/span><\/button><\/h3>\n\n\n\n<div inert aria-labelledby=\"accordion-item-6\" data-wp-bind--inert=\"!state.isOpen\" id=\"accordion-item-6-panel\" role=\"region\" class=\"wp-block-accordion-panel\">\n<ul class=\"wp-block-list\">\n<li>Gl\u00fchen, Verg\u00fcten<\/li>\n\n\n\n<li>Verg\u00fcten<\/li>\n\n\n\n<li>Einsatzh\u00e4rten<\/li>\n\n\n\n<li>Nitrieren<\/li>\n\n\n\n<li>Spezialh\u00e4rteverfahren in Schutzgas<\/li>\n\n\n\n<li>Beschichtungen und Lackierungen<\/li>\n<\/ul>\n<\/div>\n<\/div>\n\n\n\n<div data-wp-class--is-open=\"state.isOpen\" data-wp-context=\"{ &quot;id&quot;: &quot;accordion-item-7&quot;, &quot;openByDefault&quot;: false }\" data-wp-init=\"callbacks.initAccordionItems\" data-wp-on-window--hashchange=\"callbacks.hashChange\" class=\"wp-block-accordion-item\">\n<h3 class=\"wp-block-accordion-heading\"><button aria-expanded=\"false\" aria-controls=\"accordion-item-7-panel\" data-wp-bind--aria-expanded=\"state.isOpen\" data-wp-on--click=\"actions.toggle\" data-wp-on--keydown=\"actions.handleKeyDown\" id=\"accordion-item-7\" type=\"button\" class=\"wp-block-accordion-heading__toggle\"><span class=\"wp-block-accordion-heading__toggle-title\">Qualit\u00e4tspr\u00fcfung<\/span><span class=\"wp-block-accordion-heading__toggle-icon\" aria-hidden=\"true\">+<\/span><\/button><\/h3>\n\n\n\n<div inert aria-labelledby=\"accordion-item-7\" data-wp-bind--inert=\"!state.isOpen\" id=\"accordion-item-7-panel\" role=\"region\" class=\"wp-block-accordion-panel\">\n<ul class=\"wp-block-list\">\n<li>Verzahnungsmessung<\/li>\n\n\n\n<li>3-D-Messmaschine<\/li>\n\n\n\n<li>Rauheitsmessung<\/li>\n\n\n\n<li>Konturmessung, optische Konturmessung<\/li>\n\n\n\n<li>Schleifbrandpr\u00fcfungen, Risspr\u00fcfungen, Eigenspannungspr\u00fcfungen, Tragbildpr\u00fcfungen<\/li>\n\n\n\n<li>Material- und H\u00e4rtepr\u00fcfungen<\/li>\n\n\n\n<li>Zweiflanken-W\u00e4lzpr\u00fcfung<\/li>\n\n\n\n<li>Dokumentation der Ergebnisse, Laserbeschriftungen, Chargenr\u00fcckverfolgbarkeit<\/li>\n<\/ul>\n<\/div>\n<\/div>\n\n\n\n<div data-wp-class--is-open=\"state.isOpen\" data-wp-context=\"{ &quot;id&quot;: &quot;accordion-item-8&quot;, &quot;openByDefault&quot;: false }\" data-wp-init=\"callbacks.initAccordionItems\" data-wp-on-window--hashchange=\"callbacks.hashChange\" class=\"wp-block-accordion-item\">\n<h3 class=\"wp-block-accordion-heading\"><button aria-expanded=\"false\" aria-controls=\"accordion-item-8-panel\" data-wp-bind--aria-expanded=\"state.isOpen\" data-wp-on--click=\"actions.toggle\" data-wp-on--keydown=\"actions.handleKeyDown\" id=\"accordion-item-8\" type=\"button\" class=\"wp-block-accordion-heading__toggle\"><span class=\"wp-block-accordion-heading__toggle-title\">Spezialverfahren<\/span><span class=\"wp-block-accordion-heading__toggle-icon\" aria-hidden=\"true\">+<\/span><\/button><\/h3>\n\n\n\n<div inert aria-labelledby=\"accordion-item-8\" data-wp-bind--inert=\"!state.isOpen\" id=\"accordion-item-8-panel\" role=\"region\" class=\"wp-block-accordion-panel\">\n<ul class=\"wp-block-list\">\n<li>REM \/ Isotropic Super Finishing (ISF)<\/li>\n\n\n\n<li>Senk- und Draht\u00aderodieren<\/li>\n\n\n\n<li>Honen<\/li>\n\n\n\n<li>L\u00e4ppen<\/li>\n\n\n\n<li>Kugelstrahlen<\/li>\n\n\n\n<li>Sandstrahlen<\/li>\n<\/ul>\n<\/div>\n<\/div>\n<\/div>\n<\/div><\/div>\n\n\n\n<div class=\"wp-block-humbel-blocks-service-full service-full-block\" id=\"assembly\"><span class=\"service-full-block-subheading\">Montage<\/span><h2 class=\"service-full-block-heading\">Aus Einzelteilen wird mehr als ein Ganzes<\/h2><div class=\"service-full-block-image\"><img decoding=\"async\" src=\"https:\/\/www.humbel-gears.com\/wp-content\/uploads\/2026\/02\/Novogear_Moods6175_OHNE-LOGO-scaled.jpg\" alt=\"\"\/><\/div><div class=\"service-full-block-content\">\n<p>Unsere Standorte verf\u00fcgen \u00fcber eine umfassende Kompetenz in der Montage von Baugruppen und ganzen Getrieben. Mit professionell eingerichteten Montagepl\u00e4tzen und Getriebepr\u00fcfst\u00e4nden garantieren wir h\u00f6chste Effizienz und Qualit\u00e4t.<\/p>\n\n\n\n<p><\/p>\n<\/div><\/div>\n\n\n\n<div class=\"wp-block-humbel-blocks-service service-block-media-right\" id=\"revision\"><div class=\"service-block\"><div class=\"service-block-media\"><img decoding=\"async\" src=\"https:\/\/www.humbel-gears.com\/wp-content\/uploads\/2026\/02\/Revision.jpg\" alt=\"\" class=\"service-block-media-image\"\/><\/div><div class=\"service-block-content\"><span class=\"service-block-subheading\">Getrieberevision &amp; Reparaturen<\/span><h2 class=\"service-block-heading\">Damit es l\u00e4uft bei Ihnen<\/h2><p class=\"service-block-paragraph\">Damit Ihre Maschinen m\u00f6glichst lange reibungslos funktionieren, bieten wir Komplettrevisionen unabh\u00e4ngig von Herkunft und Marke. Wir demontieren die Getriebe bei uns vor Ort, messen alle relevanten Teile f\u00fcr die Fertigung und stellen diese bei Bedarf neu her. Normteile werden von uns besorgt. Falls n\u00f6tig, f\u00fchren wir auch eine Neulackierung durch, sodass wir das Getriebe wie neu an Sie zur\u00fcckgeben. Zudem bieten wir Unterst\u00fctzung bei der Analyse von Getrieben und deren Komponenten an. Dies umfasst die Schadensbewertung sowie Vorschl\u00e4ge zur Optimierung.<\/p><\/div><\/div><\/div>\n\n\n\n<div class=\"wp-block-humbel-blocks-humbel-section alignfull\"><div class=\"wrap\">\n<h2 class=\"wp-block-heading\">Kontaktieren Sie uns<\/h2>\n\n\n\n<p>Haben Sie Fragen oder ein konkretes Projekt im Sinn? Unser Team unterst\u00fctzt Sie gerne.<\/p>\n\n\n\n<div class=\"wp-block-buttons\">\n<div class=\"wp-block-button\"><a class=\"wp-block-button__link wp-element-button\" href=\"https:\/\/www.humbel-gears.com\/de\/kontakt\/\">Kontakte<\/a><\/div>\n<\/div>\n<\/div><\/div>\n\n\n\n\n","protected":false},"excerpt":{"rendered":"","protected":false},"author":3,"featured_media":0,"parent":0,"menu_order":0,"comment_status":"closed","ping_status":"closed","template":"","meta":{"inline_featured_image":false,"_genesis_hide_title":false,"_genesis_hide_breadcrumbs":false,"_genesis_hide_singular_image":false,"_genesis_hide_footer_widgets":false,"_genesis_custom_body_class":"","_genesis_custom_post_class":"","_genesis_layout":"","footnotes":""},"class_list":{"0":"post-1822","1":"page","2":"type-page","3":"status-publish","5":"entry"},"_links":{"self":[{"href":"https:\/\/www.humbel-gears.com\/de\/wp-json\/wp\/v2\/pages\/1822","targetHints":{"allow":["GET"]}}],"collection":[{"href":"https:\/\/www.humbel-gears.com\/de\/wp-json\/wp\/v2\/pages"}],"about":[{"href":"https:\/\/www.humbel-gears.com\/de\/wp-json\/wp\/v2\/types\/page"}],"author":[{"embeddable":true,"href":"https:\/\/www.humbel-gears.com\/de\/wp-json\/wp\/v2\/users\/3"}],"replies":[{"embeddable":true,"href":"https:\/\/www.humbel-gears.com\/de\/wp-json\/wp\/v2\/comments?post=1822"}],"version-history":[{"count":13,"href":"https:\/\/www.humbel-gears.com\/de\/wp-json\/wp\/v2\/pages\/1822\/revisions"}],"predecessor-version":[{"id":2632,"href":"https:\/\/www.humbel-gears.com\/de\/wp-json\/wp\/v2\/pages\/1822\/revisions\/2632"}],"wp:attachment":[{"href":"https:\/\/www.humbel-gears.com\/de\/wp-json\/wp\/v2\/media?parent=1822"}],"curies":[{"name":"wp","href":"https:\/\/api.w.org\/{rel}","templated":true}]}}