{"id":1798,"date":"2026-02-06T12:38:01","date_gmt":"2026-02-06T12:38:01","guid":{"rendered":"https:\/\/www.humbel-gears.com\/gear-parts\/"},"modified":"2026-03-30T16:10:53","modified_gmt":"2026-03-30T16:10:53","slug":"verzahnungsteile","status":"publish","type":"page","link":"https:\/\/www.humbel-gears.com\/de\/produkte\/verzahnungsteile\/","title":{"rendered":"Verzahnungsteile"},"content":{"rendered":"\n<div class=\"wp-block-humbel-blocks-product-hero\"><div class=\"product-hero-container\"><div class=\"product-hero-left\"><h1>Verzahnungsteile<\/h1><span class=\"product-hero-subheading\"><mark style=\"background-color:rgba(0, 0, 0, 0)\" class=\"has-inline-color has-blue-color\">Pr\u00e4zis bis<br>an die Z\u00e4hne<\/mark><\/span><\/div><div class=\"product-hero-right\"><img decoding=\"async\" src=\"https:\/\/www.humbel-gears.com\/wp-content\/uploads\/2026\/02\/Humbel-Gears-Moods_verzahnungsteile.jpg\" alt=\"\" class=\"product-hero-image\"\/><\/div><\/div><\/div>\n\n\n\n<div class=\"wp-block-humbel-blocks-humbel-section alignfull\"><div class=\"wrap\">\n<p>Wir fertigen Produkte, die den h\u00f6chsten technischen Anspr\u00fcchen gerecht werden. Dank unserem profunden fachspezifischen Prozess-Know-how und einer idealen Organisation der Produktionsschritte sind wir in der Lage, auch hochkomplexe Teile in der erforderlichen Pr\u00e4zision und Qualit\u00e4t zu fertigen.<\/p>\n\n\n\n<p>All unsere Verzahnungsteile werden entweder aus Metall (Stahl, Bronze, Messing, Titan, Aluminium) oder Kunststoff (Thermo- oder Duroplast) hergestellt, wobei wir in verschiedenen H\u00e4rtegraden von weich bis geh\u00e4rtet fertigen.<\/p>\n<\/div><\/div>\n\n\n\n<div class=\"wp-block-humbel-blocks-humbel-section alignfull\"><div class=\"wrap\">\n<div class=\"wp-block-humbel-blocks-products humbel-products\"><h2 class=\"humbel-products-heading\">Unsere Produkte<\/h2><div class=\"humbel-products-list\">\n<div class=\"wp-block-humbel-blocks-product\"><div class=\"humbel-blocks-product\"><div class=\"humbel-blocks-product-image\"><img decoding=\"async\" src=\"https:\/\/www.humbel-gears.com\/wp-content\/uploads\/2026\/02\/Polygon-Verbindungen_240613_094316.png\" alt=\"\"\/><\/div><h2 class=\"humbel-blocks-product-title\">Polygon Verbindungen<\/h2><div class=\"humbel-blocks-product-attributes\">\n<div class=\"wp-block-humbel-blocks-product-attributes\"><ul class=\"wp-block-humbel-blocks-product-attributes-list\"><li class=\"wp-block-humbel-blocks-product-attributes-item\"><img decoding=\"async\" src=\"https:\/\/www.humbel-gears.com\/wp-content\/uploads\/2026\/02\/icon-interlocking.svg\" alt=\"\" class=\"wp-block-humbel-blocks-product-attributes-image\"\/><p class=\"wp-block-humbel-blocks-product-attributes-text\">Weich- und Hart Bearbeitung Wellen und Nabenpolygon<\/p><\/li><\/ul><\/div>\n<\/div><\/div><\/div>\n\n\n\n<div class=\"wp-block-humbel-blocks-product\"><div class=\"humbel-blocks-product\"><div class=\"humbel-blocks-product-image\"><img decoding=\"async\" src=\"https:\/\/www.humbel-gears.com\/wp-content\/uploads\/2026\/02\/Spiralverzahnung.png\" alt=\"\"\/><\/div><h2 class=\"humbel-blocks-product-title\">Spiral toothing<\/h2><div class=\"humbel-blocks-product-attributes\">\n<div class=\"wp-block-humbel-blocks-product-attributes\"><ul class=\"wp-block-humbel-blocks-product-attributes-list\"><li class=\"wp-block-humbel-blocks-product-attributes-item\"><img decoding=\"async\" src=\"https:\/\/www.humbel-gears.com\/wp-content\/uploads\/2026\/02\/icon-average.svg\" alt=\"\" class=\"wp-block-humbel-blocks-product-attributes-image\"\/><p class=\"wp-block-humbel-blocks-product-attributes-text\">Durchmesser bis 600mm, Modul 2 &#8211; 12<\/p><\/li><li class=\"wp-block-humbel-blocks-product-attributes-item\"><img decoding=\"async\" src=\"https:\/\/www.humbel-gears.com\/wp-content\/uploads\/2026\/02\/icon-star.svg\" alt=\"\" class=\"wp-block-humbel-blocks-product-attributes-image\"\/><p class=\"wp-block-humbel-blocks-product-attributes-text\">in geschliffener Qualit\u00e4t<\/p><\/li><\/ul><\/div>\n<\/div><\/div><\/div>\n\n\n\n<div class=\"wp-block-humbel-blocks-product\"><div class=\"humbel-blocks-product\"><div class=\"humbel-blocks-product-image\"><img decoding=\"async\" src=\"https:\/\/www.humbel-gears.com\/wp-content\/uploads\/2026\/02\/Kupplungs-und-Hirth-Verzahnung_240618_075103.png\" alt=\"\"\/><\/div><h2 class=\"humbel-blocks-product-title\">Kupplungs- und Hirth-Verzahnung<\/h2><div class=\"humbel-blocks-product-attributes\">\n<div class=\"wp-block-humbel-blocks-product-attributes\"><ul class=\"wp-block-humbel-blocks-product-attributes-list\"><li class=\"wp-block-humbel-blocks-product-attributes-item\"><img decoding=\"async\" src=\"https:\/\/www.humbel-gears.com\/wp-content\/uploads\/2026\/02\/icon-average.svg\" alt=\"\" class=\"wp-block-humbel-blocks-product-attributes-image\"\/><p class=\"wp-block-humbel-blocks-product-attributes-text\">Durchmesser bis 200mm<\/p><\/li><li class=\"wp-block-humbel-blocks-product-attributes-item\"><img decoding=\"async\" src=\"https:\/\/www.humbel-gears.com\/wp-content\/uploads\/2026\/02\/icon-star.svg\" alt=\"\" class=\"wp-block-humbel-blocks-product-attributes-image\"\/><p class=\"wp-block-humbel-blocks-product-attributes-text\">in gefr\u00e4ster oder geschliffener Qualit\u00e4t<\/p><\/li><\/ul><\/div>\n<\/div><\/div><\/div>\n\n\n\n<div class=\"wp-block-humbel-blocks-product\"><div class=\"humbel-blocks-product\"><div class=\"humbel-blocks-product-image\"><img decoding=\"async\" src=\"https:\/\/www.humbel-gears.com\/wp-content\/uploads\/2026\/02\/Humbel_Products_Stirnrad_8330_RGB.jpg\" alt=\"\"\/><\/div><h2 class=\"humbel-blocks-product-title\">Stirnr\u00e4der und Ritzelwellen<\/h2><div class=\"humbel-blocks-product-attributes\">\n<div class=\"wp-block-humbel-blocks-product-attributes\"><ul class=\"wp-block-humbel-blocks-product-attributes-list\"><li class=\"wp-block-humbel-blocks-product-attributes-item\"><img decoding=\"async\" src=\"https:\/\/www.humbel-gears.com\/wp-content\/uploads\/2026\/02\/icon-average.svg\" alt=\"\" class=\"wp-block-humbel-blocks-product-attributes-image\"\/><p class=\"wp-block-humbel-blocks-product-attributes-text\">Durchmesser bis 900mm, Modul 0.8-26<\/p><\/li><li class=\"wp-block-humbel-blocks-product-attributes-item\"><img decoding=\"async\" src=\"https:\/\/www.humbel-gears.com\/wp-content\/uploads\/2026\/02\/icon-interlocking.svg\" alt=\"\" class=\"wp-block-humbel-blocks-product-attributes-image\"\/><p class=\"wp-block-humbel-blocks-product-attributes-text\">gerade, schr\u00e4g und pfeilverzahnt<\/p><\/li><li class=\"wp-block-humbel-blocks-product-attributes-item\"><img decoding=\"async\" src=\"https:\/\/www.humbel-gears.com\/wp-content\/uploads\/2026\/02\/icon-star.svg\" alt=\"\" class=\"wp-block-humbel-blocks-product-attributes-image\"\/><p class=\"wp-block-humbel-blocks-product-attributes-text\">in gefr\u00e4ster oder geschliffener Qualit\u00e4t, bis zu Lehrenqualit\u00e4t (Q2)<\/p><\/li><\/ul><\/div>\n<\/div><\/div><\/div>\n\n\n\n<div class=\"wp-block-humbel-blocks-product\"><div class=\"humbel-blocks-product\"><div class=\"humbel-blocks-product-image\"><img decoding=\"async\" src=\"https:\/\/www.humbel-gears.com\/wp-content\/uploads\/2026\/02\/Novogear_Products_Innenzahnkranz_6206_RGB.jpg\" alt=\"\"\/><\/div><h2 class=\"humbel-blocks-product-title\">Innenzahnkr\u00e4nze<\/h2><div class=\"humbel-blocks-product-attributes\">\n<div class=\"wp-block-humbel-blocks-product-attributes\"><ul class=\"wp-block-humbel-blocks-product-attributes-list\"><li class=\"wp-block-humbel-blocks-product-attributes-item\"><img decoding=\"async\" src=\"https:\/\/www.humbel-gears.com\/wp-content\/uploads\/2026\/02\/icon-average.svg\" alt=\"\" class=\"wp-block-humbel-blocks-product-attributes-image\"\/><p class=\"wp-block-humbel-blocks-product-attributes-text\">Diameter up to 600 mm, Module range 0.8-26<\/p><\/li><li class=\"wp-block-humbel-blocks-product-attributes-item\"><img decoding=\"async\" src=\"https:\/\/www.humbel-gears.com\/wp-content\/uploads\/2026\/02\/icon-interlocking.svg\" alt=\"\" class=\"wp-block-humbel-blocks-product-attributes-image\"\/><p class=\"wp-block-humbel-blocks-product-attributes-text\">gerade und schr\u00e4g verzahnt<\/p><\/li><li class=\"wp-block-humbel-blocks-product-attributes-item\"><img decoding=\"async\" src=\"https:\/\/www.humbel-gears.com\/wp-content\/uploads\/2026\/02\/icon-star.svg\" alt=\"\" class=\"wp-block-humbel-blocks-product-attributes-image\"\/><p class=\"wp-block-humbel-blocks-product-attributes-text\">in gestossener und geschliffener Qualit\u00e4t bis zu Q3<\/p><\/li><\/ul><\/div>\n<\/div><\/div><\/div>\n\n\n\n<div class=\"wp-block-humbel-blocks-product\"><div class=\"humbel-blocks-product\"><div class=\"humbel-blocks-product-image\"><img decoding=\"async\" src=\"https:\/\/www.humbel-gears.com\/wp-content\/uploads\/2026\/02\/Humbel_Products_Pumpenrad_8291_RGB.jpg\" alt=\"\"\/><\/div><h2 class=\"humbel-blocks-product-title\">Pump gears<\/h2><div class=\"humbel-blocks-product-attributes\">\n<div class=\"wp-block-humbel-blocks-product-attributes\"><ul class=\"wp-block-humbel-blocks-product-attributes-list\"><li class=\"wp-block-humbel-blocks-product-attributes-item\"><img decoding=\"async\" src=\"https:\/\/www.humbel-gears.com\/wp-content\/uploads\/2026\/02\/icon-average.svg\" alt=\"\" class=\"wp-block-humbel-blocks-product-attributes-image\"\/><p class=\"wp-block-humbel-blocks-product-attributes-text\">Durchmesser bis 900mm, Modul 0.8-26<\/p><\/li><li class=\"wp-block-humbel-blocks-product-attributes-item\"><img decoding=\"async\" src=\"https:\/\/www.humbel-gears.com\/wp-content\/uploads\/2026\/02\/icon-interlocking.svg\" alt=\"\" class=\"wp-block-humbel-blocks-product-attributes-image\"\/><p class=\"wp-block-humbel-blocks-product-attributes-text\">gerade und schr\u00e4g verzahnt<\/p><\/li><li class=\"wp-block-humbel-blocks-product-attributes-item\"><img decoding=\"async\" src=\"https:\/\/www.humbel-gears.com\/wp-content\/uploads\/2026\/02\/icon-star.svg\" alt=\"\" class=\"wp-block-humbel-blocks-product-attributes-image\"\/><p class=\"wp-block-humbel-blocks-product-attributes-text\">in gefr\u00e4ster und geschliffener Qualit\u00e4t bis Q3<\/p><\/li><\/ul><\/div>\n<\/div><\/div><\/div>\n\n\n\n<div class=\"wp-block-humbel-blocks-product\"><div class=\"humbel-blocks-product\"><div class=\"humbel-blocks-product-image\"><img decoding=\"async\" src=\"https:\/\/www.humbel-gears.com\/wp-content\/uploads\/2026\/02\/Humbel_Products_Triebzahnkranz_8223_RGB.jpg\" alt=\"\"\/><\/div><h2 class=\"humbel-blocks-product-title\">Triebzahnkr\u00e4nze<\/h2><div class=\"humbel-blocks-product-attributes\">\n<div class=\"wp-block-humbel-blocks-product-attributes\"><ul class=\"wp-block-humbel-blocks-product-attributes-list\"><li class=\"wp-block-humbel-blocks-product-attributes-item\"><img decoding=\"async\" src=\"https:\/\/www.humbel-gears.com\/wp-content\/uploads\/2026\/02\/icon-average.svg\" alt=\"\" class=\"wp-block-humbel-blocks-product-attributes-image\"\/><p class=\"wp-block-humbel-blocks-product-attributes-text\">bis Durchmesser 1200mm<\/p><\/li><li class=\"wp-block-humbel-blocks-product-attributes-item\"><img decoding=\"async\" src=\"https:\/\/www.humbel-gears.com\/wp-content\/uploads\/2026\/02\/icon-star.svg\" alt=\"\" class=\"wp-block-humbel-blocks-product-attributes-image\"\/><p class=\"wp-block-humbel-blocks-product-attributes-text\">in gefr\u00e4ster Qualit\u00e4t<\/p><\/li><\/ul><\/div>\n<\/div><\/div><\/div>\n\n\n\n<div class=\"wp-block-humbel-blocks-product\"><div class=\"humbel-blocks-product\"><div class=\"humbel-blocks-product-image\"><img decoding=\"async\" src=\"https:\/\/www.humbel-gears.com\/wp-content\/uploads\/2026\/02\/Humbel_Products_Schneckenrad_8340_RGB.jpg\" alt=\"\"\/><\/div><h2 class=\"humbel-blocks-product-title\">Schneckenr\u00e4der<\/h2><div class=\"humbel-blocks-product-attributes\">\n<div class=\"wp-block-humbel-blocks-product-attributes\"><ul class=\"wp-block-humbel-blocks-product-attributes-list\"><li class=\"wp-block-humbel-blocks-product-attributes-item\"><img decoding=\"async\" src=\"https:\/\/www.humbel-gears.com\/wp-content\/uploads\/2026\/02\/icon-average.svg\" alt=\"\" class=\"wp-block-humbel-blocks-product-attributes-image\"\/><p class=\"wp-block-humbel-blocks-product-attributes-text\">bis Durchmesser 600mm, Modul 1.0-8<\/p><\/li><li class=\"wp-block-humbel-blocks-product-attributes-item\"><img decoding=\"async\" src=\"https:\/\/www.humbel-gears.com\/wp-content\/uploads\/2026\/02\/icon-star.svg\" alt=\"\" class=\"wp-block-humbel-blocks-product-attributes-image\"\/><p class=\"wp-block-humbel-blocks-product-attributes-text\">Ein- und mehrg\u00e4ngig<\/p><\/li><\/ul><\/div>\n<\/div><\/div><\/div>\n\n\n\n<div class=\"wp-block-humbel-blocks-product\"><div class=\"humbel-blocks-product\"><div class=\"humbel-blocks-product-image\"><img decoding=\"async\" src=\"https:\/\/www.humbel-gears.com\/wp-content\/uploads\/2026\/02\/Humbel_Products_Schnecke_8268_RGB.jpg\" alt=\"\"\/><\/div><h2 class=\"humbel-blocks-product-title\">Schneckenwellen<\/h2><div class=\"humbel-blocks-product-attributes\">\n<div class=\"wp-block-humbel-blocks-product-attributes\"><ul class=\"wp-block-humbel-blocks-product-attributes-list\"><li class=\"wp-block-humbel-blocks-product-attributes-item\"><img decoding=\"async\" src=\"https:\/\/www.humbel-gears.com\/wp-content\/uploads\/2026\/02\/icon-average.svg\" alt=\"\" class=\"wp-block-humbel-blocks-product-attributes-image\"\/><p class=\"wp-block-humbel-blocks-product-attributes-text\">bis Durchmesser 150mm, Modul 1.0-8<\/p><\/li><li class=\"wp-block-humbel-blocks-product-attributes-item\"><img decoding=\"async\" src=\"https:\/\/www.humbel-gears.com\/wp-content\/uploads\/2026\/02\/icon-star.svg\" alt=\"\" class=\"wp-block-humbel-blocks-product-attributes-image\"\/><p class=\"wp-block-humbel-blocks-product-attributes-text\">Ein- und mehrg\u00e4ngig, in geschliffener Qualit\u00e4t<\/p><\/li><\/ul><\/div>\n<\/div><\/div><\/div>\n\n\n\n<div class=\"wp-block-humbel-blocks-product\"><div class=\"humbel-blocks-product\"><div class=\"humbel-blocks-product-image\"><img decoding=\"async\" src=\"https:\/\/www.humbel-gears.com\/wp-content\/uploads\/2026\/02\/Humbel_Products_Gewindespindel_8356_RGB.jpg\" alt=\"\"\/><\/div><h2 class=\"humbel-blocks-product-title\">Gewindespindeln<\/h2><div class=\"humbel-blocks-product-attributes\">\n<div class=\"wp-block-humbel-blocks-product-attributes\"><ul class=\"wp-block-humbel-blocks-product-attributes-list\"><li class=\"wp-block-humbel-blocks-product-attributes-item\"><img decoding=\"async\" src=\"https:\/\/www.humbel-gears.com\/wp-content\/uploads\/2026\/02\/icon-average.svg\" alt=\"\" class=\"wp-block-humbel-blocks-product-attributes-image\"\/><p class=\"wp-block-humbel-blocks-product-attributes-text\">bis Durchmesser 200mm<\/p><\/li><li class=\"wp-block-humbel-blocks-product-attributes-item\"><img decoding=\"async\" src=\"https:\/\/www.humbel-gears.com\/wp-content\/uploads\/2026\/02\/icon-star.svg\" alt=\"\" class=\"wp-block-humbel-blocks-product-attributes-image\"\/><p class=\"wp-block-humbel-blocks-product-attributes-text\">Ein- und mehrg\u00e4ngig, in geschliffener Qualit\u00e4t<\/p><\/li><\/ul><\/div>\n<\/div><\/div><\/div>\n\n\n\n<div class=\"wp-block-humbel-blocks-product\"><div class=\"humbel-blocks-product\"><div class=\"humbel-blocks-product-image\"><img decoding=\"async\" src=\"https:\/\/www.humbel-gears.com\/wp-content\/uploads\/2026\/02\/Humbel_Products_Kegelrad_8274_RGB.jpg\" alt=\"\"\/><\/div><h2 class=\"humbel-blocks-product-title\">Kegelr\u00e4der<\/h2><div class=\"humbel-blocks-product-attributes\">\n<div class=\"wp-block-humbel-blocks-product-attributes\"><ul class=\"wp-block-humbel-blocks-product-attributes-list\"><li class=\"wp-block-humbel-blocks-product-attributes-item\"><img decoding=\"async\" src=\"https:\/\/www.humbel-gears.com\/wp-content\/uploads\/2026\/02\/icon-average.svg\" alt=\"\" class=\"wp-block-humbel-blocks-product-attributes-image\"\/><p class=\"wp-block-humbel-blocks-product-attributes-text\">bis Durchmesser 600mm<\/p><\/li><li class=\"wp-block-humbel-blocks-product-attributes-item\"><img decoding=\"async\" src=\"https:\/\/www.humbel-gears.com\/wp-content\/uploads\/2026\/02\/icon-interlocking.svg\" alt=\"\" class=\"wp-block-humbel-blocks-product-attributes-image\"\/><p class=\"wp-block-humbel-blocks-product-attributes-text\">gerade und schr\u00e4g verzahnt<\/p><\/li><li class=\"wp-block-humbel-blocks-product-attributes-item\"><img decoding=\"async\" src=\"https:\/\/www.humbel-gears.com\/wp-content\/uploads\/2026\/02\/icon-star.svg\" alt=\"\" class=\"wp-block-humbel-blocks-product-attributes-image\"\/><p class=\"wp-block-humbel-blocks-product-attributes-text\">in gefr\u00e4ster Qualit\u00e4t<\/p><\/li><\/ul><\/div>\n<\/div><\/div><\/div>\n\n\n\n<div class=\"wp-block-humbel-blocks-product\"><div class=\"humbel-blocks-product\"><div class=\"humbel-blocks-product-image\"><img decoding=\"async\" src=\"https:\/\/www.humbel-gears.com\/wp-content\/uploads\/2026\/02\/Humbel_Products_Zahnstange_DSC_5703.jpg\" alt=\"\"\/><\/div><h2 class=\"humbel-blocks-product-title\">Zahnstangen<\/h2><div class=\"humbel-blocks-product-attributes\">\n<div class=\"wp-block-humbel-blocks-product-attributes\"><ul class=\"wp-block-humbel-blocks-product-attributes-list\"><li class=\"wp-block-humbel-blocks-product-attributes-item\"><img decoding=\"async\" src=\"https:\/\/www.humbel-gears.com\/wp-content\/uploads\/2026\/02\/icon-average.svg\" alt=\"\" class=\"wp-block-humbel-blocks-product-attributes-image\"\/><p class=\"wp-block-humbel-blocks-product-attributes-text\">L\u00e4nge 4000mm, bis Modul 14<\/p><\/li><li class=\"wp-block-humbel-blocks-product-attributes-item\"><img decoding=\"async\" src=\"https:\/\/www.humbel-gears.com\/wp-content\/uploads\/2026\/02\/icon-interlocking.svg\" alt=\"\" class=\"wp-block-humbel-blocks-product-attributes-image\"\/><p class=\"wp-block-humbel-blocks-product-attributes-text\">gerade und schr\u00e4g verzahnt<\/p><\/li><li class=\"wp-block-humbel-blocks-product-attributes-item\"><img decoding=\"async\" src=\"https:\/\/www.humbel-gears.com\/wp-content\/uploads\/2026\/02\/icon-star.svg\" alt=\"\" class=\"wp-block-humbel-blocks-product-attributes-image\"\/><p class=\"wp-block-humbel-blocks-product-attributes-text\">in gefr\u00e4ster und geschliffener Qualit\u00e4t<\/p><\/li><\/ul><\/div>\n<\/div><\/div><\/div>\n\n\n\n<div class=\"wp-block-humbel-blocks-product\"><div class=\"humbel-blocks-product\"><div class=\"humbel-blocks-product-image\"><img decoding=\"async\" src=\"https:\/\/www.humbel-gears.com\/wp-content\/uploads\/2026\/02\/Novogear_Products_6196Mehrkeilprofil_RGB.jpg\" alt=\"\"\/><\/div><h2 class=\"humbel-blocks-product-title\">Mehrkeilprofile, Evolventenprofile, Kerbverzahnungen<\/h2><div class=\"humbel-blocks-product-attributes\">\n<div class=\"wp-block-humbel-blocks-product-attributes\"><ul class=\"wp-block-humbel-blocks-product-attributes-list\"><li class=\"wp-block-humbel-blocks-product-attributes-item\"><img decoding=\"async\" src=\"https:\/\/www.humbel-gears.com\/wp-content\/uploads\/2026\/02\/icon-average.svg\" alt=\"\" class=\"wp-block-humbel-blocks-product-attributes-image\"\/><p class=\"wp-block-humbel-blocks-product-attributes-text\">Durchmesser bis 900mm<\/p><\/li><li class=\"wp-block-humbel-blocks-product-attributes-item\"><img decoding=\"async\" src=\"https:\/\/www.humbel-gears.com\/wp-content\/uploads\/2026\/02\/icon-star.svg\" alt=\"\" class=\"wp-block-humbel-blocks-product-attributes-image\"\/><p class=\"wp-block-humbel-blocks-product-attributes-text\">in gefr\u00e4ster, gestossener und geschliffener Qualit\u00e4t, innen und aussen<\/p><\/li><\/ul><\/div>\n<\/div><\/div><\/div>\n\n\n\n<div class=\"wp-block-humbel-blocks-product\"><div class=\"humbel-blocks-product\"><div class=\"humbel-blocks-product-image\"><img decoding=\"async\" src=\"https:\/\/www.humbel-gears.com\/wp-content\/uploads\/2026\/02\/HTP_Humbel_Products_Kettenraeder_6881_RGB.jpg\" alt=\"\"\/><\/div><h2 class=\"humbel-blocks-product-title\">Kettenr\u00e4der, Zahnriemenr\u00e4der<\/h2><div class=\"humbel-blocks-product-attributes\">\n<div class=\"wp-block-humbel-blocks-product-attributes\"><ul class=\"wp-block-humbel-blocks-product-attributes-list\"><li class=\"wp-block-humbel-blocks-product-attributes-item\"><img decoding=\"async\" src=\"https:\/\/www.humbel-gears.com\/wp-content\/uploads\/2026\/02\/icon-average.svg\" alt=\"\" class=\"wp-block-humbel-blocks-product-attributes-image\"\/><p class=\"wp-block-humbel-blocks-product-attributes-text\">Durchmesser bis 900mm<\/p><\/li><li class=\"wp-block-humbel-blocks-product-attributes-item\"><img decoding=\"async\" src=\"https:\/\/www.humbel-gears.com\/wp-content\/uploads\/2026\/02\/icon-star.svg\" alt=\"\" class=\"wp-block-humbel-blocks-product-attributes-image\"\/><p class=\"wp-block-humbel-blocks-product-attributes-text\">in gefr\u00e4ster Qualit\u00e4t<\/p><\/li><\/ul><\/div>\n<\/div><\/div><\/div>\n<\/div><\/div>\n<\/div><\/div>\n","protected":false},"excerpt":{"rendered":"","protected":false},"author":3,"featured_media":0,"parent":1787,"menu_order":0,"comment_status":"closed","ping_status":"closed","template":"","meta":{"inline_featured_image":false,"_genesis_hide_title":false,"_genesis_hide_breadcrumbs":false,"_genesis_hide_singular_image":false,"_genesis_hide_footer_widgets":false,"_genesis_custom_body_class":"","_genesis_custom_post_class":"","_genesis_layout":"","footnotes":""},"class_list":{"0":"post-1798","1":"page","2":"type-page","3":"status-publish","5":"entry"},"_links":{"self":[{"href":"https:\/\/www.humbel-gears.com\/de\/wp-json\/wp\/v2\/pages\/1798","targetHints":{"allow":["GET"]}}],"collection":[{"href":"https:\/\/www.humbel-gears.com\/de\/wp-json\/wp\/v2\/pages"}],"about":[{"href":"https:\/\/www.humbel-gears.com\/de\/wp-json\/wp\/v2\/types\/page"}],"author":[{"embeddable":true,"href":"https:\/\/www.humbel-gears.com\/de\/wp-json\/wp\/v2\/users\/3"}],"replies":[{"embeddable":true,"href":"https:\/\/www.humbel-gears.com\/de\/wp-json\/wp\/v2\/comments?post=1798"}],"version-history":[{"count":4,"href":"https:\/\/www.humbel-gears.com\/de\/wp-json\/wp\/v2\/pages\/1798\/revisions"}],"predecessor-version":[{"id":2479,"href":"https:\/\/www.humbel-gears.com\/de\/wp-json\/wp\/v2\/pages\/1798\/revisions\/2479"}],"up":[{"embeddable":true,"href":"https:\/\/www.humbel-gears.com\/de\/wp-json\/wp\/v2\/pages\/1787"}],"wp:attachment":[{"href":"https:\/\/www.humbel-gears.com\/de\/wp-json\/wp\/v2\/media?parent=1798"}],"curies":[{"name":"wp","href":"https:\/\/api.w.org\/{rel}","templated":true}]}}