{"id":1787,"date":"2026-02-06T08:22:00","date_gmt":"2026-02-06T08:22:00","guid":{"rendered":"https:\/\/www.humbel-gears.com\/products\/"},"modified":"2026-04-02T15:35:07","modified_gmt":"2026-04-02T15:35:07","slug":"produkte","status":"publish","type":"page","link":"https:\/\/www.humbel-gears.com\/de\/produkte\/","title":{"rendered":"Produkte"},"content":{"rendered":"\n<div class=\"wp-block-humbel-blocks-product-hero\"><div class=\"product-hero-container\"><div class=\"product-hero-left\"><h1>Produkte<\/h1><span class=\"product-hero-subheading\"><mark style=\"background-color:rgba(0, 0, 0, 0)\" class=\"has-inline-color has-blue-color\">Pr\u00e4zision f\u00fcr<\/mark>H\u00f6chste Anspr\u00fcche<\/span><\/div><div class=\"product-hero-right\"><img decoding=\"async\" src=\"https:\/\/www.humbel-gears.com\/wp-content\/uploads\/2026\/02\/5t9a8150-304_2000px-1024x682-2.jpg\" alt=\"\" class=\"product-hero-image\"\/><\/div><\/div><\/div>\n\n\n\n<div class=\"wp-block-humbel-blocks-humbel-section alignfull\"><div class=\"wrap\">\n<p>Pr\u00e4zise Komponenten. Komplexe Baugruppen. Humbel fertigt, was andere als zu anspruchsvoll einstufen \u2013 von einzelnen Verzahnungsteilen sowie Dreh- und Fr\u00e4skomponenten bis hin zu vollst\u00e4ndig integrierten Getrieben.<\/p>\n\n\n\n<p>Jedes Produkt, das wir herstellen, steht f\u00fcr unsere Leidenschaft f\u00fcr Pr\u00e4zision und unsere jahrzehntelange Expertise in der Verzahnungstechnik. Vom Prototyp bis zur Serienproduktion verbinden wir Schweizer Engineering-Know-how mit modernsten Fertigungsprozessen an unseren Standorten in der Schweiz, Tschechien und Rum\u00e4nien \u2013 immer mit einem klaren Ziel: Komponenten zu liefern, die auch unter anspruchsvollsten Bedingungen zuverl\u00e4ssig funktionieren.<\/p>\n<\/div><\/div>\n\n\n\n<div class=\"wp-block-humbel-blocks-humbel-section alignfull\"><div class=\"wrap\">\n<div class=\"wp-block-humbel-blocks-sites-section\"><div class=\"sites-section-inner\">\n<div class=\"wp-block-humbel-blocks-site\"><div class=\"site-card-block\"><div class=\"site-card-block-image\"><img decoding=\"async\" src=\"https:\/\/www.humbel-gears.com\/wp-content\/uploads\/2026\/02\/Humbel_Products_Stirnrad_8330_RGB.jpg\" alt=\"\"\/><\/div><div class=\"site-card-block-content\"><h3 class=\"site-card-block-heading\">Verzahnungsteile<\/h3><p class=\"site-card-block-body\">Pr\u00e4zis bis an die Z\u00e4hne<\/p><p class=\"site-card-block-link\"><a href=\"https:\/\/www.humbel-gears.com\/de\/produkte\/verzahnungsteile\/\" data-type=\"page\" data-id=\"53\">mehr dazu<\/a><\/p><\/div><\/div><\/div>\n\n\n\n<div class=\"wp-block-humbel-blocks-site\"><div class=\"site-card-block\"><div class=\"site-card-block-image\"><img decoding=\"async\" src=\"https:\/\/www.humbel-gears.com\/wp-content\/uploads\/2026\/02\/HTP_Humbel_Products_Kubische-Bauteile_6901_RGB.jpg\" alt=\"\"\/><\/div><div class=\"site-card-block-content\"><h3 class=\"site-card-block-heading\">Dreh- und Fr\u00e4steile<\/h3><p class=\"site-card-block-body\">Wir haben den Dreh raus<\/p><p class=\"site-card-block-link\"><a href=\"https:\/\/www.humbel-gears.com\/de\/produkte\/dreh-und-frasteile\/\" data-type=\"link\" data-id=\"https:\/\/www.humbel-gears.com\/de\/produkte\/dreh-und-frasteile\/\">mehr dazu<\/a><\/p><\/div><\/div><\/div>\n\n\n\n<div class=\"wp-block-humbel-blocks-site\"><div class=\"site-card-block\"><div class=\"site-card-block-image\"><img decoding=\"async\" src=\"https:\/\/www.humbel-gears.com\/wp-content\/uploads\/2026\/02\/Humbel-Gears-Moods_getriebe-antriebssysteme_180720_152938.jpg\" alt=\"\"\/><\/div><div class=\"site-card-block-content\"><h3 class=\"site-card-block-heading\">Getriebe und Antriebssysteme<\/h3><p class=\"site-card-block-body\">Massgeschneiderte Getriebel\u00f6sung<\/p><p class=\"site-card-block-link\"><a href=\"https:\/\/www.humbel-gears.com\/de\/produkte\/getriebe-und-antriebssysteme\/\" data-type=\"page\" data-id=\"53\">mehr dazu<\/a><\/p><\/div><\/div><\/div>\n\n\n\n<div class=\"wp-block-humbel-blocks-site\"><div class=\"site-card-block\"><div class=\"site-card-block-image\"><img decoding=\"async\" src=\"https:\/\/www.humbel-gears.com\/wp-content\/uploads\/2026\/03\/fs_planetensatz_hum_2000px.webp\" alt=\"\"\/><\/div><div class=\"site-card-block-content\"><h3 class=\"site-card-block-heading\">Formula-Student Planetenradsatz<\/h3><p class=\"site-card-block-body\">Schweizer Pr\u00e4zision f\u00fcr Formula Student<\/p><p class=\"site-card-block-link\"><a href=\"https:\/\/www.humbel-gears.com\/de\/produkte\/planetary-gearbox\/\" data-type=\"page\" data-id=\"53\">mehr dazu<\/a><\/p><\/div><\/div><\/div>\n<\/div><\/div>\n<\/div><\/div>\n","protected":false},"excerpt":{"rendered":"","protected":false},"author":9,"featured_media":0,"parent":0,"menu_order":0,"comment_status":"closed","ping_status":"closed","template":"","meta":{"inline_featured_image":false,"_genesis_hide_title":false,"_genesis_hide_breadcrumbs":false,"_genesis_hide_singular_image":false,"_genesis_hide_footer_widgets":false,"_genesis_custom_body_class":"","_genesis_custom_post_class":"","_genesis_layout":"","footnotes":""},"class_list":{"0":"post-1787","1":"page","2":"type-page","3":"status-publish","5":"entry"},"_links":{"self":[{"href":"https:\/\/www.humbel-gears.com\/de\/wp-json\/wp\/v2\/pages\/1787","targetHints":{"allow":["GET"]}}],"collection":[{"href":"https:\/\/www.humbel-gears.com\/de\/wp-json\/wp\/v2\/pages"}],"about":[{"href":"https:\/\/www.humbel-gears.com\/de\/wp-json\/wp\/v2\/types\/page"}],"author":[{"embeddable":true,"href":"https:\/\/www.humbel-gears.com\/de\/wp-json\/wp\/v2\/users\/9"}],"replies":[{"embeddable":true,"href":"https:\/\/www.humbel-gears.com\/de\/wp-json\/wp\/v2\/comments?post=1787"}],"version-history":[{"count":7,"href":"https:\/\/www.humbel-gears.com\/de\/wp-json\/wp\/v2\/pages\/1787\/revisions"}],"predecessor-version":[{"id":2732,"href":"https:\/\/www.humbel-gears.com\/de\/wp-json\/wp\/v2\/pages\/1787\/revisions\/2732"}],"wp:attachment":[{"href":"https:\/\/www.humbel-gears.com\/de\/wp-json\/wp\/v2\/media?parent=1787"}],"curies":[{"name":"wp","href":"https:\/\/api.w.org\/{rel}","templated":true}]}}