{"id":1775,"date":"2026-02-05T12:08:30","date_gmt":"2026-02-05T12:08:30","guid":{"rendered":"https:\/\/www.humbel-gears.com\/sample-page\/"},"modified":"2026-04-07T05:57:43","modified_gmt":"2026-04-07T05:57:43","slug":"home","status":"publish","type":"page","link":"https:\/\/www.humbel-gears.com\/de\/","title":{"rendered":"Front page"},"content":{"rendered":"\n<div style=\"--hero-bg:#ffffffcc\" class=\"wp-block-humbel-hero-video-overlay alignfull\"><div class=\"hero-video-overlay-video\"><video src=\"https:\/\/www.humbel-gears.com\/wp-content\/uploads\/2026\/02\/Webseiten-Header_V11-1-1-1.mp4\" autoplay loop muted playsinline><\/video><\/div><div class=\"hero-video-overlay-content\">\n<h1 class=\"wp-block-heading has-blue-color has-text-color\">Innovative Antriebsl\u00f6sungen<\/h1>\n\n\n\n<p class=\"has-dark-warm-gray-color has-text-color\">Wir entwickeln und produzieren massgeschneiderte Verzahnungsl\u00f6sungen, von einzelnen Zahnr\u00e4dern bis zu kompletten Getrieben.<\/p>\n<\/div><\/div>\n\n\n\n<div class=\"wp-block-humbel-blocks-humbel-section alignfull\"><div class=\"wrap\">\n<p>Zuverl\u00e4ssigkeit, h\u00f6chste Qualit\u00e4t und innovative Technologie zeichnen uns als Familienunternehmen in der vierten Generation aus. Unsere \u00fcber 400 Mitarbeitenden engagieren sich t\u00e4glich, die Erwartungen unserer Kundschaft nicht nur zu erf\u00fcllen, sondern zu \u00fcbertreffen und sie in ihrer Entwicklung voranzubringen.<\/p>\n<\/div><\/div>\n\n\n\n<div class=\"wp-block-humbel-blocks-our-services our-services\" style=\"--our-services-columns:3\"><div class=\"our-services-header\"><h2 class=\"our-services-title\"><br>Unsere Dienstleistungen<\/h2><p class=\"our-services-subtitle\"><\/p><\/div><div class=\"wrap\">\n<div class=\"wp-block-humbel-blocks-our-service our-service\"><div class=\"our-service-image\"><img decoding=\"async\" src=\"https:\/\/www.humbel-gears.com\/wp-content\/uploads\/2026\/03\/99bda806f08b1129354ac05b361dee60a8602211.jpg\" alt=\"\"\/><\/div><div class=\"our-service-content\"><h2 class=\"our-service-title\">Systeml\u00f6sungen<\/h2><p class=\"our-service-description\">L\u00f6sungsorientiert und massgeschneidert<\/p><p class=\"our-service-link\"><a href=\"https:\/\/www.humbel-gears.com\/de\/dienstleistungen\/#system\" data-type=\"page\" data-id=\"11\">More link<\/a><\/p><\/div><\/div>\n\n\n\n<div class=\"wp-block-humbel-blocks-our-service our-service\"><div class=\"our-service-image\"><img decoding=\"async\" src=\"https:\/\/www.humbel-gears.com\/wp-content\/uploads\/2026\/03\/f46080b61492d75c892c8bcbd8eac7d5896ab1ba.jpg\" alt=\"\"\/><\/div><div class=\"our-service-content\"><h2 class=\"our-service-title\">Engineering<\/h2><p class=\"our-service-description\">Dem Stand der Technik immer einen Schritt voraus<\/p><p class=\"our-service-link\"><a href=\"https:\/\/www.humbel-gears.com\/de\/dienstleistungen\/#engineering\">More link<\/a><\/p><\/div><\/div>\n\n\n\n<div class=\"wp-block-humbel-blocks-our-service our-service\"><div class=\"our-service-image\"><img decoding=\"async\" src=\"https:\/\/www.humbel-gears.com\/wp-content\/uploads\/2026\/03\/20f1f70aff93c9ec88b7c97699f0080456e6bfcc.jpg\" alt=\"\"\/><\/div><div class=\"our-service-content\"><h2 class=\"our-service-title\">Prototyping &amp; Testing<\/h2><p class=\"our-service-description\">Wo Pr\u00e4zision und Schnelligkeit entscheidend sind<\/p><p class=\"our-service-link\"><a href=\"https:\/\/www.humbel-gears.com\/de\/dienstleistungen\/#prototyping\">More link<\/a><\/p><\/div><\/div>\n\n\n\n<div class=\"wp-block-humbel-blocks-our-service our-service\"><div class=\"our-service-image\"><img decoding=\"async\" src=\"https:\/\/www.humbel-gears.com\/wp-content\/uploads\/2026\/03\/ba4e9ec7916d92a3bdc075cc1db14c2fd7557681.jpg\" alt=\"\"\/><\/div><div class=\"our-service-content\"><h2 class=\"our-service-title\">Fertigung<\/h2><p class=\"our-service-description\">Qualit\u00e4t bis ins Detail<\/p><p class=\"our-service-link\"><a href=\"https:\/\/www.humbel-gears.com\/de\/dienstleistungen\/#production\">More link<\/a><\/p><\/div><\/div>\n\n\n\n<div class=\"wp-block-humbel-blocks-our-service our-service\"><div class=\"our-service-image\"><img decoding=\"async\" src=\"https:\/\/www.humbel-gears.com\/wp-content\/uploads\/2026\/03\/Novogear_Moods6175_OHNE-LOGO-1.webp\" alt=\"\"\/><\/div><div class=\"our-service-content\"><h2 class=\"our-service-title\">Montage<\/h2><p class=\"our-service-description\">Aus Einzelteilen wird mehr als ein Ganzes<\/p><p class=\"our-service-link\"><a href=\"https:\/\/www.humbel-gears.com\/de\/dienstleistungen\/#assembly\">More link<\/a><\/p><\/div><\/div>\n\n\n\n<div class=\"wp-block-humbel-blocks-our-service our-service\"><div class=\"our-service-image\"><img decoding=\"async\" src=\"https:\/\/www.humbel-gears.com\/wp-content\/uploads\/2026\/03\/5a30dd7dc5868c7b67fd78980f7e7802d53ffb5a.jpg\" alt=\"\"\/><\/div><div class=\"our-service-content\"><h2 class=\"our-service-title\">Getrieberevision &amp; Reparaturen<\/h2><p class=\"our-service-description\">Komplettrevisionen: Damit es l\u00e4uft bei Ihnen<\/p><p class=\"our-service-link\"><a href=\"https:\/\/www.humbel-gears.com\/de\/dienstleistungen\/#revision\">More link<\/a><\/p><\/div><\/div>\n<\/div><\/div>\n\n\n\n<div class=\"wp-block-humbel-blocks-industries\"><h2 class=\"industries-title\">Branchen<\/h2><div class=\"wrap\">\n<div class=\"wp-block-humbel-blocks-industry\"><div class=\"industry-visual\"><img decoding=\"async\" src=\"https:\/\/www.humbel-gears.com\/wp-content\/uploads\/2026\/02\/Humbel_Gears_Bahnindustrie.png\" alt=\"\"\/><\/div><div class=\"industry-details\"><p><a href=\"https:\/\/www.humbel-gears.com\/de\/branchen\/#rail\" data-type=\"page\" data-id=\"69\">Schienenfahrzeuge<\/a><\/p><\/div><\/div>\n\n\n\n<div class=\"wp-block-humbel-blocks-industry\"><div class=\"industry-visual\"><img decoding=\"async\" src=\"https:\/\/www.humbel-gears.com\/wp-content\/uploads\/2026\/02\/Humbel_Gears_Luft-un-Raumfahrtindustrie.png\" alt=\"\"\/><\/div><div class=\"industry-details\"><p><a href=\"https:\/\/www.humbel-gears.com\/de\/branchen\/\">Luft- &amp; Raumfahrt<\/a><\/p><\/div><\/div>\n\n\n\n<div class=\"wp-block-humbel-blocks-industry\"><div class=\"industry-visual\"><img decoding=\"async\" src=\"https:\/\/www.humbel-gears.com\/wp-content\/uploads\/2026\/02\/Humbel_Gears_Automobilsport.png\" alt=\"\"\/><\/div><div class=\"industry-details\"><p><a href=\"https:\/\/www.humbel-gears.com\/de\/branchen\/#motorsport\">Rennsport<\/a><\/p><\/div><\/div>\n\n\n\n<div class=\"wp-block-humbel-blocks-industry\"><div class=\"industry-visual\"><img decoding=\"async\" src=\"https:\/\/www.humbel-gears.com\/wp-content\/uploads\/2026\/02\/Humbel_Gears_Sicherheits_und_Wehrindustrie.png\" alt=\"\"\/><\/div><div class=\"industry-details\"><p><a href=\"https:\/\/www.humbel-gears.com\/de\/branchen\/#defence\" data-type=\"page\" data-id=\"69\">Wehrtechnik<\/a><\/p><\/div><\/div>\n\n\n\n<div class=\"wp-block-humbel-blocks-industry\"><div class=\"industry-visual\"><img decoding=\"async\" src=\"https:\/\/www.humbel-gears.com\/wp-content\/uploads\/2026\/02\/Humbel_Gears_Allgemeiner_Maschinenbau.png\" alt=\"\"\/><\/div><div class=\"industry-details\"><p><a href=\"https:\/\/www.humbel-gears.com\/de\/branchen\/#machinery\">Allgemeiner Maschinenbau<\/a><\/p><\/div><\/div>\n\n\n\n<div class=\"wp-block-humbel-blocks-industry\"><div class=\"industry-visual\"><img decoding=\"async\" src=\"https:\/\/www.humbel-gears.com\/wp-content\/uploads\/2026\/02\/Humbel_Gears_Automations_und_Robotersysteme.png\" alt=\"\"\/><\/div><div class=\"industry-details\"><p><a href=\"https:\/\/www.humbel-gears.com\/de\/branchen\/#automation\">Automations- und Robotersysteme<\/a><\/p><\/div><\/div>\n<\/div><div class=\"industries-button-wrapper\"><a href=\"https:\/\/www.humbel-gears.com\/de\/branchen\/\" class=\"industries-button\">Alle Branchen<\/a><\/div><\/div>\n\n\n\n<div class=\"wp-block-humbel-blocks-testimonials testimonials\"><div class=\"testimonials-header\"><h2 class=\"testimonials-title\">Das sagen unsere Kunden<\/h2><p class=\"testimonials-subtitle\">Vertrauen, Qualit\u00e4t und Partnerschaft \u2013 seit fast 100 Jahren.<\/p><\/div><div class=\"testimonials-slider-viewport\"><div class=\"testimonials-cards\" rel=\"testimonials-slider\">\n<div class=\"wp-block-humbel-blocks-testimonial testimonial\"><div class=\"testimonial-logo\"><img loading=\"lazy\" decoding=\"async\" src=\"https:\/\/www.humbel-gears.com\/wp-content\/uploads\/2026\/02\/porsche_logo_PNG9.png\" alt=\"\" width=\"320\" height=\"99\"\/><\/div><div class=\"testimonial-description\"><p>Vielen Dank f\u00fcr die aussergew\u00f6hnlich gute und erfolgreiche Zusammenarbeit mit Familie Humbel \u00fcber viele Jahre hinweg. Gemeinsam haben wir hochkomplexe Bauteile f\u00fcr den Porsche Motorsport entwickelt, stets gepr\u00e4gt von der Humbel-typischen Akribie, herausragender Expertise und innovativen Ideen. Unser gemeinsames Ziel war es, nicht nur auf der Rennstrecke, sondern auch im Bereich der Fertigungsl\u00f6sungen ganz oben auf dem Podest zu stehen. Besonders m\u00f6chte ich die flexible und unkomplizierte Herangehensweise hervorheben, insbesondere bei zeitkritischen oder hochkomplexen, extravaganten Bauteilen. Bei der Firma Humbel kommen Kompetenz, Leidenschaft und Erfolgswille zusammen. Eine Kombination, die uns gemeinsam zu Rennsiegen im Spitzensport verholfen hat.<\/p><\/div><div class=\"testimonial-author\"><p class=\"testimonial-author-name\">Lutz Wolkober<\/p><p class=\"testimonial-author-position\">Leiter Motorsport Antrieb und Konstruktion<\/p><p class=\"testimonial-author-company\">Porsche<\/p><\/div><\/div>\n\n\n\n<div class=\"wp-block-humbel-blocks-testimonial testimonial\"><div class=\"testimonial-logo\"><img decoding=\"async\" src=\"https:\/\/www.humbel-gears.com\/wp-content\/uploads\/2026\/03\/stadler.svg\" alt=\"\"\/><\/div><div class=\"testimonial-description\"><p>Dass ein \u00fcberwiegender Anteil aller Stadler-Z\u00fcge, die in den letzten 20 Jahren gebaut worden sind, mit Humbel-Teilen laufen, hat nicht nur mit der geographischen N\u00e4he der Firmen zu tun \u2013 man ist eine Viertelstunde voneinander entfernt. Die zwei Schweizer Unternehmen haben dieselben Gene und verfolgen \u00e4hnliche Ziele. Nur so war es m\u00f6glich, dass Humbel bei der Entwicklung von Stadler \u2013 eine Riesenleistung \u00fcbrigens, die nur durch ein H\u00f6chstmass an Innovation und Flexibilit\u00e4t m\u00f6glich ist \u2013 mithalten konnte. Humbel und Stadler \u2013 zwei Firmen auf rasanter Fahrt, die hoffentlich noch lange nicht zu Ende ist.<\/p><\/div><div class=\"testimonial-author\"><p class=\"testimonial-author-name\">Ren\u00e9 Frischknecht<\/p><p class=\"testimonial-author-position\">Bereichsleiter Beschaffung und Mitglied der Gesch\u00e4ftsleitung<\/p><p class=\"testimonial-author-company\">Stadler Bussnang AG<\/p><\/div><\/div>\n\n\n\n<div class=\"wp-block-humbel-blocks-testimonial testimonial\"><div class=\"testimonial-logo\"><img loading=\"lazy\" decoding=\"async\" src=\"https:\/\/www.humbel-gears.com\/wp-content\/uploads\/2026\/03\/netstal.svg\" alt=\"\" width=\"74\" height=\"32\"\/><\/div><div class=\"testimonial-description\"><p>Als langj\u00e4hriger Partner der Humbel-Gruppe m\u00f6chten wir von Netstal Maschinen unsere Wertsch\u00e4tzung f\u00fcr die Zusammenarbeit zum Ausdruck bringen. Gemeinsam haben wir innovative L\u00f6sungen im Engineering gefunden und erfolgreich umgesetzt, wobei die enge Zusammenarbeit mit dem Humbel-Team f\u00fcr uns von entscheidender Bedeutung war. Die Qualit\u00e4t der Produkte, die wir gemeinsam entwickelt haben, erf\u00fcllt unsere hohen Qualit\u00e4tsanspr\u00fcche vollst\u00e4ndig. Dar\u00fcber hinaus m\u00f6chten wir die Zuverl\u00e4ssigkeit der Humbel-Gruppe in der Abwicklung der Auftr\u00e4ge hervorheben. Termintreue und transparente Kommunikation sind f\u00fcr uns entscheidende Faktoren, und wir sch\u00e4tzen die professionelle Art und Weise, wie die Humbel-Gruppe ihre Verpflichtungen erf\u00fcllt. Es freut uns, mit einem Unternehmen wie der Humbel-Gruppe zusammenzuarbeiten.<\/p><\/div><div class=\"testimonial-author\"><p class=\"testimonial-author-name\">Renzo Davatz<\/p><p class=\"testimonial-author-position\">CEO<\/p><p class=\"testimonial-author-company\">Netstal Maschinen<\/p><\/div><\/div>\n<\/div><\/div><div class=\"testimonials-slider-navigation\"><button class=\"testimonials-arrow testimonials-arrow-prev\" aria-label=\"Previous\" type=\"button\"><i class=\"icon icon-chevron-right\"><\/i><\/button><div class=\"testimonials-dots\"><\/div><button class=\"testimonials-arrow testimonials-arrow-next\" aria-label=\"Next\" type=\"button\"><i class=\"icon icon-chevron-right\"><\/i><\/button><\/div><\/div>\n\n\n\n<div class=\"wp-block-humbel-blocks-news-stories-section\"><h2 class=\"news-stories-section-title\">News &amp; Stories<\/h2><div class=\"news-stories-section-content\">\n<div class=\"wp-block-humbel-blocks-news-stories-media-card news-stories-card\"><div class=\"news-stories-card-image\"><img decoding=\"async\" src=\"https:\/\/www.humbel-gears.com\/wp-content\/uploads\/2026\/02\/M20_1197_fine-1.jpg\" alt=\"\" class=\"news-stories-card-media\"\/><\/div><div class=\"news-stories-card-content\"><h2 class=\"news-stories-card-heading\">Insights aus der Welt der Antriebstechnik<\/h2><p class=\"news-stories-card-body\">Entdecken Sie, wie Humbel Pr\u00e4zisionsverzahnungen in unseren Fokusbranchen vorantreibt. In unseren News &amp; Stories finden Sie Projektberichte, Innovationen und Einblicke in den Alltag unserer Spezialisten.<\/p><div class=\"news-stories-card-button-wrapper\"><p><a href=\"https:\/\/www.humbel-gears.com\/de\/blog\/\" data-type=\"link\" data-id=\"https:\/\/www.humbel-gears.com\/blog\/\">Zu News &amp; Stories<\/a><\/p><\/div><\/div><\/div>\n<\/div><\/div>\n\n\n\n<div class=\"wp-block-humbel-blocks-humbel-section alignfull\"><div class=\"wrap\">\n<h2 class=\"wp-block-heading\">Karriere<\/h2>\n\n\n\n<div class=\"wp-block-humbel-blocks-careers careers-block-card\"><div class=\"careers-block-columns\"><div class=\"careers-block-column careers-block-column-left\"><img decoding=\"async\" src=\"https:\/\/www.humbel-gears.com\/wp-content\/uploads\/2026\/02\/Nr.-5-Mitarbeiter.jpg\" alt=\"\" class=\"careers-block-image\"\/><\/div><div class=\"careers-block-column careers-block-column-right\"><span class=\"careers-block-subtitle\">Karriere<\/span><h3 class=\"careers-block-heading\">Starte deine Karriere bei uns<\/h3><p class=\"careers-block-body\">Werde Teil einer starken Familie. Die Humbel Gruppe sucht nach Menschen wie dir, die zupacken, gerne Verantwortung \u00fcbernehmen und in einem dynamischen Team etwas bewegen m\u00f6chten.<\/p><p class=\"careers-block-link\"><a href=\"https:\/\/www.humbel-gears.com\/de\/karriere\/\" data-type=\"page\" data-id=\"19\">Mehr dazu<\/a><\/p><\/div><\/div><\/div>\n<\/div><\/div>\n\n\n\n<div class=\"wp-block-humbel-blocks-humbel-section alignfull\"><div class=\"wrap\">\n<h2 class=\"wp-block-heading\">Unsere Standorte<\/h2>\n\n\n\n<div class=\"wp-block-humbel-blocks-sites-section\"><div class=\"sites-section-inner\">\n<div class=\"wp-block-humbel-blocks-site\"><div class=\"site-card-block\"><div class=\"site-card-block-image\"><img decoding=\"async\" src=\"https:\/\/www.humbel-gears.com\/wp-content\/uploads\/2026\/02\/Humbel_Logo_BlauerHintergrund_RGB.jpg\" alt=\"\"\/><\/div><div class=\"site-card-block-content\"><h3 class=\"site-card-block-heading\">Humbel Schweiz<\/h3><p class=\"site-card-block-body\">Das Schweizer Traditionsunternehmen Humbel Zahnr\u00e4der mit Sitz in Kradolf ist Kompetenzzentrum im Bereich Forschung, Entwicklung und Fertigung innovativer Zahnradtechnologie und spielt in der Branche eine f\u00fchrende Rolle.<\/p><p class=\"site-card-block-link\"><a href=\"https:\/\/www.humbel-gears.com\/de\/ueber-uns\/humbel-schweiz\/\" data-type=\"page\" data-id=\"71\">Mehr dazu<\/a><\/p><\/div><\/div><\/div>\n\n\n\n<div class=\"wp-block-humbel-blocks-site\"><div class=\"site-card-block\"><div class=\"site-card-block-image\"><img decoding=\"async\" src=\"https:\/\/www.humbel-gears.com\/wp-content\/uploads\/2026\/02\/Novogear_Logo_BlauerHintergrund_RGB.jpg\" alt=\"\"\/><\/div><div class=\"site-card-block-content\"><h3 class=\"site-card-block-heading\">Novogear<\/h3><p class=\"site-card-block-body\">Novogear im tschechischen Fr\u00fddek-M\u00edstek ist das gr\u00f6sste Produktionswerk der Humbel-Gruppe. Es ist Kompetenzzentrum f\u00fcr gr\u00f6ssere Verzahnungskomponenten und die Montage von Antriebssystemen.<\/p><p class=\"site-card-block-link\"><a href=\"https:\/\/www.humbel-gears.com\/de\/ueber-uns\/novogear\/\" data-type=\"page\" data-id=\"73\">Mehr dazu<\/a><\/p><\/div><\/div><\/div>\n\n\n\n<div class=\"wp-block-humbel-blocks-site\"><div class=\"site-card-block\"><div class=\"site-card-block-image\"><img decoding=\"async\" src=\"https:\/\/www.humbel-gears.com\/wp-content\/uploads\/2026\/02\/HPT_Logo_BlauerHintergrund_RGB.jpg\" alt=\"\"\/><\/div><div class=\"site-card-block-content\"><h3 class=\"site-card-block-heading\">HPT Humbel<\/h3><p class=\"site-card-block-body\">HPT Humbel im rum\u00e4nischen Sebe\u0219 hat sich als Zulieferwerk von Humbel und Novogear etabliert, das kleinere bis mittelgrosse Zahnr\u00e4der effizient produziert. HPT Humbel beliefert auch direkt Kunden auf dem rum\u00e4nischen Markt.<\/p><p class=\"site-card-block-link\"><a href=\"https:\/\/www.humbel-gears.com\/de\/ueber-uns\/hpt-humbel\/\" data-type=\"page\" data-id=\"75\">Mehr dazu<\/a><\/p><\/div><\/div><\/div>\n<\/div><\/div>\n<\/div><\/div>\n\n\n\n<p><\/p>\n","protected":false},"excerpt":{"rendered":"","protected":false},"author":9,"featured_media":0,"parent":0,"menu_order":0,"comment_status":"closed","ping_status":"open","template":"","meta":{"inline_featured_image":false,"_genesis_hide_title":false,"_genesis_hide_breadcrumbs":false,"_genesis_hide_singular_image":false,"_genesis_hide_footer_widgets":false,"_genesis_custom_body_class":"","_genesis_custom_post_class":"","_genesis_layout":"","footnotes":""},"class_list":{"0":"post-1775","1":"page","2":"type-page","3":"status-publish","5":"entry","6":"has-post-thumbnail"},"_links":{"self":[{"href":"https:\/\/www.humbel-gears.com\/de\/wp-json\/wp\/v2\/pages\/1775","targetHints":{"allow":["GET"]}}],"collection":[{"href":"https:\/\/www.humbel-gears.com\/de\/wp-json\/wp\/v2\/pages"}],"about":[{"href":"https:\/\/www.humbel-gears.com\/de\/wp-json\/wp\/v2\/types\/page"}],"author":[{"embeddable":true,"href":"https:\/\/www.humbel-gears.com\/de\/wp-json\/wp\/v2\/users\/9"}],"replies":[{"embeddable":true,"href":"https:\/\/www.humbel-gears.com\/de\/wp-json\/wp\/v2\/comments?post=1775"}],"version-history":[{"count":44,"href":"https:\/\/www.humbel-gears.com\/de\/wp-json\/wp\/v2\/pages\/1775\/revisions"}],"predecessor-version":[{"id":2604,"href":"https:\/\/www.humbel-gears.com\/de\/wp-json\/wp\/v2\/pages\/1775\/revisions\/2604"}],"wp:attachment":[{"href":"https:\/\/www.humbel-gears.com\/de\/wp-json\/wp\/v2\/media?parent=1775"}],"curies":[{"name":"wp","href":"https:\/\/api.w.org\/{rel}","templated":true}]}}